{"id":8711,"date":"2025-11-26T13:45:40","date_gmt":"2025-11-26T13:45:40","guid":{"rendered":"https:\/\/fuelbois.com\/?post_type=product&#038;p=8711"},"modified":"2026-03-08T09:45:26","modified_gmt":"2026-03-08T09:45:26","slug":"poele-a-bois-preston-invicta-plus","status":"publish","type":"product","link":"https:\/\/www.buches-chaleor.com\/fr\/produit\/poele-a-bois-preston-invicta-plus\/","title":{"rendered":"Po\u00eale \u00e0 bois PRESTON - Invicta Plus"},"content":{"rendered":"<table class=\"table-data-sheet\" width=\"629\">\n<tbody>\n<tr class=\"odd\">\n<td>Fabricant<\/td>\n<td><b>:<\/b>\u00a0INVICTA<\/td>\n<\/tr>\n<tr class=\"even\">\n<td>Pays d\u2019origine<\/td>\n<td><b>:<\/b>\u00a0France<\/td>\n<\/tr>\n<tr class=\"odd\">\n<td>Style<\/td>\n<td><b>:<\/b>\u00a0Moderne<\/td>\n<\/tr>\n<tr class=\"even\">\n<td>Habillage<\/td>\n<td><b>:<\/b>\u00a0Fonte<\/td>\n<\/tr>\n<tr class=\"odd\">\n<td>Finition<\/td>\n<td><b>:<\/b>\u00a0Anthracite<\/td>\n<\/tr>\n<tr class=\"even\">\n<td>Structures<\/td>\n<td><b>:<\/b>\u00a0Convection naturelle<\/td>\n<\/tr>\n<tr class=\"odd\">\n<td>Combustible<\/td>\n<td><b>:<\/b>\u00a0Bois b\u00fbche<\/td>\n<\/tr>\n<tr class=\"even\">\n<td>Homologation<\/td>\n<td><b>:<\/b>\u00a0EN13240 \u2013 BlmSchV2<\/td>\n<\/tr>\n<tr class=\"odd\">\n<td>Label Flamme Verte<\/td>\n<td><b>:<\/b>\u00a07 \u00e9toiles<\/td>\n<\/tr>\n<tr class=\"even\">\n<td>Puissance nominale<\/td>\n<td><b>:<\/b>\u00a014 kW<\/td>\n<\/tr>\n<tr class=\"odd\">\n<td>Modulation de puissance<\/td>\n<td><b>:<\/b>\u00a09,5 \u00e0 21 kW<\/td>\n<\/tr>\n<tr class=\"even\">\n<td>Rendement<\/td>\n<td><b>:<\/b>\u00a075 %<\/td>\n<\/tr>\n<tr class=\"odd\">\n<td>Taux de CO\u00b2<\/td>\n<td><b>:<\/b>\u00a00,09 %<\/td>\n<\/tr>\n<tr class=\"even\">\n<td>Type de foyer<\/td>\n<td><b>:<\/b>\u00a0Ferm\u00e9<\/td>\n<\/tr>\n<tr class=\"odd\">\n<td>Type de chargement<\/td>\n<td><b>:<\/b>\u00a0En fa\u00e7ade<\/td>\n<\/tr>\n<tr class=\"even\">\n<td>Taille des b\u00fbches<\/td>\n<td><b>:<\/b>\u00a070 cm et +<\/td>\n<\/tr>\n<tr class=\"odd\">\n<td>Echappement des fum\u00e9es<\/td>\n<td><b>:<\/b>\u00a0Dessus ou arri\u00e8re<\/td>\n<\/tr>\n<tr class=\"even\">\n<td>Diam\u00e8tre de l\u2019\u00e9vacuation<\/td>\n<td><b>:<\/b>\u00a0180 mm<\/td>\n<\/tr>\n<tr class=\"odd\">\n<td>Syst\u00e8me vitre propre<\/td>\n<td><b>:<\/b>\u00a0Oui<\/td>\n<\/tr>\n<tr class=\"even\">\n<td>Combustion prolong\u00e9e<\/td>\n<td><b>:<\/b>\u00a0Huit heures<\/td>\n<\/tr>\n<tr class=\"odd\">\n<td>Surface chauff\u00e9e<\/td>\n<td><b>:<\/b>\u00a065 \u00e0 145 m\u00b2<\/td>\n<\/tr>\n<tr class=\"even\">\n<td>Volume chauff\u00e9<\/td>\n<td><b>:<\/b>\u00a0160 \u00e0 360 m\u00b3<\/td>\n<\/tr>\n<tr class=\"odd\">\n<td>Poids<\/td>\n<td><b>:<\/b>\u00a0179 kg<\/td>\n<\/tr>\n<tr class=\"even\">\n<td>Dimensions<\/td>\n<td><b>:<\/b>\u00a0H 636 x L 910 x P 468 mm<\/td>\n<\/tr>\n<tr class=\"odd\">\n<td>Garantie<\/td>\n<td><b>:<\/b>\u00a05 ans<\/td>\n<\/tr>\n<\/tbody>\n<\/table>","protected":false},"excerpt":{"rendered":"<p><strong><em><img decoding=\"async\" src=\"https:\/\/buches-hiver.com\/wp-content\/uploads\/2023\/04\/6-60x60.png\" \/><\/em><\/strong><span style=\"color: #ff0000;\"><em>Livraison standard. (5 \u00e0 7 jours) : 18\u2009\u20ac<\/em><\/span><br \/>\n<span style=\"color: #ff0000;\"><em>Livraison Express. (3 Jours) : 22\u2009\u20ac<\/em><\/span><\/p>\n<p>Affrontez le froid d\u2019hiver avec votre nouvel alli\u00e9 qu\u2019est le po\u00eale \u00e0 bois Invicta Preston. Au-del\u00e0 de son design tr\u00e8s contemporain qui illumine votre pi\u00e8ce, il est tr\u00e8s performant, tant au niveau \u00e9nerg\u00e9tique qu\u2019environnemental. Propos\u00e9 avec un banc en option, ce po\u00eale design vous assure une ambiance chaleureuse dans votre foyer.<\/p>","protected":false},"featured_media":9016,"comment_status":"closed","ping_status":"closed","template":"","meta":{"_acf_changed":false,"content-type":"","_monsterinsights_skip_tracking":false,"_monsterinsights_sitenote_active":false,"_monsterinsights_sitenote_note":"","_monsterinsights_sitenote_category":0},"pwb-brand":[],"product_brand":[65],"product_cat":[80],"product_tag":[33],"class_list":{"0":"post-8711","1":"product","2":"type-product","3":"status-publish","4":"has-post-thumbnail","6":"product_brand-invicta","7":"product_cat-poele-a-bois","8":"product_tag-ajoutez-880-00e-a-votre-panier-et-beneficiez-de-la-livraison-gratuite","10":"first","11":"instock","12":"sale","13":"taxable","14":"shipping-taxable","15":"purchasable","16":"product-type-simple"},"acf":[],"aioseo_notices":[],"brands":[],"_links":{"self":[{"href":"https:\/\/www.buches-chaleor.com\/fr\/wp-json\/wp\/v2\/product\/8711","targetHints":{"allow":["GET"]}}],"collection":[{"href":"https:\/\/www.buches-chaleor.com\/fr\/wp-json\/wp\/v2\/product"}],"about":[{"href":"https:\/\/www.buches-chaleor.com\/fr\/wp-json\/wp\/v2\/types\/product"}],"replies":[{"embeddable":true,"href":"https:\/\/www.buches-chaleor.com\/fr\/wp-json\/wp\/v2\/comments?post=8711"}],"wp:featuredmedia":[{"embeddable":true,"href":"https:\/\/www.buches-chaleor.com\/fr\/wp-json\/wp\/v2\/media\/9016"}],"wp:attachment":[{"href":"https:\/\/www.buches-chaleor.com\/fr\/wp-json\/wp\/v2\/media?parent=8711"}],"wp:term":[{"taxonomy":"pwb-brand","embeddable":true,"href":"https:\/\/www.buches-chaleor.com\/fr\/wp-json\/wp\/v2\/pwb-brand?post=8711"},{"taxonomy":"product_brand","embeddable":true,"href":"https:\/\/www.buches-chaleor.com\/fr\/wp-json\/wp\/v2\/product_brand?post=8711"},{"taxonomy":"product_cat","embeddable":true,"href":"https:\/\/www.buches-chaleor.com\/fr\/wp-json\/wp\/v2\/product_cat?post=8711"},{"taxonomy":"product_tag","embeddable":true,"href":"https:\/\/www.buches-chaleor.com\/fr\/wp-json\/wp\/v2\/product_tag?post=8711"}],"curies":[{"name":"wp","href":"https:\/\/api.w.org\/{rel}","templated":true}]}}