{"id":8511,"date":"2025-11-05T18:33:34","date_gmt":"2025-11-05T18:33:34","guid":{"rendered":"https:\/\/fuelbois.com\/?post_type=product&#038;p=8511"},"modified":"2026-03-13T06:15:28","modified_gmt":"2026-03-13T06:15:28","slug":"2-steres-de-bois-de-chauffage-sec","status":"publish","type":"product","link":"https:\/\/www.buches-chaleor.com\/fr\/produit\/2-steres-de-bois-de-chauffage-sec\/","title":{"rendered":"2 St\u00e8res de bois de chauffage sec"},"content":{"rendered":"<p>Fabriqu\u00e9s en France, s\u00e9ch\u00e9s, fendus et d\u00e9cortiqu\u00e9s, ils sont certifi\u00e9s NF. Ils ont l\u2019avantage d\u2019\u00eatre pratiques \u00e0 manipuler et faciles \u00e0 stocker gr\u00e2ce \u00e0 leur emballage en palette.<\/p>\n<p data-start=\"598\" data-end=\"940\">Notre st\u00e8re de bois de chauffage est compos\u00e9 de bois dur (ch\u00eane \/ h\u00eatre \/ charme selon disponibilit\u00e9), reconnu pour son excellent rendement calorifique et sa combustion lente. S\u00e9ch\u00e9 \u00e0 l\u2019air libre ou en s\u00e9choir, il garantit une chauffe efficace tout en r\u00e9duisant la formation de fum\u00e9e et de r\u00e9sidus dans votre foyer.<\/p>\n<p data-start=\"942\" data-end=\"1014\">Parfait pour les besoins ponctuels ou pour tester notre qualit\u00e9 premium.<\/p>\n<p data-start=\"1016\" data-end=\"1051\"><strong data-start=\"1016\" data-end=\"1049\">Caract\u00e9ristiques techniques :<\/strong><\/p>\n<ul data-start=\"1052\" data-end=\"1229\">\n<li data-start=\"1052\" data-end=\"1088\">\n<p data-start=\"1054\" data-end=\"1088\">Essence : Ch\u00eane \/ H\u00eatre \/ Charme<\/p>\n<\/li>\n<li data-start=\"1089\" data-end=\"1120\">\n<p data-start=\"1091\" data-end=\"1120\">Taux d\u2019humidit\u00e9 : <strong data-start=\"1109\" data-end=\"1118\">&lt; 20%<\/strong><\/p>\n<\/li>\n<li data-start=\"1121\" data-end=\"1179\">\n<p data-start=\"1123\" data-end=\"1179\">Longueurs disponibles : <strong data-start=\"1147\" data-end=\"1177\">25cm, 33cm, 40cm, 50cm, 1m<\/strong><\/p>\n<\/li>\n<li data-start=\"1180\" data-end=\"1229\">\n<p data-start=\"1182\" data-end=\"1229\">Conditionnement : En vrac, en caisse ou big bag<\/p>\n<\/li>\n<\/ul>\n<p data-start=\"1231\" data-end=\"1394\"><strong data-start=\"1231\" data-end=\"1246\">Avantages :<\/strong><br data-start=\"1246\" data-end=\"1249\" \/>\u2705 Bois dur = <strong data-start=\"1262\" data-end=\"1295\">haute performance calorifique<\/strong><br data-start=\"1295\" data-end=\"1298\" \/>\u2705 Sec = <strong data-start=\"1306\" data-end=\"1345\">allumage facile + combustion propre<\/strong><br data-start=\"1345\" data-end=\"1348\" \/>\u2705 S\u00e9lection rigoureuse = <strong data-start=\"1373\" data-end=\"1394\">qualit\u00e9 constante<\/strong><\/p>\n<blockquote data-start=\"1418\" data-end=\"1501\">\n<p data-start=\"1420\" data-end=\"1501\">Commandez maintenant et profitez d\u2019une chaleur naturelle, durable et confortable.<\/p>\n<\/blockquote>","protected":false},"excerpt":{"rendered":"<p><strong data-start=\"294\" data-end=\"308\"><em><img decoding=\"async\" src=\"https:\/\/buches-hiver.com\/wp-content\/uploads\/2023\/04\/6-60x60.png\" \/><\/em><span style=\"color: #ff0000;\"><em>Livraison standard. (5 \u00e0 7 jours) : 18\u2009\u20ac<\/em><\/span><br \/>\n<span style=\"color: #ff0000;\"><em>Livraison Express. (3 Jours) : 22\u2009\u20ac<\/em><\/span><\/strong><\/p>\n<p><strong>Bois pr\u00eat \u00e0 l\u2019emploi, s\u00e9ch\u00e9, id\u00e9al pour po\u00eales, chemin\u00e9es, inserts et autres.<\/strong><\/p>\n<p>\ud83d\udd25 <strong data-start=\"174\" data-end=\"185\">Essence<\/strong> : Bois dur (ch\u00eane \/ h\u00eatre \/ charme selon disponibilit\u00e9)<br data-start=\"241\" data-end=\"244\" \/>\ud83c\udf31 <strong data-start=\"247\" data-end=\"258\">Origine<\/strong> : For\u00eats fran\u00e7aises g\u00e9r\u00e9es durablement<br data-start=\"297\" data-end=\"300\" \/>\ud83d\udca7 <strong data-start=\"303\" data-end=\"322\">Taux d\u2019humidit\u00e9<\/strong> : &lt; 20% (id\u00e9al pour insert, po\u00eale, chemin\u00e9e, chaudi\u00e8re)<br data-start=\"445\" data-end=\"448\" \/>\ud83d\ude9a <strong data-start=\"451\" data-end=\"481\">Livraison rapide &amp; soign\u00e9e<\/strong> | Paiement s\u00e9curis\u00e9 | Stock permanent<\/p>\n<p>\u2702\ufe0f <strong data-start=\"384\" data-end=\"407\">Tailles disponibles<\/strong> : <strong data-start=\"410\" data-end=\"445\">25 cm, 33 cm, 40 cm, 50 cm, 1 m<\/strong><\/p>","protected":false},"featured_media":9482,"comment_status":"closed","ping_status":"closed","template":"","meta":{"_acf_changed":false,"content-type":"","_monsterinsights_skip_tracking":false,"_monsterinsights_sitenote_active":false,"_monsterinsights_sitenote_note":"","_monsterinsights_sitenote_category":0},"pwb-brand":[],"product_brand":[],"product_cat":[39,79,95],"product_tag":[33],"class_list":{"0":"post-8511","1":"product","2":"type-product","3":"status-publish","4":"has-post-thumbnail","6":"product_cat-bois-de-chauffage","7":"product_cat-pellets-granules-de-bois","8":"product_cat-stere-pro","9":"product_tag-ajoutez-880-00e-a-votre-panier-et-beneficiez-de-la-livraison-gratuite","11":"first","12":"instock","13":"sale","14":"taxable","15":"shipping-taxable","16":"purchasable","17":"product-type-variable"},"acf":[],"aioseo_notices":[],"brands":[],"_links":{"self":[{"href":"https:\/\/www.buches-chaleor.com\/fr\/wp-json\/wp\/v2\/product\/8511","targetHints":{"allow":["GET"]}}],"collection":[{"href":"https:\/\/www.buches-chaleor.com\/fr\/wp-json\/wp\/v2\/product"}],"about":[{"href":"https:\/\/www.buches-chaleor.com\/fr\/wp-json\/wp\/v2\/types\/product"}],"replies":[{"embeddable":true,"href":"https:\/\/www.buches-chaleor.com\/fr\/wp-json\/wp\/v2\/comments?post=8511"}],"wp:featuredmedia":[{"embeddable":true,"href":"https:\/\/www.buches-chaleor.com\/fr\/wp-json\/wp\/v2\/media\/9482"}],"wp:attachment":[{"href":"https:\/\/www.buches-chaleor.com\/fr\/wp-json\/wp\/v2\/media?parent=8511"}],"wp:term":[{"taxonomy":"pwb-brand","embeddable":true,"href":"https:\/\/www.buches-chaleor.com\/fr\/wp-json\/wp\/v2\/pwb-brand?post=8511"},{"taxonomy":"product_brand","embeddable":true,"href":"https:\/\/www.buches-chaleor.com\/fr\/wp-json\/wp\/v2\/product_brand?post=8511"},{"taxonomy":"product_cat","embeddable":true,"href":"https:\/\/www.buches-chaleor.com\/fr\/wp-json\/wp\/v2\/product_cat?post=8511"},{"taxonomy":"product_tag","embeddable":true,"href":"https:\/\/www.buches-chaleor.com\/fr\/wp-json\/wp\/v2\/product_tag?post=8511"}],"curies":[{"name":"wp","href":"https:\/\/api.w.org\/{rel}","templated":true}]}}