{"id":8201,"date":"2025-10-29T20:46:28","date_gmt":"2025-10-29T20:46:28","guid":{"rendered":"https:\/\/fuelbois.com\/?post_type=product&#038;p=8201"},"modified":"2026-04-19T04:13:01","modified_gmt":"2026-04-19T04:13:01","slug":"palette-buches-densifiees","status":"publish","type":"product","link":"https:\/\/www.buches-chaleor.com\/fr\/produit\/palette-buches-densifiees\/","title":{"rendered":"Palette b\u00fbches densifi\u00e9es"},"content":{"rendered":"<p><strong>\u00c9nergie renouvelable, b\u00fbches 100 % naturelles<\/strong><\/p>\n<p>Les b\u00fbches sont certi\ufb01\u00e9es 100 % naturelles. Elles sont\u00a0fabriqu\u00e9es \u00e0 partir des sciures et des copeaux de bois non trait\u00e9, issus du\u00a0recyclage des produits connexes des scieries et des industries du bois. Elles\u00a0sont compact\u00e9es \u00e0 haute pression.<\/p>\n<p><strong>Confort d\u2019utilisation<\/strong><\/p>\n<p>Le stockage et la manipulation des b\u00fbches se fait\u00a0facilement et proprement, sans poussi\u00e8re ni r\u00e9sidu. Elles sont 4 fois moins\u00a0encombrantes que du bois de chauffage traditionnel et ont une capacit\u00e9\u00a0\u00e9nerg\u00e9tique 3 fois sup\u00e9rieure.<\/p>\n<p><strong>Qualit\u00e9 certi\ufb01\u00e9e en Laboratoire<\/strong><\/p>\n<p>Les b\u00fbches sont r\u00e9guli\u00e8rement test\u00e9es\u00a0par le laboratoire CERIC. Leur haut niveau de qualit\u00e9, r\u00e9guli\u00e8rement contr\u00f4l\u00e9,\u00a0garantit une combustion id\u00e9ale et une chaleur confortable. Leur utilisation\u00a0optimise la rentabilit\u00e9 des appareils de chauffage et favorise leur p\u00e9rennit\u00e9.<\/p>\n<p>1 b\u00fbche densi\ufb01\u00e9e suf\ufb01t!<\/p>","protected":false},"excerpt":{"rendered":"<p><span style=\"color: #ff0000;\"><strong><em><img decoding=\"async\" src=\"https:\/\/buches-hiver.com\/wp-content\/uploads\/2023\/04\/6-60x60.png\" \/><\/em><\/strong><strong><em>Livraison standard. (5 \u00e0 7 jours) : 18\u2009\u20ac<\/em><\/strong><\/span><br \/>\n<span style=\"color: #ff0000;\"><strong><em>Livraison Express. (3 Jours) : 22\u2009\u20ac<\/em><\/strong><\/span><\/p>\n<div class=\"elementor-element elementor-element-f213c2f wd-single-short-desc text-left elementor-widget elementor-widget-wd_single_product_short_description\" data-id=\"f213c2f\" data-element_type=\"widget\" data-widget_type=\"wd_single_product_short_description.default\">\n<div class=\"elementor-widget-container\">\n<div class=\"woocommerce-product-details__short-description\">\n<div class=\"woocommerce-product-details__short-description\">\n<ul>\n<li>Palette 100 x 120,\u00a072 sacs\/palette.\u00a0Sacs de 12 Kg \ufb01lm\u00e9s\u00a0pour une manutention facilit\u00e9e<\/li>\n<li>Environ 1h30 de combustion par b\u00fbche Issu d\u2019un processus\u00a0industriel de qualit\u00e9\u00a0con\u00e7u pour optimiser\u00a0le rendement de\u00a0votre appareil<\/li>\n<\/ul>\n<\/div>\n<\/div>\n<\/div>\n<\/div>\n<div class=\"wd-negative-gap elementor-element elementor-element-2444467 e-flex e-con-boxed e-con e-child\" data-id=\"2444467\" data-element_type=\"container\">\n<div class=\"e-con-inner\">\n<div class=\"elementor-element elementor-element-5e38082 elementor-widget__width-auto wd-single-price text-left elementor-widget elementor-widget-wd_single_product_price\" data-id=\"5e38082\" data-element_type=\"widget\" data-widget_type=\"wd_single_product_price.default\">\n<div class=\"elementor-widget-container\"><\/div>\n<\/div>\n<\/div>\n<\/div>","protected":false},"featured_media":8995,"comment_status":"open","ping_status":"closed","template":"","meta":{"_acf_changed":false,"content-type":"","_monsterinsights_skip_tracking":false,"_monsterinsights_sitenote_active":false,"_monsterinsights_sitenote_note":"","_monsterinsights_sitenote_category":0},"pwb-brand":[],"product_brand":[],"product_cat":[40],"product_tag":[33],"class_list":{"0":"post-8201","1":"product","2":"type-product","3":"status-publish","4":"has-post-thumbnail","6":"product_cat-bois-densifie-buches-compressees","7":"product_tag-ajoutez-880-00e-a-votre-panier-et-beneficiez-de-la-livraison-gratuite","9":"first","10":"instock","11":"taxable","12":"shipping-taxable","13":"purchasable","14":"product-type-simple"},"acf":[],"aioseo_notices":[],"brands":[],"_links":{"self":[{"href":"https:\/\/www.buches-chaleor.com\/fr\/wp-json\/wp\/v2\/product\/8201","targetHints":{"allow":["GET"]}}],"collection":[{"href":"https:\/\/www.buches-chaleor.com\/fr\/wp-json\/wp\/v2\/product"}],"about":[{"href":"https:\/\/www.buches-chaleor.com\/fr\/wp-json\/wp\/v2\/types\/product"}],"replies":[{"embeddable":true,"href":"https:\/\/www.buches-chaleor.com\/fr\/wp-json\/wp\/v2\/comments?post=8201"}],"wp:featuredmedia":[{"embeddable":true,"href":"https:\/\/www.buches-chaleor.com\/fr\/wp-json\/wp\/v2\/media\/8995"}],"wp:attachment":[{"href":"https:\/\/www.buches-chaleor.com\/fr\/wp-json\/wp\/v2\/media?parent=8201"}],"wp:term":[{"taxonomy":"pwb-brand","embeddable":true,"href":"https:\/\/www.buches-chaleor.com\/fr\/wp-json\/wp\/v2\/pwb-brand?post=8201"},{"taxonomy":"product_brand","embeddable":true,"href":"https:\/\/www.buches-chaleor.com\/fr\/wp-json\/wp\/v2\/product_brand?post=8201"},{"taxonomy":"product_cat","embeddable":true,"href":"https:\/\/www.buches-chaleor.com\/fr\/wp-json\/wp\/v2\/product_cat?post=8201"},{"taxonomy":"product_tag","embeddable":true,"href":"https:\/\/www.buches-chaleor.com\/fr\/wp-json\/wp\/v2\/product_tag?post=8201"}],"curies":[{"name":"wp","href":"https:\/\/api.w.org\/{rel}","templated":true}]}}