{"id":8198,"date":"2025-10-29T20:43:05","date_gmt":"2025-10-29T20:43:05","guid":{"rendered":"https:\/\/fuelbois.com\/?post_type=product&#038;p=8198"},"modified":"2026-03-08T08:28:51","modified_gmt":"2026-03-08T08:28:51","slug":"palette-bois-compresse-longue-duree-6-a-8h-de-braises","status":"publish","type":"product","link":"https:\/\/www.buches-chaleor.com\/fr\/produit\/palette-bois-compresse-longue-duree-6-a-8h-de-braises\/","title":{"rendered":"Palette BOIS COMPRESS\u00c9 LONGUE DUR\u00c9E \u2013 6 \u00e0 8h de braises"},"content":{"rendered":"<p class=\"o_default_snippet_text\">100% Naturel 100% bois\u00a0issu\u00a0de for\u00eats g\u00e9r\u00e9es durablement.<\/p>\n<p>Les briquettes compress\u00e9es pour la NUIT sont issues de la revalorisation de copeaux, de sciures et d\u2019\u00e9corces non trait\u00e9s. Cette\u00a0m\u00e9thode de fabrication\u00a0permet de b\u00e9n\u00e9ficier d\u2019une mati\u00e8re tr\u00e8s s\u00e8che tout \u00e9vitant la coupe d\u2019arbres.<\/p>\n<h3>6 \u00e0 8h de braises<\/h3>\n<p>Les briquettes d\u2019\u00e9corces de bois compress\u00e9 forment un pav\u00e9 de braises qui produit une chaleur douce et durable.<\/p>\n<p>Ces briquettes sont \u00e0 utiliser pendant votre absence ou la nuit comme un parfait compl\u00e9ment aux b\u00fbches cylindriques de bois compress\u00e9.<\/p>\n<p>Vous pouvez \u00e9galement les utiliser en compl\u00e9ment des b\u00fbches de bois de coupe.<\/p>","protected":false},"excerpt":{"rendered":"<p><span style=\"color: #ff0000;\"><strong><em><img decoding=\"async\" src=\"https:\/\/buches-hiver.com\/wp-content\/uploads\/2023\/04\/6-60x60.png\" \/><\/em><\/strong><strong><em>Livraison standard. (5 \u00e0 7 jours) : 18\u2009\u20ac<\/em><\/strong><\/span><br \/>\n<span style=\"color: #ff0000;\"><strong><em>Livraison Express. (3 Jours) : 22\u2009\u20ac<\/em><\/strong><\/span><\/p>\n<p class=\"o_default_snippet_text\">100% Naturel 100% bois\u00a0issu\u00a0de for\u00eats g\u00e9r\u00e9es durablement.<\/p>\n<p>Les briquettes compress\u00e9es pour la NUIT sont issues de la revalorisation de copeaux, de sciures et d\u2019\u00e9corces non trait\u00e9s. Cette\u00a0m\u00e9thode de fabrication\u00a0permet de b\u00e9n\u00e9ficier d\u2019une mati\u00e8re tr\u00e8s s\u00e8che tout \u00e9vitant la coupe d\u2019arbres.<\/p>","protected":false},"featured_media":8994,"comment_status":"open","ping_status":"closed","template":"","meta":{"_acf_changed":false,"content-type":"","_monsterinsights_skip_tracking":false,"_monsterinsights_sitenote_active":false,"_monsterinsights_sitenote_note":"","_monsterinsights_sitenote_category":0},"pwb-brand":[],"product_brand":[],"product_cat":[40],"product_tag":[33],"class_list":{"0":"post-8198","1":"product","2":"type-product","3":"status-publish","4":"has-post-thumbnail","6":"product_cat-bois-densifie-buches-compressees","7":"product_tag-ajoutez-880-00e-a-votre-panier-et-beneficiez-de-la-livraison-gratuite","9":"first","10":"instock","11":"taxable","12":"shipping-taxable","13":"purchasable","14":"product-type-simple"},"acf":[],"aioseo_notices":[],"brands":[],"_links":{"self":[{"href":"https:\/\/www.buches-chaleor.com\/fr\/wp-json\/wp\/v2\/product\/8198","targetHints":{"allow":["GET"]}}],"collection":[{"href":"https:\/\/www.buches-chaleor.com\/fr\/wp-json\/wp\/v2\/product"}],"about":[{"href":"https:\/\/www.buches-chaleor.com\/fr\/wp-json\/wp\/v2\/types\/product"}],"replies":[{"embeddable":true,"href":"https:\/\/www.buches-chaleor.com\/fr\/wp-json\/wp\/v2\/comments?post=8198"}],"wp:featuredmedia":[{"embeddable":true,"href":"https:\/\/www.buches-chaleor.com\/fr\/wp-json\/wp\/v2\/media\/8994"}],"wp:attachment":[{"href":"https:\/\/www.buches-chaleor.com\/fr\/wp-json\/wp\/v2\/media?parent=8198"}],"wp:term":[{"taxonomy":"pwb-brand","embeddable":true,"href":"https:\/\/www.buches-chaleor.com\/fr\/wp-json\/wp\/v2\/pwb-brand?post=8198"},{"taxonomy":"product_brand","embeddable":true,"href":"https:\/\/www.buches-chaleor.com\/fr\/wp-json\/wp\/v2\/product_brand?post=8198"},{"taxonomy":"product_cat","embeddable":true,"href":"https:\/\/www.buches-chaleor.com\/fr\/wp-json\/wp\/v2\/product_cat?post=8198"},{"taxonomy":"product_tag","embeddable":true,"href":"https:\/\/www.buches-chaleor.com\/fr\/wp-json\/wp\/v2\/product_tag?post=8198"}],"curies":[{"name":"wp","href":"https:\/\/api.w.org\/{rel}","templated":true}]}}