{"id":8179,"date":"2025-10-29T20:48:58","date_gmt":"2025-10-29T20:48:58","guid":{"rendered":"https:\/\/fuelbois.com\/?post_type=product&#038;p=8179"},"modified":"2026-03-08T08:32:30","modified_gmt":"2026-03-08T08:32:30","slug":"sac-8-buches-densifiees","status":"publish","type":"product","link":"https:\/\/www.buches-chaleor.com\/fr\/produit\/sac-8-buches-densifiees\/","title":{"rendered":"Sac 8 b\u00fbches densifi\u00e9es"},"content":{"rendered":"<p><strong>\u00c9nergie renouvelable, b\u00fbches 100 % naturelles<\/strong><\/p>\n<p>Les b\u00fbches sont certi\ufb01\u00e9es 100 % naturelles. Elles sont\u00a0fabriqu\u00e9es \u00e0 partir des sciures et des copeaux de bois non trait\u00e9, issus du\u00a0recyclage des produits connexes des scieries et des industries du bois. Elles\u00a0sont compact\u00e9es \u00e0 haute pression.<\/p>\n<p><strong>Confort d\u2019utilisation<\/strong><\/p>\n<p>Le stockage et la manipulation des b\u00fbches se fait\u00a0facilement et proprement, sans poussi\u00e8re ni r\u00e9sidu. Elles sont 4 fois moins\u00a0encombrantes que du bois de chauffage traditionnel et ont une capacit\u00e9\u00a0\u00e9nerg\u00e9tique 3 fois sup\u00e9rieure.<\/p>\n<p><strong>Qualit\u00e9 certi\ufb01\u00e9e en Laboratoire<\/strong><\/p>\n<p>Les b\u00fbches sont r\u00e9guli\u00e8rement test\u00e9es\u00a0par le laboratoire CERIC. Leur haut niveau de qualit\u00e9, r\u00e9guli\u00e8rement contr\u00f4l\u00e9,\u00a0garantit une combustion id\u00e9ale et une chaleur confortable. Leur utilisation\u00a0optimise la rentabilit\u00e9 des appareils de chauffage et favorise leur p\u00e9rennit\u00e9.<\/p>","protected":false},"excerpt":{"rendered":"<p><span style=\"color: #ff0000;\"><strong><em><img decoding=\"async\" src=\"https:\/\/buches-hiver.com\/wp-content\/uploads\/2023\/04\/6-60x60.png\" \/><\/em><\/strong><strong><em>Livraison standard. (5 \u00e0 7 jours) : 18\u2009\u20ac<\/em><\/strong><\/span><br \/>\n<span style=\"color: #ff0000;\"><strong><em>Livraison Express. (3 Jours) : 22\u2009\u20ac<\/em><\/strong><\/span><\/p>\n<p>8 b\u00fbches densifi\u00e9es sac de 12kg. Environ 1h30 de combustion par b\u00fbche Issu d\u2019un processus\u00a0industriel de qualit\u00e9\u00a0con\u00e7u pour optimiser\u00a0le rendement de\u00a0votre appareil<\/p>","protected":false},"featured_media":8997,"comment_status":"open","ping_status":"closed","template":"","meta":{"_acf_changed":false,"content-type":"","_monsterinsights_skip_tracking":false,"_monsterinsights_sitenote_active":false,"_monsterinsights_sitenote_note":"","_monsterinsights_sitenote_category":0},"pwb-brand":[],"product_brand":[],"product_cat":[40],"product_tag":[33],"class_list":{"0":"post-8179","1":"product","2":"type-product","3":"status-publish","4":"has-post-thumbnail","6":"product_cat-bois-densifie-buches-compressees","7":"product_tag-ajoutez-880-00e-a-votre-panier-et-beneficiez-de-la-livraison-gratuite","9":"first","10":"instock","11":"taxable","12":"shipping-taxable","13":"purchasable","14":"product-type-simple"},"acf":[],"aioseo_notices":[],"brands":[],"_links":{"self":[{"href":"https:\/\/www.buches-chaleor.com\/fr\/wp-json\/wp\/v2\/product\/8179","targetHints":{"allow":["GET"]}}],"collection":[{"href":"https:\/\/www.buches-chaleor.com\/fr\/wp-json\/wp\/v2\/product"}],"about":[{"href":"https:\/\/www.buches-chaleor.com\/fr\/wp-json\/wp\/v2\/types\/product"}],"replies":[{"embeddable":true,"href":"https:\/\/www.buches-chaleor.com\/fr\/wp-json\/wp\/v2\/comments?post=8179"}],"wp:featuredmedia":[{"embeddable":true,"href":"https:\/\/www.buches-chaleor.com\/fr\/wp-json\/wp\/v2\/media\/8997"}],"wp:attachment":[{"href":"https:\/\/www.buches-chaleor.com\/fr\/wp-json\/wp\/v2\/media?parent=8179"}],"wp:term":[{"taxonomy":"pwb-brand","embeddable":true,"href":"https:\/\/www.buches-chaleor.com\/fr\/wp-json\/wp\/v2\/pwb-brand?post=8179"},{"taxonomy":"product_brand","embeddable":true,"href":"https:\/\/www.buches-chaleor.com\/fr\/wp-json\/wp\/v2\/product_brand?post=8179"},{"taxonomy":"product_cat","embeddable":true,"href":"https:\/\/www.buches-chaleor.com\/fr\/wp-json\/wp\/v2\/product_cat?post=8179"},{"taxonomy":"product_tag","embeddable":true,"href":"https:\/\/www.buches-chaleor.com\/fr\/wp-json\/wp\/v2\/product_tag?post=8179"}],"curies":[{"name":"wp","href":"https:\/\/api.w.org\/{rel}","templated":true}]}}