{"id":8176,"date":"2025-10-29T19:52:07","date_gmt":"2025-10-29T19:52:07","guid":{"rendered":"https:\/\/fuelbois.com\/?post_type=product&#038;p=8176"},"modified":"2026-03-08T08:20:18","modified_gmt":"2026-03-08T08:20:18","slug":"buches-densifiees-longue-duree-palette-1008kg","status":"publish","type":"product","link":"https:\/\/www.buches-chaleor.com\/fr\/produit\/buches-densifiees-longue-duree-palette-1008kg\/","title":{"rendered":"B\u00fbches densifi\u00e9es longue dur\u00e9e \u2013 palette 1008kg"},"content":{"rendered":"<p>Les b\u00fbches de bois compress\u00e9es sont produites uniquement \u00e0 partir de sciures et de copeaux forestiers non trait\u00e9s, simplement s\u00e9ch\u00e9s, chauff\u00e9s et compact\u00e9s.\u00a0Cela lui permet de gagner en compacit\u00e9 et de garantir un taux d\u2019humidit\u00e9 id\u00e9al pour chauffer et d\u00e9gager un maximum de chaleur.<\/p>\n<p>La densit\u00e9 du produit est ainsi sup\u00e9rieure \u00e0 1 000 kg par m3, soit 2,5 fois sup\u00e9rieure \u00e0 celle du bois traditionnel.\u00a0Cela facilite le stockage, m\u00eame s\u2019il n\u2019est pas possible de le stocker \u00e0 l\u2019ext\u00e9rieur.<\/p>\n<p>Les palettes sont livr\u00e9es au lieu de stockage \u00e0 l\u2019aide de nos chariots motoris\u00e9s.<\/p>\n<p>Les b\u00fbches 100 % bois dur mesurent 75 mm de diam\u00e8tre et +\/- 280 mm de longueur, ce qui les rend adapt\u00e9es \u00e0 tous les appareils de chauffage.\u00a0Chaque colis contient 5 b\u00fbches de 1,5 kg ou 7,5 kg.<\/p>\n<p>Longueur : +\/- 28 cm<\/p>\n<p>Diam\u00e8tre: 75mm<\/p>\n<p>Humidit\u00e9 &lt;10%<\/p>\n<p>Densit\u00e9 &gt; 1000kg\/m3<\/p>\n<p>PCI brut &gt;4 500 kWh\/T<\/p>\n<p>Taux de cendres &lt; 4%<\/p>\n<p>Hauteur 70 mm<br \/>\nPoids 1,5 kg par tronc\/1008 kg\/pal<br \/>\nLongueur 28 cm<br \/>\nPouvoir calorifique 4,6 kWh.kg-1 \u2264 PCI \u2264 5 kWh.kg-1<br \/>\nFormat 168 sacs de 6 kg<\/p>\n<p>Palette de 168 sacs de 6kg.\u00a04 b\u00fbches par sac<\/p>","protected":false},"excerpt":{"rendered":"<p><span style=\"color: #ff0000;\"><strong><em><img decoding=\"async\" src=\"https:\/\/buches-hiver.com\/wp-content\/uploads\/2023\/04\/6-60x60.png\" \/><\/em><\/strong><strong><em>Livraison standard. (5 \u00e0 7 jours) : 18\u2009\u20ac<\/em><\/strong><\/span><br \/>\n<span style=\"color: #ff0000;\"><strong><em>Livraison Express. (3 Jours) : 22\u2009\u20ac<\/em><\/strong><\/span><\/p>\n<p>&nbsp;<\/p>","protected":false},"featured_media":8991,"comment_status":"open","ping_status":"closed","template":"","meta":{"_acf_changed":false,"content-type":"","_monsterinsights_skip_tracking":false,"_monsterinsights_sitenote_active":false,"_monsterinsights_sitenote_note":"","_monsterinsights_sitenote_category":0},"pwb-brand":[],"product_brand":[],"product_cat":[40],"product_tag":[33],"class_list":{"0":"post-8176","1":"product","2":"type-product","3":"status-publish","4":"has-post-thumbnail","6":"product_cat-bois-densifie-buches-compressees","7":"product_tag-ajoutez-880-00e-a-votre-panier-et-beneficiez-de-la-livraison-gratuite","9":"first","10":"instock","11":"taxable","12":"shipping-taxable","13":"purchasable","14":"product-type-simple"},"acf":[],"aioseo_notices":[],"brands":[],"_links":{"self":[{"href":"https:\/\/www.buches-chaleor.com\/fr\/wp-json\/wp\/v2\/product\/8176","targetHints":{"allow":["GET"]}}],"collection":[{"href":"https:\/\/www.buches-chaleor.com\/fr\/wp-json\/wp\/v2\/product"}],"about":[{"href":"https:\/\/www.buches-chaleor.com\/fr\/wp-json\/wp\/v2\/types\/product"}],"replies":[{"embeddable":true,"href":"https:\/\/www.buches-chaleor.com\/fr\/wp-json\/wp\/v2\/comments?post=8176"}],"wp:featuredmedia":[{"embeddable":true,"href":"https:\/\/www.buches-chaleor.com\/fr\/wp-json\/wp\/v2\/media\/8991"}],"wp:attachment":[{"href":"https:\/\/www.buches-chaleor.com\/fr\/wp-json\/wp\/v2\/media?parent=8176"}],"wp:term":[{"taxonomy":"pwb-brand","embeddable":true,"href":"https:\/\/www.buches-chaleor.com\/fr\/wp-json\/wp\/v2\/pwb-brand?post=8176"},{"taxonomy":"product_brand","embeddable":true,"href":"https:\/\/www.buches-chaleor.com\/fr\/wp-json\/wp\/v2\/product_brand?post=8176"},{"taxonomy":"product_cat","embeddable":true,"href":"https:\/\/www.buches-chaleor.com\/fr\/wp-json\/wp\/v2\/product_cat?post=8176"},{"taxonomy":"product_tag","embeddable":true,"href":"https:\/\/www.buches-chaleor.com\/fr\/wp-json\/wp\/v2\/product_tag?post=8176"}],"curies":[{"name":"wp","href":"https:\/\/api.w.org\/{rel}","templated":true}]}}