{"id":8175,"date":"2025-10-29T19:49:00","date_gmt":"2025-10-29T19:49:00","guid":{"rendered":"https:\/\/fuelbois.com\/?post_type=product&#038;p=8175"},"modified":"2026-03-08T08:19:14","modified_gmt":"2026-03-08T08:19:14","slug":"buches-densifiees-de-nuit-bois-compresse-longue-duree","status":"publish","type":"product","link":"https:\/\/www.buches-chaleor.com\/fr\/produit\/buches-densifiees-de-nuit-bois-compresse-longue-duree\/","title":{"rendered":"B\u00fbches densifi\u00e9es de Nuit \u2013 Bois compress\u00e9 longue dur\u00e9e"},"content":{"rendered":"<h3 class=\"text-center mb32\">Caract\u00e9ristiques de B\u00fbche densifi\u00e9e de Nuit \u2013 Bois compress\u00e9 longue dur\u00e9e<\/h3>\n<div class=\"row\">\n<div id=\"product_specifications\" class=\"col-lg-8 offset-lg-2\">\n<table class=\"table table-striped table-sm table-hover\">\n<tbody>\n<tr class=\"clickable\" data-toggle=\"collapse\" data-target=\".o_ws_category_1\">\n<th class=\"text-left\" colspan=\"2\">Caract\u00e9ristiques<\/th>\n<\/tr>\n<tr class=\"collapse show o_ws_category_1\">\n<td>Conditionnement<\/td>\n<td>Le pack 12 briquettes\u00a0ou\u00a0Le Quart 21 packs\u00a0ou\u00a0La palette 84 packs<\/td>\n<\/tr>\n<tr class=\"collapse show o_ws_category_1\">\n<td>Longueur<\/td>\n<td>10,5cm<\/td>\n<\/tr>\n<tr class=\"collapse show o_ws_category_1\">\n<td>Section<\/td>\n<td>6,5x16cm<\/td>\n<\/tr>\n<tr class=\"collapse show o_ws_category_1\">\n<td>Taux humidit\u00e9<\/td>\n<td>&lt; 12%<\/td>\n<\/tr>\n<tr class=\"collapse show o_ws_category_1\">\n<td>Stockage<\/td>\n<td>Au sec, dans un garage par exemple<\/td>\n<\/tr>\n<tr class=\"collapse show o_ws_category_1\">\n<td>Composition<\/td>\n<td>Sciure et copeaux non trait\u00e9s issus de la r\u00e9cup\u00e9ration de chutes de bois sec<\/td>\n<\/tr>\n<tr class=\"collapse show o_ws_category_1\">\n<td>Additifs<\/td>\n<td>Zero additif, 100% naturel<\/td>\n<\/tr>\n<tr class=\"collapse show o_ws_category_1\">\n<td>Taux de cendres<\/td>\n<td>&lt; 4%<\/td>\n<\/tr>\n<tr class=\"collapse show o_ws_category_1\">\n<td>Temps de combustion<\/td>\n<td>de 6 \u00e0 8h selon l\u2019appareil<\/td>\n<\/tr>\n<tr class=\"collapse show o_ws_category_1\">\n<td>Puissance calorifique<\/td>\n<td>4,8kWh\/kg<\/td>\n<\/tr>\n<tr class=\"clickable\" data-toggle=\"collapse\" data-target=\".o_ws_category_2\">\n<th class=\"text-left\" colspan=\"2\">Palette<\/th>\n<\/tr>\n<tr class=\"collapse show o_ws_category_2\">\n<td>Dimensions de la palette<\/td>\n<td>100cm*120cm au sol et 120cm en hauteur<\/td>\n<\/tr>\n<tr class=\"collapse show o_ws_category_2\">\n<td>Contenance de la palette<\/td>\n<td>84 colis<\/td>\n<\/tr>\n<tr class=\"clickable\" data-toggle=\"collapse\" data-target=\".o_ws_category_5\">\n<th class=\"text-left\" colspan=\"2\">Colis<\/th>\n<\/tr>\n<tr class=\"collapse show o_ws_category_5\">\n<td>Poids par colis<\/td>\n<td>12kg +\/- 5%<\/td>\n<\/tr>\n<tr class=\"collapse show o_ws_category_5\">\n<td>Dimensions du colis<\/td>\n<td>44x20x16cm<\/td>\n<\/tr>\n<tr class=\"collapse show o_ws_category_5\">\n<td>Contenance du colis<\/td>\n<td>12 briquettes<\/td>\n<\/tr>\n<\/tbody>\n<\/table>\n<\/div>\n<\/div>","protected":false},"excerpt":{"rendered":"<p><span style=\"color: #ff0000;\"><strong><em><img decoding=\"async\" src=\"https:\/\/buches-hiver.com\/wp-content\/uploads\/2023\/04\/6-60x60.png\" \/><\/em><\/strong><strong><em>Livraison standard. (5 \u00e0 7 jours) : 18\u2009\u20ac<\/em><\/strong><\/span><br \/>\n<span style=\"color: #ff0000;\"><strong><em>Livraison Express. (3 Jours) : 22\u2009\u20ac<\/em><\/strong><\/span><\/p>\n<ul>\n<li class=\"o_default_snippet_text\">100% Naturel 100% bois\u00a0issu\u00a0de for\u00eats g\u00e9r\u00e9es durablement.<\/li>\n<li>Les briquettes compress\u00e9es pour la NUIT sont issues de la revalorisation de copeaux, de sciures et d\u2019\u00e9corces non trait\u00e9s. Cette\u00a0m\u00e9thode de fabrication\u00a0permet de b\u00e9n\u00e9ficier d\u2019une mati\u00e8re tr\u00e8s s\u00e8che tout \u00e9vitant la coupe d\u2019arbres.<\/li>\n<li><\/li>\n<li>6 \u00e0 8h de braises<\/li>\n<li>Les briquettes d\u2019\u00e9corces de bois compress\u00e9 forment un pav\u00e9 de braises qui produit une chaleur douce et durable.<\/li>\n<li>Ces briquettes sont \u00e0 utiliser pendant votre absence ou la nuit comme un parfait compl\u00e9ment aux b\u00fbches cylindriques de bois compress\u00e9.<\/li>\n<li>Vous pouvez \u00e9galement les utiliser en compl\u00e9ment des b\u00fbches de bois de coupe.<\/li>\n<\/ul>","protected":false},"featured_media":8988,"comment_status":"open","ping_status":"closed","template":"","meta":{"_acf_changed":false,"content-type":"","_monsterinsights_skip_tracking":false,"_monsterinsights_sitenote_active":false,"_monsterinsights_sitenote_note":"","_monsterinsights_sitenote_category":0},"pwb-brand":[],"product_brand":[],"product_cat":[40],"product_tag":[33],"class_list":{"0":"post-8175","1":"product","2":"type-product","3":"status-publish","4":"has-post-thumbnail","6":"product_cat-bois-densifie-buches-compressees","7":"product_tag-ajoutez-880-00e-a-votre-panier-et-beneficiez-de-la-livraison-gratuite","9":"first","10":"instock","11":"taxable","12":"shipping-taxable","13":"purchasable","14":"product-type-simple"},"acf":[],"aioseo_notices":[],"brands":[],"_links":{"self":[{"href":"https:\/\/www.buches-chaleor.com\/fr\/wp-json\/wp\/v2\/product\/8175","targetHints":{"allow":["GET"]}}],"collection":[{"href":"https:\/\/www.buches-chaleor.com\/fr\/wp-json\/wp\/v2\/product"}],"about":[{"href":"https:\/\/www.buches-chaleor.com\/fr\/wp-json\/wp\/v2\/types\/product"}],"replies":[{"embeddable":true,"href":"https:\/\/www.buches-chaleor.com\/fr\/wp-json\/wp\/v2\/comments?post=8175"}],"wp:featuredmedia":[{"embeddable":true,"href":"https:\/\/www.buches-chaleor.com\/fr\/wp-json\/wp\/v2\/media\/8988"}],"wp:attachment":[{"href":"https:\/\/www.buches-chaleor.com\/fr\/wp-json\/wp\/v2\/media?parent=8175"}],"wp:term":[{"taxonomy":"pwb-brand","embeddable":true,"href":"https:\/\/www.buches-chaleor.com\/fr\/wp-json\/wp\/v2\/pwb-brand?post=8175"},{"taxonomy":"product_brand","embeddable":true,"href":"https:\/\/www.buches-chaleor.com\/fr\/wp-json\/wp\/v2\/product_brand?post=8175"},{"taxonomy":"product_cat","embeddable":true,"href":"https:\/\/www.buches-chaleor.com\/fr\/wp-json\/wp\/v2\/product_cat?post=8175"},{"taxonomy":"product_tag","embeddable":true,"href":"https:\/\/www.buches-chaleor.com\/fr\/wp-json\/wp\/v2\/product_tag?post=8175"}],"curies":[{"name":"wp","href":"https:\/\/api.w.org\/{rel}","templated":true}]}}