{"id":8174,"date":"2025-10-29T19:44:07","date_gmt":"2025-10-29T19:44:07","guid":{"rendered":"https:\/\/fuelbois.com\/?post_type=product&#038;p=8174"},"modified":"2026-03-08T08:17:32","modified_gmt":"2026-03-08T08:17:32","slug":"buches-de-bois-compressees-tecsabuch-crepito-100-naturelles-palette-de-1t","status":"publish","type":"product","link":"https:\/\/www.buches-chaleor.com\/fr\/produit\/buches-de-bois-compressees-tecsabuch-crepito-100-naturelles-palette-de-1t\/","title":{"rendered":"B\u00fbches de bois compress\u00e9es Tecsabuch Cr\u00e9pito : 100% naturelles (Palette de 1T)"},"content":{"rendered":"<p>Les\u00a0b\u00fbches\u00a0de bois comprim\u00e9\u00a0tecsabuch\u00a0sont 100% naturelles et issues du recyclage des sous-produits des scieries et des industries du bois. Il s\u2019agit exclusivement de sciures et de\u00a0copeaux\u00a0de feuillus non trait\u00e9 (essentiellement de ch\u00eane).<\/p>\n<p>Les b\u00fbches de bois comprim\u00e9\u00a0tecsabuch\u00a0sont destin\u00e9es \u00e0 l\u2019alimentation de tous types d\u2019appareils \u00e0 bois : fours \u00e0 bois, cuisini\u00e8res \u00e0 bois, inserts, foyers ferm\u00e9s, foyers ouverts,\u00a0chaudi\u00e8res\u00a0et\u00a0po\u00eales. Elles ne n\u00e9cessitent pas l\u2019installation d\u2019un\u00a0chauffage\u00a0sp\u00e9cifique. Elles s\u2019utilisent en remplacement ou en compl\u00e9ment des b\u00fbches de bois traditionnel.<\/p>\n<p align=\"justify\"><img decoding=\"async\" src=\"https:\/\/www.climamaison.com\/produits\/images\/fleche1.gif\" alt=\"fleche1.gif\" width=\"12\" height=\"12\" \/>\u00a0<span class=\"marine_bold\">QUALITE DES PRODUITS<\/span><\/p>\n<p>Les\u00a0tecsabuch\u00a0sont issues d\u2019un process industriel unique, de qualit\u00e9 \u00e9prouv\u00e9e depuis plus de 15 ans. Elles garantissent une s\u00e9curit\u00e9 et un confort d\u2019utilisation optimum pour les clients et offrent d\u2019excellentes performances calorifiques.<br \/>\nLe rendement \u00e9nerg\u00e9tique des b\u00fbches de bois comprim\u00e9\u00a0tecsabuch\u00a0est quatre fois sup\u00e9rieur \u00e0 celui du bois de chauffage traditionnel.\u00a0Tecsabuch\u00a0permet de diviser par quatre le volume de stockage.<\/p>\n<p><img decoding=\"async\" src=\"https:\/\/www.climamaison.com\/produits\/images\/fleche1.gif\" alt=\"fleche1.gif\" width=\"12\" height=\"12\" \/>\u00a0<span class=\"marine_bold\">ASPECTS LOGISTIQUES<\/span><\/p>\n<p>1 palette = 1 tonne, soit 100 paquets film\u00e9s de 10 kg<br \/>\nD\u00e9part usine : \u00e0 partir de 12 palettes<br \/>\nRendu distributeur : camion complet 24 palettes<\/p>\n<p align=\"justify\"><img decoding=\"async\" src=\"https:\/\/www.climamaison.com\/produits\/images\/fleche1.gif\" alt=\"fleche1.gif\" width=\"12\" height=\"12\" \/>\u00a0<span class=\"marine_bold\">DISPONIBILITE<\/span><\/p>\n<p>Cr\u00e9pito\u00ae vous offre une s\u00e9curit\u00e9 d\u2019approvisionnement toute l\u2019ann\u00e9e et particuli\u00e8rement en saison. Notre r\u00e9seau de producteurs partenaires, r\u00e9partis sur l\u2019ensemble du territoire national, permet une optimisation des co\u00fbts logistiques et une garantie d\u2019acc\u00e8s \u00e0 des mati\u00e8res premi\u00e8res de qualit\u00e9.<br \/>\nTous nos partenaires veillent \u00e0 l\u2019exploitation raisonn\u00e9e des for\u00eats et s\u2019engagent pour un d\u00e9veloppement durable : \u00e9conomique, social et environnemental.<\/p>\n<p align=\"justify\"><img decoding=\"async\" src=\"https:\/\/www.climamaison.com\/produits\/images\/fleche1.gif\" alt=\"fleche1.gif\" width=\"12\" height=\"12\" \/>\u00a0<span class=\"marine_bold\">POLITIQUE COMMERCIALE<\/span><\/p>\n<p>Cr\u00e9pito\u00ae garantit, en saison, un prix national stable. Cette politique originale qui passe par une r\u00e9elle visibilit\u00e9 de la d\u00e9pense \u00e9nerg\u00e9tique, permet de renforcer la confiance des consommateurs et l\u2019attractivit\u00e9 du chauffage au bois.<\/p>\n<p align=\"justify\"><img decoding=\"async\" src=\"https:\/\/www.climamaison.com\/produits\/images\/fleche1.gif\" alt=\"fleche1.gif\" width=\"12\" height=\"12\" \/>\u00a0<span class=\"marine_bold\">CARACTERISTIQUES TECHNIQUES<\/span><\/p>\n<ul>\n<li>Masse volumique : 970 kg.m<\/li>\n<li>Taux d\u2019humidit\u00e9 : \u00b1 10%<\/li>\n<li>PCI : 4,8 kWh. kg<\/li>\n<li>Taux de cendre : &lt; \u00e0 1,5%<\/li>\n<li>Composition : Copeaux et sciures de feuillus non trait\u00e9s (en majorit\u00e9 ch\u00eane)<\/li>\n<li>Dimension (h x l x L) cm : 8 x 15 x environ 23<\/li>\n<li>Poids unitaire moyen : 2,5 kg<\/li>\n<li>Dur\u00e9e de combustion : 2 h en moyenne<\/li>\n<\/ul>","protected":false},"excerpt":{"rendered":"<p><span style=\"color: #ff0000;\"><strong><em><img decoding=\"async\" src=\"https:\/\/buches-hiver.com\/wp-content\/uploads\/2023\/04\/6-60x60.png\" \/><\/em><\/strong><strong><em>Livraison standard. (5 \u00e0 7 jours) : 18\u2009\u20ac<\/em><\/strong><\/span><br \/>\n<span style=\"color: #ff0000;\"><strong><em>Livraison Express. (3 Jours) : 22\u2009\u20ac<\/em><\/strong><\/span><\/p>\n<ul>\n<li>B\u00fbches de Bois Compress\u00e9 Tecsabuch Cr\u00e9pito (palette de 1T) issues exclusivement de sciures et de copeaux de feuillus non trait\u00e9s (essentiellement de ch\u00eane).<\/li>\n<li>Destin\u00e9es \u00e0 l\u2019alimentation de tout type d\u2019appareil de chauffage \u00e0\u00a0 bois : fours, cuisini\u00e8res, inserts, foyers ferm\u00e9s ou ouverts, chaudi\u00e8res et po\u00eales.<\/li>\n<li>Conditionn\u00e9es sous film de 4 b\u00fbches pour un poids total de 10kg. 100 sacs par palette.<\/li>\n<\/ul>","protected":false},"featured_media":8985,"comment_status":"open","ping_status":"closed","template":"","meta":{"_acf_changed":false,"content-type":"","_monsterinsights_skip_tracking":false,"_monsterinsights_sitenote_active":false,"_monsterinsights_sitenote_note":"","_monsterinsights_sitenote_category":0},"pwb-brand":[],"product_brand":[],"product_cat":[40],"product_tag":[33],"class_list":{"0":"post-8174","1":"product","2":"type-product","3":"status-publish","4":"has-post-thumbnail","6":"product_cat-bois-densifie-buches-compressees","7":"product_tag-ajoutez-880-00e-a-votre-panier-et-beneficiez-de-la-livraison-gratuite","9":"first","10":"instock","11":"taxable","12":"shipping-taxable","13":"purchasable","14":"product-type-simple"},"acf":[],"aioseo_notices":[],"brands":[],"_links":{"self":[{"href":"https:\/\/www.buches-chaleor.com\/fr\/wp-json\/wp\/v2\/product\/8174","targetHints":{"allow":["GET"]}}],"collection":[{"href":"https:\/\/www.buches-chaleor.com\/fr\/wp-json\/wp\/v2\/product"}],"about":[{"href":"https:\/\/www.buches-chaleor.com\/fr\/wp-json\/wp\/v2\/types\/product"}],"replies":[{"embeddable":true,"href":"https:\/\/www.buches-chaleor.com\/fr\/wp-json\/wp\/v2\/comments?post=8174"}],"wp:featuredmedia":[{"embeddable":true,"href":"https:\/\/www.buches-chaleor.com\/fr\/wp-json\/wp\/v2\/media\/8985"}],"wp:attachment":[{"href":"https:\/\/www.buches-chaleor.com\/fr\/wp-json\/wp\/v2\/media?parent=8174"}],"wp:term":[{"taxonomy":"pwb-brand","embeddable":true,"href":"https:\/\/www.buches-chaleor.com\/fr\/wp-json\/wp\/v2\/pwb-brand?post=8174"},{"taxonomy":"product_brand","embeddable":true,"href":"https:\/\/www.buches-chaleor.com\/fr\/wp-json\/wp\/v2\/product_brand?post=8174"},{"taxonomy":"product_cat","embeddable":true,"href":"https:\/\/www.buches-chaleor.com\/fr\/wp-json\/wp\/v2\/product_cat?post=8174"},{"taxonomy":"product_tag","embeddable":true,"href":"https:\/\/www.buches-chaleor.com\/fr\/wp-json\/wp\/v2\/product_tag?post=8174"}],"curies":[{"name":"wp","href":"https:\/\/api.w.org\/{rel}","templated":true}]}}