{"id":8173,"date":"2025-10-29T19:38:31","date_gmt":"2025-10-29T19:38:31","guid":{"rendered":"https:\/\/fuelbois.com\/?post_type=product&#038;p=8173"},"modified":"2026-03-08T08:15:06","modified_gmt":"2026-03-08T08:15:06","slug":"buches-compressees-100-feuillus-palette-de-1040kg-2","status":"publish","type":"product","link":"https:\/\/www.buches-chaleor.com\/fr\/produit\/buches-compressees-100-feuillus-palette-de-1040kg-2\/","title":{"rendered":"B\u00fbches Compress\u00e9es 100% Feuillus \u2013 Palette De 1040kg"},"content":{"rendered":"<p>Les b\u00fbches de bois compress\u00e9 au meilleur prix<\/p>\n<p>Les b\u00fbches de bois compress\u00e9 sont produits uniquement \u00e0 partir de sciures de bois feuillus non trait\u00e9es, simplement s\u00e9ch\u00e9es, chauff\u00e9es et compact\u00e9es. Cela permet ainsi de gagner en compacit\u00e9 et de garantir un taux d\u2019humidit\u00e9 id\u00e9al pour chauffer et d\u00e9gager un maximum de chaleur.<\/p>\n<p>La densit\u00e9 du produit est ainsi de plus de 1000kg par m3, soit 2,5 fois plus que du bois traditionnel. Le stockage est ainsi facilit\u00e9, bien qu\u2019il ne soit pas possible de le stocker en exterieur.<\/p>\n<p>Les palettes sont livr\u00e9es dans le lieu de stockage gr\u00e2ce \u00e0 nos chariots emarqu\u00e9s \u00e0 moteur.<\/p>\n<p>Les b\u00fbches de bois 100% feuillus font 91mm de diam\u00e8tre et +\/- 280mm de longueur, ce qui en fait un produit adapt\u00e9 \u00e0 l\u2019ensemble des appareils de chauffage. Chaque paquet contient 5 b\u00fbches de 2kg, soit 10k<\/p>","protected":false},"excerpt":{"rendered":"<p><span style=\"color: #ff0000;\"><strong><em><img decoding=\"async\" src=\"https:\/\/buches-hiver.com\/wp-content\/uploads\/2023\/04\/6-60x60.png\" \/><\/em><\/strong><strong><em>Livraison standard. (5 \u00e0 7 jours) : 18\u2009\u20ac<\/em><\/strong><\/span><br \/>\n<span style=\"color: #ff0000;\"><strong><em>Livraison Express. (3 Jours) : 22\u2009\u20ac<\/em><\/strong><\/span><\/p>\n<p>Les b\u00fbches de bois compress\u00e9 sont produits uniquement \u00e0 partir de sciures de bois feuillus non trait\u00e9es, simplement s\u00e9ch\u00e9es, chauff\u00e9es et compact\u00e9es. Cela permet ainsi de gagner en compacit\u00e9 et de garantir un taux d\u2019humidit\u00e9 id\u00e9al pour chauffer et d\u00e9gager un maximum de chaleur.<\/p>","protected":false},"featured_media":8984,"comment_status":"open","ping_status":"closed","template":"","meta":{"_acf_changed":false,"content-type":"","_monsterinsights_skip_tracking":false,"_monsterinsights_sitenote_active":false,"_monsterinsights_sitenote_note":"","_monsterinsights_sitenote_category":0},"pwb-brand":[],"product_brand":[],"product_cat":[40],"product_tag":[33],"class_list":{"0":"post-8173","1":"product","2":"type-product","3":"status-publish","4":"has-post-thumbnail","6":"product_cat-bois-densifie-buches-compressees","7":"product_tag-ajoutez-880-00e-a-votre-panier-et-beneficiez-de-la-livraison-gratuite","9":"first","10":"instock","11":"taxable","12":"shipping-taxable","13":"purchasable","14":"product-type-simple"},"acf":[],"aioseo_notices":[],"brands":[],"_links":{"self":[{"href":"https:\/\/www.buches-chaleor.com\/fr\/wp-json\/wp\/v2\/product\/8173","targetHints":{"allow":["GET"]}}],"collection":[{"href":"https:\/\/www.buches-chaleor.com\/fr\/wp-json\/wp\/v2\/product"}],"about":[{"href":"https:\/\/www.buches-chaleor.com\/fr\/wp-json\/wp\/v2\/types\/product"}],"replies":[{"embeddable":true,"href":"https:\/\/www.buches-chaleor.com\/fr\/wp-json\/wp\/v2\/comments?post=8173"}],"wp:featuredmedia":[{"embeddable":true,"href":"https:\/\/www.buches-chaleor.com\/fr\/wp-json\/wp\/v2\/media\/8984"}],"wp:attachment":[{"href":"https:\/\/www.buches-chaleor.com\/fr\/wp-json\/wp\/v2\/media?parent=8173"}],"wp:term":[{"taxonomy":"pwb-brand","embeddable":true,"href":"https:\/\/www.buches-chaleor.com\/fr\/wp-json\/wp\/v2\/pwb-brand?post=8173"},{"taxonomy":"product_brand","embeddable":true,"href":"https:\/\/www.buches-chaleor.com\/fr\/wp-json\/wp\/v2\/product_brand?post=8173"},{"taxonomy":"product_cat","embeddable":true,"href":"https:\/\/www.buches-chaleor.com\/fr\/wp-json\/wp\/v2\/product_cat?post=8173"},{"taxonomy":"product_tag","embeddable":true,"href":"https:\/\/www.buches-chaleor.com\/fr\/wp-json\/wp\/v2\/product_tag?post=8173"}],"curies":[{"name":"wp","href":"https:\/\/api.w.org\/{rel}","templated":true}]}}