{"id":8172,"date":"2025-10-29T19:36:08","date_gmt":"2025-10-29T19:36:08","guid":{"rendered":"https:\/\/fuelbois.com\/?post_type=product&#038;p=8172"},"modified":"2026-03-08T08:13:23","modified_gmt":"2026-03-08T08:13:23","slug":"buches-compressees-100-feuillus-palette-de-1040kg","status":"publish","type":"product","link":"https:\/\/www.buches-chaleor.com\/fr\/produit\/buches-compressees-100-feuillus-palette-de-1040kg\/","title":{"rendered":"B\u00fbches compress\u00e9es 100% feuillus \u2013 Palette de 1040kg"},"content":{"rendered":"<ul id=\"idTab2\" class=\"bullet\">\n<li>Hauteur 92mm<\/li>\n<li>Poids 2kg par b\u00fbche<\/li>\n<li>Longueur 25cm<\/li>\n<li>Pouvoir calorifique 4,6 kWh.kg-1 \u2264 PCI \u2264 5 kWh.kg-1<\/li>\n<\/ul>\n<h2>Les b\u00fbches de bois compress\u00e9 au meilleur prix<\/h2>\n<p>Les b\u00fbches de bois compress\u00e9 sont produits uniquement \u00e0 partir de<strong>\u00a0sciures de bois feuillus non trait\u00e9es<\/strong>, simplement s\u00e9ch\u00e9es, chauff\u00e9es et compact\u00e9es. Cela permet ainsi de gagner en\u00a0<strong>compacit\u00e9<\/strong>\u00a0et de garantir un taux d\u2019humidit\u00e9 id\u00e9al pour chauffer et d\u00e9gager un\u00a0<strong>maximum de chaleur<\/strong>.<\/p>\n<p>La densit\u00e9 du produit est ainsi de plus de\u00a0<strong>1000kg par m3<\/strong>, soit 2,5 fois plus que du bois traditionnel. Le stockage est ainsi facilit\u00e9, bien qu\u2019il ne soit pas possible de le stocker en exterieur.<\/p>\n<p>Les palettes sont livr\u00e9es dans le lieu de stockage gr\u00e2ce \u00e0 nos\u00a0<strong>chariots emarqu\u00e9s<\/strong>\u00a0\u00e0 moteur.<\/p>\n<p>Les b\u00fbches de bois 100% feuillus font 91mm de diam\u00e8tre et +\/- 280mm de longueur, ce qui en fait un produit adapt\u00e9 \u00e0 l\u2019ensemble des appareils de chauffage. Chaque paquet contient 5 b\u00fbches de 2kg, soit 10kg<\/p>","protected":false},"excerpt":{"rendered":"<p><span style=\"color: #ff0000;\"><strong><em><img decoding=\"async\" src=\"https:\/\/buches-hiver.com\/wp-content\/uploads\/2023\/04\/6-60x60.png\" \/><\/em><\/strong><strong><em>Livraison standard. (5 \u00e0 7 jours) : 18\u2009\u20ac<\/em><\/strong><\/span><br \/>\n<span style=\"color: #ff0000;\"><strong><em>Livraison Express. (3 Jours) : 22\u2009\u20ac<\/em><\/strong><\/span><\/p>\n<ul>\n<li><strong>Les b\u00fbches compress\u00e9es 100% feuillus\u00a0<\/strong>sont la garantie d\u2019un bois sec et compact pour un\u00a0<em>rendement optimal<\/em>\u00a0de l\u2019appareil de chauffage.<\/li>\n<li>Id\u00e9al pour les p\u00f4eles et chemin\u00e9es et inserts \u00e0 bois, il peut \u00eatre utilis\u00e9 m\u00eame dans les p\u00f4eles de masse.<\/li>\n<li>Conditionn\u00e9 sur palettes de 104 sacs et par paquet de 5 b\u00fbches de 2kg soit 1040kg.<\/li>\n<\/ul>","protected":false},"featured_media":8980,"comment_status":"open","ping_status":"closed","template":"","meta":{"_acf_changed":false,"content-type":"","_monsterinsights_skip_tracking":false,"_monsterinsights_sitenote_active":false,"_monsterinsights_sitenote_note":"","_monsterinsights_sitenote_category":0},"pwb-brand":[],"product_brand":[],"product_cat":[40],"product_tag":[33],"class_list":{"0":"post-8172","1":"product","2":"type-product","3":"status-publish","4":"has-post-thumbnail","6":"product_cat-bois-densifie-buches-compressees","7":"product_tag-ajoutez-880-00e-a-votre-panier-et-beneficiez-de-la-livraison-gratuite","9":"first","10":"instock","11":"taxable","12":"shipping-taxable","13":"purchasable","14":"product-type-simple"},"acf":[],"aioseo_notices":[],"brands":[],"_links":{"self":[{"href":"https:\/\/www.buches-chaleor.com\/fr\/wp-json\/wp\/v2\/product\/8172","targetHints":{"allow":["GET"]}}],"collection":[{"href":"https:\/\/www.buches-chaleor.com\/fr\/wp-json\/wp\/v2\/product"}],"about":[{"href":"https:\/\/www.buches-chaleor.com\/fr\/wp-json\/wp\/v2\/types\/product"}],"replies":[{"embeddable":true,"href":"https:\/\/www.buches-chaleor.com\/fr\/wp-json\/wp\/v2\/comments?post=8172"}],"wp:featuredmedia":[{"embeddable":true,"href":"https:\/\/www.buches-chaleor.com\/fr\/wp-json\/wp\/v2\/media\/8980"}],"wp:attachment":[{"href":"https:\/\/www.buches-chaleor.com\/fr\/wp-json\/wp\/v2\/media?parent=8172"}],"wp:term":[{"taxonomy":"pwb-brand","embeddable":true,"href":"https:\/\/www.buches-chaleor.com\/fr\/wp-json\/wp\/v2\/pwb-brand?post=8172"},{"taxonomy":"product_brand","embeddable":true,"href":"https:\/\/www.buches-chaleor.com\/fr\/wp-json\/wp\/v2\/product_brand?post=8172"},{"taxonomy":"product_cat","embeddable":true,"href":"https:\/\/www.buches-chaleor.com\/fr\/wp-json\/wp\/v2\/product_cat?post=8172"},{"taxonomy":"product_tag","embeddable":true,"href":"https:\/\/www.buches-chaleor.com\/fr\/wp-json\/wp\/v2\/product_tag?post=8172"}],"curies":[{"name":"wp","href":"https:\/\/api.w.org\/{rel}","templated":true}]}}