{"id":8171,"date":"2025-10-29T19:32:42","date_gmt":"2025-10-29T19:32:42","guid":{"rendered":"https:\/\/fuelbois.com\/?post_type=product&#038;p=8171"},"modified":"2026-03-08T08:11:27","modified_gmt":"2026-03-08T08:11:27","slug":"buche-densifie-feuillus-resineux-palette-de-960-kg","status":"publish","type":"product","link":"https:\/\/www.buches-chaleor.com\/fr\/produit\/buche-densifie-feuillus-resineux-palette-de-960-kg\/","title":{"rendered":"B\u00fbche Densifi\u00e9 \u2013 Feuillus + R\u00e9sineux \u2013 Palette De 960 Kg"},"content":{"rendered":"<p>Un bois de chauffage propre, \u00e9conomique et \u00e9cologique : le bois densifi\u00e9<\/p>\n<p>Un bois ultra sec gr\u00e2ce \u00e0 un taux d\u2019humidit\u00e9 inf\u00e9rieur \u00e0 8%.<\/p>\n<p>Un fort pouvoir calorifique 3 \u00e0 4 fois sup\u00e9rieur au bois traditionnel.<\/p>\n<p>Une dur\u00e9e de combustion de 1h30 \u00e0 2h et n\u2019encrasse pas avec son faible taux en cendres inf\u00e9rieur \u00e0 1.5%.<\/p>\n<p>Sans plastique ou presque : les b\u00fbches sont uniquement cercl\u00e9es pour \u00e9viter trop d\u2019emballage.<\/p>\n<p>Ces b\u00fbches vous offriront une chaleur constante et vous procureront un confort stable et de qualit\u00e9.<\/p>\n<p>Nous vous rappelons que le bois densifi\u00e9 est imp\u00e9rativement \u00e0 stocker en int\u00e9rieur \u00e0 l\u2019abri de toute humidit\u00e9.<label class=\"label\"><\/label><\/p>\n<div class=\"product-manufacturer\"><label class=\"label\">Fiche technique<\/label><\/div>\n<section class=\"product-features\">\n<dl class=\"data-sheet\">\n<dt class=\"name\">Pouvoir Calorifique : 4.9 kWh\/kg<\/dt>\n<dt class=\"name\">Taux D\u2019humidit\u00e9\u00a0 : Inf\u00e9rieur \u00e0 8%<\/dt>\n<dt class=\"name\">Taux De Cendres : Inf\u00e9rieur \u00e0 1.5%<\/dt>\n<dt class=\"name\">Essence : Feuillus et r\u00e9sineux<\/dt>\n<dt class=\"name\">Longueur : 26 \u00e0 29 cm<\/dt>\n<dt class=\"name\">Conditionnement : Palette<\/dt>\n<dt class=\"name\">Origine : France<\/dt>\n<\/dl>\n<\/section>","protected":false},"excerpt":{"rendered":"<p><span style=\"color: #ff0000;\"><strong><em><img decoding=\"async\" src=\"https:\/\/buches-hiver.com\/wp-content\/uploads\/2023\/04\/6-60x60.png\" \/><\/em><\/strong><strong><em>Livraison standard. (5 \u00e0 7 jours) : 18\u2009\u20ac<\/em><\/strong><\/span><br \/>\n<span style=\"color: #ff0000;\"><strong><em>Livraison Express. (3 Jours) : 22\u2009\u20ac<\/em><\/strong><\/span><\/p>\n<ul>\n<li>Bois densifi\u00e9 de jour, compos\u00e9 \u00e0 70% de plaquettes de h\u00eatre, ch\u00eane, fr\u00eane et \u00e0 30% de r\u00e9sineux issus de scieries locales, fabriqu\u00e9 en Picardie de for\u00eats labellis\u00e9es PEFC.<\/li>\n<li>100 % naturel, sans colle, ni additifs<\/li>\n<li>Aidez \u00e0 r\u00e9g\u00e9n\u00e9rer la for\u00eat : 1 palette achet\u00e9e = 10 arbres replant\u00e9s !<\/li>\n<li>Vendu par 96 lots de 6 b\u00fbchettes.<\/li>\n<\/ul>","protected":false},"featured_media":8979,"comment_status":"open","ping_status":"closed","template":"","meta":{"_acf_changed":false,"content-type":"","_monsterinsights_skip_tracking":false,"_monsterinsights_sitenote_active":false,"_monsterinsights_sitenote_note":"","_monsterinsights_sitenote_category":0},"pwb-brand":[],"product_brand":[],"product_cat":[40],"product_tag":[33],"class_list":{"0":"post-8171","1":"product","2":"type-product","3":"status-publish","4":"has-post-thumbnail","6":"product_cat-bois-densifie-buches-compressees","7":"product_tag-ajoutez-880-00e-a-votre-panier-et-beneficiez-de-la-livraison-gratuite","9":"first","10":"instock","11":"taxable","12":"shipping-taxable","13":"purchasable","14":"product-type-simple"},"acf":[],"aioseo_notices":[],"brands":[],"_links":{"self":[{"href":"https:\/\/www.buches-chaleor.com\/fr\/wp-json\/wp\/v2\/product\/8171","targetHints":{"allow":["GET"]}}],"collection":[{"href":"https:\/\/www.buches-chaleor.com\/fr\/wp-json\/wp\/v2\/product"}],"about":[{"href":"https:\/\/www.buches-chaleor.com\/fr\/wp-json\/wp\/v2\/types\/product"}],"replies":[{"embeddable":true,"href":"https:\/\/www.buches-chaleor.com\/fr\/wp-json\/wp\/v2\/comments?post=8171"}],"wp:featuredmedia":[{"embeddable":true,"href":"https:\/\/www.buches-chaleor.com\/fr\/wp-json\/wp\/v2\/media\/8979"}],"wp:attachment":[{"href":"https:\/\/www.buches-chaleor.com\/fr\/wp-json\/wp\/v2\/media?parent=8171"}],"wp:term":[{"taxonomy":"pwb-brand","embeddable":true,"href":"https:\/\/www.buches-chaleor.com\/fr\/wp-json\/wp\/v2\/pwb-brand?post=8171"},{"taxonomy":"product_brand","embeddable":true,"href":"https:\/\/www.buches-chaleor.com\/fr\/wp-json\/wp\/v2\/product_brand?post=8171"},{"taxonomy":"product_cat","embeddable":true,"href":"https:\/\/www.buches-chaleor.com\/fr\/wp-json\/wp\/v2\/product_cat?post=8171"},{"taxonomy":"product_tag","embeddable":true,"href":"https:\/\/www.buches-chaleor.com\/fr\/wp-json\/wp\/v2\/product_tag?post=8171"}],"curies":[{"name":"wp","href":"https:\/\/api.w.org\/{rel}","templated":true}]}}