{"id":8170,"date":"2025-10-29T19:13:40","date_gmt":"2025-10-29T19:13:40","guid":{"rendered":"https:\/\/fuelbois.com\/?post_type=product&#038;p=8170"},"modified":"2026-03-08T08:10:11","modified_gmt":"2026-03-08T08:10:11","slug":"briquettes-de-lignite-sur-palettes","status":"publish","type":"product","link":"https:\/\/www.buches-chaleor.com\/fr\/produit\/briquettes-de-lignite-sur-palettes\/","title":{"rendered":"Briquettes de lignite sur palettes"},"content":{"rendered":"<p>Les briquettes de lignite sont tr\u00e8s \u00e9conomiques et faciles \u00e0 utiliser.<\/p>\n<p>Ils sont \u00e9galement beaucoup plus compacts que le bois.<\/p>\n<p>Ils br\u00fblent \u00e9galement toute la nuit pour que la maison ne refroidisse pas.<\/p>\n<p>Gr\u00e2ce \u00e0 une combustion lente, le po\u00eale reste chaud longtemps, avec une dur\u00e9e de feu allant jusqu\u2019\u00e0 12 heures !<\/p>\n<p>Briquettes de lignite sur<br \/>\npalettes<\/p>\n<p>Les briquettes de lignite sont tr\u00e8s \u00e9conomiques et faciles \u00e0 utiliser.<\/p>\n<p>Ils sont \u00e9galement beaucoup plus compacts que le bois.<\/p>\n<p>Ils br\u00fblent \u00e9galement toute la nuit pour que la maison ne refroidisse pas.<\/p>\n<p>Gr\u00e2ce \u00e0 une combustion lente, le po\u00eale reste chaud longtemps, avec une dur\u00e9e de feu allant jusqu\u2019\u00e0 12 heures !<\/p>\n<p>Chauffage efficace et extr\u00eamement \u00e9conomique pour votre maison.<\/p>\n<p>Propri\u00e9t\u00e9s des briquettes de lignite.<\/p>\n<p>Convient aux po\u00eales et chemin\u00e9es de taille moyenne \u00e0 grande.<br \/>\nChaleur lente \u2013 lueur br\u00fblante<br \/>\nPas d\u2019humidit\u00e9 \u2013 chaleur imm\u00e9diate<br \/>\nFaible teneur en soufre<br \/>\nEfficace et tr\u00e8s \u00e9conomique<br \/>\nLignite :<br \/>\nle lignite est un combustible fossile fabriqu\u00e9 \u00e0 partir de restes de plantes qui sont convertis en carbone et autres compos\u00e9s chimiques dans les couches profondes de la terre.<\/p>\n<p>Le lignite est un terme g\u00e9ologique qui fait r\u00e9f\u00e9rence \u00e0 un d\u00e9p\u00f4t g\u00e9ologique que l\u2019on trouve \u00e9galement en quantit\u00e9s inexploitables.\u00a0Le lignite, cependant, est un terme familier qui d\u00e9signe toujours un min\u00e9ral.<\/p>\n<p>Le lignite est form\u00e9 de d\u00e9p\u00f4ts de restes v\u00e9g\u00e9taux expos\u00e9s pendant une longue p\u00e9riode \u00e0 une pression \u00e9lev\u00e9e et \u00e0 une chaleur intense.\u00a0La transformation due \u00e0 l\u2019exposition croissante \u00e0 la pression et \u00e0 la temp\u00e9rature de la tourbe produit initialement du lignite.<\/p>","protected":false},"excerpt":{"rendered":"<p><span style=\"color: #ff0000;\"><strong><em><img decoding=\"async\" src=\"https:\/\/buches-hiver.com\/wp-content\/uploads\/2023\/04\/6-60x60.png\" \/><\/em><\/strong><strong><em>Livraison standard. (5 \u00e0 7 jours) : 18\u2009\u20ac<\/em><\/strong><\/span><br \/>\n<span style=\"color: #ff0000;\"><strong><em>Livraison Express. (3 Jours) : 22\u2009\u20ac<\/em><\/strong><\/span><\/p>","protected":false},"featured_media":8978,"comment_status":"open","ping_status":"closed","template":"","meta":{"_acf_changed":false,"content-type":"","_monsterinsights_skip_tracking":false,"_monsterinsights_sitenote_active":false,"_monsterinsights_sitenote_note":"","_monsterinsights_sitenote_category":0},"pwb-brand":[],"product_brand":[],"product_cat":[40],"product_tag":[33],"class_list":{"0":"post-8170","1":"product","2":"type-product","3":"status-publish","4":"has-post-thumbnail","6":"product_cat-bois-densifie-buches-compressees","7":"product_tag-ajoutez-880-00e-a-votre-panier-et-beneficiez-de-la-livraison-gratuite","9":"first","10":"instock","11":"taxable","12":"shipping-taxable","13":"purchasable","14":"product-type-simple"},"acf":[],"aioseo_notices":[],"brands":[],"_links":{"self":[{"href":"https:\/\/www.buches-chaleor.com\/fr\/wp-json\/wp\/v2\/product\/8170","targetHints":{"allow":["GET"]}}],"collection":[{"href":"https:\/\/www.buches-chaleor.com\/fr\/wp-json\/wp\/v2\/product"}],"about":[{"href":"https:\/\/www.buches-chaleor.com\/fr\/wp-json\/wp\/v2\/types\/product"}],"replies":[{"embeddable":true,"href":"https:\/\/www.buches-chaleor.com\/fr\/wp-json\/wp\/v2\/comments?post=8170"}],"wp:featuredmedia":[{"embeddable":true,"href":"https:\/\/www.buches-chaleor.com\/fr\/wp-json\/wp\/v2\/media\/8978"}],"wp:attachment":[{"href":"https:\/\/www.buches-chaleor.com\/fr\/wp-json\/wp\/v2\/media?parent=8170"}],"wp:term":[{"taxonomy":"pwb-brand","embeddable":true,"href":"https:\/\/www.buches-chaleor.com\/fr\/wp-json\/wp\/v2\/pwb-brand?post=8170"},{"taxonomy":"product_brand","embeddable":true,"href":"https:\/\/www.buches-chaleor.com\/fr\/wp-json\/wp\/v2\/product_brand?post=8170"},{"taxonomy":"product_cat","embeddable":true,"href":"https:\/\/www.buches-chaleor.com\/fr\/wp-json\/wp\/v2\/product_cat?post=8170"},{"taxonomy":"product_tag","embeddable":true,"href":"https:\/\/www.buches-chaleor.com\/fr\/wp-json\/wp\/v2\/product_tag?post=8170"}],"curies":[{"name":"wp","href":"https:\/\/api.w.org\/{rel}","templated":true}]}}