{"id":8150,"date":"2025-10-29T18:03:41","date_gmt":"2025-10-29T18:03:41","guid":{"rendered":"https:\/\/fuelbois.com\/?post_type=product&#038;p=8150"},"modified":"2026-03-08T09:26:18","modified_gmt":"2026-03-08T09:26:18","slug":"rangement-a-granules-bois-felt","status":"publish","type":"product","link":"https:\/\/www.buches-chaleor.com\/fr\/produit\/rangement-a-granules-bois-felt\/","title":{"rendered":"Rangement \u00e0 granul\u00e9s\/bois FELT"},"content":{"rendered":"<p>Objet en feutre chaleureux,\u00a0<strong>solide<\/strong>\u00a0et tendance, il convient parfaitement au\u00a0bois-b\u00fbche en 25 ou 33cm<\/p>\n<p>Disponible en trois couleurs: Noir, Gris et Rouge<\/p>\n<p>Dimensions:<\/p>\n<ul>\n<li>Hauteur: 40cm<\/li>\n<li>Largeur: 30cm<\/li>\n<li>Longueur: 45cm<\/li>\n<\/ul>","protected":false},"excerpt":{"rendered":"<p><span style=\"color: #ff0000;\"><strong><em><img decoding=\"async\" src=\"https:\/\/buches-hiver.com\/wp-content\/uploads\/2023\/04\/6-60x60.png\" \/><\/em><\/strong><strong><em>Livraison standard. (5 \u00e0 7 jours) : 18\u2009\u20ac<\/em><\/strong><\/span><br \/>\n<span style=\"color: #ff0000;\"><strong><em>Livraison Express. (3 Jours) : 22\u2009\u20ac<\/em><\/strong><\/span><\/p>\n<ul>\n<li>Le rangement FELT est un objet de d\u00e9coration et pratique en feutre pour stocker le granul\u00e9 de bois ou les b\u00fbches de 25 ou 33cm.<\/li>\n<li>D\u2019une contenance de 30kg, il permet de stocker jusqu\u2019\u00e0 deux sacs de granul\u00e9s et de le manier facilement \u00e0 l\u2019aide des poign\u00e9es int\u00e9gr\u00e9es.<\/li>\n<li>Disponible en trois couleurs: Noir, Gris et Rouge<\/li>\n<\/ul>","protected":false},"featured_media":9081,"comment_status":"open","ping_status":"closed","template":"","meta":{"_acf_changed":false,"content-type":"","_monsterinsights_skip_tracking":false,"_monsterinsights_sitenote_active":false,"_monsterinsights_sitenote_note":"","_monsterinsights_sitenote_category":0},"pwb-brand":[],"product_brand":[],"product_cat":[30],"product_tag":[33],"class_list":{"0":"post-8150","1":"product","2":"type-product","3":"status-publish","4":"has-post-thumbnail","6":"product_cat-accessoires-outiles","7":"product_tag-ajoutez-880-00e-a-votre-panier-et-beneficiez-de-la-livraison-gratuite","9":"first","10":"instock","11":"taxable","12":"shipping-taxable","13":"purchasable","14":"product-type-simple"},"acf":[],"aioseo_notices":[],"brands":[],"_links":{"self":[{"href":"https:\/\/www.buches-chaleor.com\/fr\/wp-json\/wp\/v2\/product\/8150","targetHints":{"allow":["GET"]}}],"collection":[{"href":"https:\/\/www.buches-chaleor.com\/fr\/wp-json\/wp\/v2\/product"}],"about":[{"href":"https:\/\/www.buches-chaleor.com\/fr\/wp-json\/wp\/v2\/types\/product"}],"replies":[{"embeddable":true,"href":"https:\/\/www.buches-chaleor.com\/fr\/wp-json\/wp\/v2\/comments?post=8150"}],"wp:featuredmedia":[{"embeddable":true,"href":"https:\/\/www.buches-chaleor.com\/fr\/wp-json\/wp\/v2\/media\/9081"}],"wp:attachment":[{"href":"https:\/\/www.buches-chaleor.com\/fr\/wp-json\/wp\/v2\/media?parent=8150"}],"wp:term":[{"taxonomy":"pwb-brand","embeddable":true,"href":"https:\/\/www.buches-chaleor.com\/fr\/wp-json\/wp\/v2\/pwb-brand?post=8150"},{"taxonomy":"product_brand","embeddable":true,"href":"https:\/\/www.buches-chaleor.com\/fr\/wp-json\/wp\/v2\/product_brand?post=8150"},{"taxonomy":"product_cat","embeddable":true,"href":"https:\/\/www.buches-chaleor.com\/fr\/wp-json\/wp\/v2\/product_cat?post=8150"},{"taxonomy":"product_tag","embeddable":true,"href":"https:\/\/www.buches-chaleor.com\/fr\/wp-json\/wp\/v2\/product_tag?post=8150"}],"curies":[{"name":"wp","href":"https:\/\/api.w.org\/{rel}","templated":true}]}}