{"id":8149,"date":"2025-10-29T18:00:30","date_gmt":"2025-10-29T18:00:30","guid":{"rendered":"https:\/\/fuelbois.com\/?post_type=product&#038;p=8149"},"modified":"2026-03-08T09:23:46","modified_gmt":"2026-03-08T09:23:46","slug":"pulse-pelle-a-granules","status":"publish","type":"product","link":"https:\/\/www.buches-chaleor.com\/fr\/produit\/pulse-pelle-a-granules\/","title":{"rendered":"PULSE \u2013 Pelle \u00e0 granul\u00e9s"},"content":{"rendered":"<p>La pellet PULSE permet de manipuler le granul\u00e9 de bois en le tamisant pour \u00e9viter que les poussi\u00e8res soient vid\u00e9es dans l\u2019appareil. En effet les poussi\u00e8res cr\u00e9es lors du transport et la manipulation des granul\u00e9s peuvent provoquer des dysfonctionnements du po\u00eale.<\/p>\n<p>La poign\u00e9e<strong>\u00a0ergonomique<\/strong>\u00a0permet une pr\u00e9hension facile d\u2019un kilogramme de granul\u00e9s dans les rangement \u00e0 granul\u00e9s de type BLEND ou FELT.<\/p>\n<p><strong>Dimensions:<\/strong><\/p>\n<ul>\n<li>Hauteur: 20cm<\/li>\n<li>Diam\u00e8tre: 12cm<\/li>\n<\/ul>","protected":false},"excerpt":{"rendered":"<p><span style=\"color: #ff0000;\"><strong><em><img decoding=\"async\" src=\"https:\/\/buches-hiver.com\/wp-content\/uploads\/2023\/04\/6-60x60.png\" \/><\/em><\/strong><strong><em>Livraison standard. (5 \u00e0 7 jours) : 18\u2009\u20ac<\/em><\/strong><\/span><br \/>\n<span style=\"color: #ff0000;\"><strong><em>Livraison Express. (3 Jours) : 22\u2009\u20ac<\/em><\/strong><\/span><\/p>\n<ul>\n<li>Pelle \u00e0 granul\u00e9s en acier avec tamis int\u00e9gr\u00e9<\/li>\n<li>Poign\u00e9e ergonomique, contenance 1kg<\/li>\n<li>Couleur: Noir givr\u00e9<\/li>\n<\/ul>","protected":false},"featured_media":9078,"comment_status":"open","ping_status":"closed","template":"","meta":{"_acf_changed":false,"content-type":"","_monsterinsights_skip_tracking":false,"_monsterinsights_sitenote_active":false,"_monsterinsights_sitenote_note":"","_monsterinsights_sitenote_category":0},"pwb-brand":[],"product_brand":[],"product_cat":[30],"product_tag":[33],"class_list":{"0":"post-8149","1":"product","2":"type-product","3":"status-publish","4":"has-post-thumbnail","6":"product_cat-accessoires-outiles","7":"product_tag-ajoutez-880-00e-a-votre-panier-et-beneficiez-de-la-livraison-gratuite","9":"first","10":"instock","11":"taxable","12":"shipping-taxable","13":"purchasable","14":"product-type-simple"},"acf":[],"aioseo_notices":[],"brands":[],"_links":{"self":[{"href":"https:\/\/www.buches-chaleor.com\/fr\/wp-json\/wp\/v2\/product\/8149","targetHints":{"allow":["GET"]}}],"collection":[{"href":"https:\/\/www.buches-chaleor.com\/fr\/wp-json\/wp\/v2\/product"}],"about":[{"href":"https:\/\/www.buches-chaleor.com\/fr\/wp-json\/wp\/v2\/types\/product"}],"replies":[{"embeddable":true,"href":"https:\/\/www.buches-chaleor.com\/fr\/wp-json\/wp\/v2\/comments?post=8149"}],"wp:featuredmedia":[{"embeddable":true,"href":"https:\/\/www.buches-chaleor.com\/fr\/wp-json\/wp\/v2\/media\/9078"}],"wp:attachment":[{"href":"https:\/\/www.buches-chaleor.com\/fr\/wp-json\/wp\/v2\/media?parent=8149"}],"wp:term":[{"taxonomy":"pwb-brand","embeddable":true,"href":"https:\/\/www.buches-chaleor.com\/fr\/wp-json\/wp\/v2\/pwb-brand?post=8149"},{"taxonomy":"product_brand","embeddable":true,"href":"https:\/\/www.buches-chaleor.com\/fr\/wp-json\/wp\/v2\/product_brand?post=8149"},{"taxonomy":"product_cat","embeddable":true,"href":"https:\/\/www.buches-chaleor.com\/fr\/wp-json\/wp\/v2\/product_cat?post=8149"},{"taxonomy":"product_tag","embeddable":true,"href":"https:\/\/www.buches-chaleor.com\/fr\/wp-json\/wp\/v2\/product_tag?post=8149"}],"curies":[{"name":"wp","href":"https:\/\/api.w.org\/{rel}","templated":true}]}}