{"id":8114,"date":"2025-10-29T16:46:27","date_gmt":"2025-10-29T16:46:27","guid":{"rendered":"https:\/\/fuelbois.com\/?post_type=product&#038;p=8114"},"modified":"2026-03-08T09:24:05","modified_gmt":"2026-03-08T09:24:05","slug":"poudre-de-ramonage-chimique","status":"publish","type":"product","link":"https:\/\/www.buches-chaleor.com\/fr\/produit\/poudre-de-ramonage-chimique\/","title":{"rendered":"Poudre de Ramonage chimique"},"content":{"rendered":"<p>L\u2019utilisation de bois trop humide ou r\u00e9sineux est g\u00e9n\u00e9ratrice de suies et de goudrons qui r\u00e9sultent des fum\u00e9es denses traduisant une combustion incompl\u00e8te de la mati\u00e8re.<br \/>\nL\u2019utilisation d\u2019allumeurs et de b\u00fbches agglom\u00e9r\u00e9es \u00e0 base de paraffine d\u00e9pose \u00e9galement de tr\u00e8s fortes quantit\u00e9s de suies car la paraffine est un tr\u00e8s mauvais combustible.<br \/>\nLa Poudre d\u2019Entretien Ramonage CALUMET, gr\u00e2ce \u00e0 un m\u00e9lange de sels judicieusement formul\u00e9s, agit selon des r\u00e9actions de catalyse chimique sur les bitumes, goudrons, bistres, suies produites par la combustion du bois et qui s\u2019incrustent dans le conduit.<br \/>\nLa Poudre d\u2019Entretien Ramonage CALUMET est le compl\u00e9ment id\u00e9al du ramonage pour assurer l\u2019entretien r\u00e9gulier des conduits. Il ne dispense donc pas du ramonage m\u00e9canique annuel de la chemin\u00e9e par un professionnel, seul traitement admis par les assureurs apr\u00e8s expertise toutefois si incident.<\/p>\n<p>&nbsp;<\/p>\n<p><strong>MODE D\u2019EMPLOI :<\/strong><\/p>\n<p>Faire un bon feu pour obtenir un lit de braises qui r\u00e9chauffera le conduit et ramollira les goudrons pr\u00e9sents. Jeter le nombre de doses indiqu\u00e9es sur FEU VIF. Laisser agir les vapeurs sur les incrustations sans agiter les braises.<\/p>\n<p>Sur foyer ferm\u00e9, diminuer le tirage pour maintenir les vapeurs en contact avec les incrustations pendant une quinzaine de minutes.<\/p>\n<p>&nbsp;<\/p>\n<p><strong>QUALITE :<\/strong><\/p>\n<p>Ce produit \u00e9labor\u00e9 au sein de CHIMINOVE comporte tous les crit\u00e8res de qualit\u00e9 et de tra\u00e7abilit\u00e9.<\/p>","protected":false},"excerpt":{"rendered":"<p><span style=\"color: #ff0000;\"><strong><em><img decoding=\"async\" src=\"https:\/\/buches-hiver.com\/wp-content\/uploads\/2023\/04\/6-60x60.png\" \/><\/em><\/strong><strong><em>Livraison standard. (5 \u00e0 7 jours) : 18\u2009\u20ac<\/em><\/strong><\/span><br \/>\n<span style=\"color: #ff0000;\"><strong><em>Livraison Express. (3 Jours) : 22\u2009\u20ac<\/em><\/strong><\/span><\/p>\n<p>Destruteur de goudron et de suie.<\/p>\n<p>Convient pour :<\/p>\n<ul>\n<li>Feux ouverts<\/li>\n<li>Po\u00eales \u00e0 bois<\/li>\n<li>Po\u00eales \u00e0 charbon<\/li>\n<\/ul>\n<p>Pr\u00e9sentation en boite \u00e9tanche refermable \u00e9tanche de 1Kg avec mesurette doseuse.<\/p>","protected":false},"featured_media":9077,"comment_status":"open","ping_status":"closed","template":"","meta":{"_acf_changed":false,"content-type":"","_monsterinsights_skip_tracking":false,"_monsterinsights_sitenote_active":false,"_monsterinsights_sitenote_note":"","_monsterinsights_sitenote_category":0},"pwb-brand":[],"product_brand":[],"product_cat":[30],"product_tag":[33],"class_list":{"0":"post-8114","1":"product","2":"type-product","3":"status-publish","4":"has-post-thumbnail","6":"product_cat-accessoires-outiles","7":"product_tag-ajoutez-880-00e-a-votre-panier-et-beneficiez-de-la-livraison-gratuite","9":"first","10":"instock","11":"taxable","12":"shipping-taxable","13":"purchasable","14":"product-type-simple"},"acf":[],"aioseo_notices":[],"brands":[],"_links":{"self":[{"href":"https:\/\/www.buches-chaleor.com\/fr\/wp-json\/wp\/v2\/product\/8114","targetHints":{"allow":["GET"]}}],"collection":[{"href":"https:\/\/www.buches-chaleor.com\/fr\/wp-json\/wp\/v2\/product"}],"about":[{"href":"https:\/\/www.buches-chaleor.com\/fr\/wp-json\/wp\/v2\/types\/product"}],"replies":[{"embeddable":true,"href":"https:\/\/www.buches-chaleor.com\/fr\/wp-json\/wp\/v2\/comments?post=8114"}],"wp:featuredmedia":[{"embeddable":true,"href":"https:\/\/www.buches-chaleor.com\/fr\/wp-json\/wp\/v2\/media\/9077"}],"wp:attachment":[{"href":"https:\/\/www.buches-chaleor.com\/fr\/wp-json\/wp\/v2\/media?parent=8114"}],"wp:term":[{"taxonomy":"pwb-brand","embeddable":true,"href":"https:\/\/www.buches-chaleor.com\/fr\/wp-json\/wp\/v2\/pwb-brand?post=8114"},{"taxonomy":"product_brand","embeddable":true,"href":"https:\/\/www.buches-chaleor.com\/fr\/wp-json\/wp\/v2\/product_brand?post=8114"},{"taxonomy":"product_cat","embeddable":true,"href":"https:\/\/www.buches-chaleor.com\/fr\/wp-json\/wp\/v2\/product_cat?post=8114"},{"taxonomy":"product_tag","embeddable":true,"href":"https:\/\/www.buches-chaleor.com\/fr\/wp-json\/wp\/v2\/product_tag?post=8114"}],"curies":[{"name":"wp","href":"https:\/\/api.w.org\/{rel}","templated":true}]}}