{"id":8111,"date":"2025-10-29T16:43:04","date_gmt":"2025-10-29T16:43:04","guid":{"rendered":"https:\/\/fuelbois.com\/?post_type=product&#038;p=8111"},"modified":"2026-03-08T09:21:05","modified_gmt":"2026-03-08T09:21:05","slug":"palass-rangement-a-granules-45kg","status":"publish","type":"product","link":"https:\/\/www.buches-chaleor.com\/fr\/produit\/palass-rangement-a-granules-45kg\/","title":{"rendered":"PALASS \u2013 Rangement \u00e0 granul\u00e9s 45kg"},"content":{"rendered":"<p>Dot\u00e9 d\u2019un design d\u2019une grande sobri\u00e9t\u00e9, le rangement \u00e0 granul\u00e9s BATISS est avant tout pratique.<\/p>\n<p>Les avantages produit:<\/p>\n<ul>\n<li><strong>Sur roulettes<\/strong>\u00a0pour rapprocher le rangement le plus pr\u00e8s du point de stockage de granul\u00e9s<\/li>\n<li>Inclut un\u00a0<strong>couvercle peint<\/strong><\/li>\n<li><strong>Poign\u00e9e<\/strong>\u00a0utilisable pour suspendre le couvercle<\/li>\n<li><strong>Fabrication Fran\u00e7aise<\/strong><\/li>\n<\/ul>\n<p>&nbsp;<\/p>\n<ul>\n<li><span class=\"black\"><strong>Hauteur : 53,5<\/strong>\u00a0cm<\/span><\/li>\n<li><span class=\"black\"><strong>Diam\u00e8tre :<\/strong>\u00a046,5 cm<\/span><\/li>\n<\/ul>\n<p><span class=\"black\">Fait partie de la s\u00e9rie BATISS, VILLA, PALASS de 15, 30 ou 45kg de contenance.<\/span><\/p>","protected":false},"excerpt":{"rendered":"<p><span style=\"color: #ff0000;\"><strong><em><img decoding=\"async\" src=\"https:\/\/buches-hiver.com\/wp-content\/uploads\/2023\/04\/6-60x60.png\" \/><\/em><\/strong><strong><em>Livraison standard. (5 \u00e0 7 jours) : 18\u2009\u20ac<\/em><\/strong><\/span><br \/>\n<span style=\"color: #ff0000;\"><strong><em>Livraison Express. (3 Jours) : 22\u2009\u20ac<\/em><\/strong><\/span><\/p>\n<ul>\n<li>Rangement \u00e0 granul\u00e9s design par DIXNEUF, disponible en noir givr\u00e9, avec 3 couleurs de couvercle diff\u00e9rentes<\/li>\n<li>Le rangement est sur roulettes et peut contenir 3 sacs de 15kg de mani\u00e8re tr\u00e8s esth\u00e9tique.<\/li>\n<li>Le couvercle est dot\u00e9 d\u2019une poign\u00e9e qui sert \u00e9galement \u00e0 suspendre apr\u00e8s le rangement<\/li>\n<li>Fait partie de la s\u00e9rie BATISS, VILLA, PALASS de 15, 30 ou 45kg de contenance.<\/li>\n<\/ul>","protected":false},"featured_media":9074,"comment_status":"open","ping_status":"closed","template":"","meta":{"_acf_changed":false,"content-type":"","_monsterinsights_skip_tracking":false,"_monsterinsights_sitenote_active":false,"_monsterinsights_sitenote_note":"","_monsterinsights_sitenote_category":0},"pwb-brand":[],"product_brand":[],"product_cat":[30],"product_tag":[33],"class_list":{"0":"post-8111","1":"product","2":"type-product","3":"status-publish","4":"has-post-thumbnail","6":"product_cat-accessoires-outiles","7":"product_tag-ajoutez-880-00e-a-votre-panier-et-beneficiez-de-la-livraison-gratuite","9":"first","10":"instock","11":"taxable","12":"shipping-taxable","13":"purchasable","14":"product-type-simple"},"acf":[],"aioseo_notices":[],"brands":[],"_links":{"self":[{"href":"https:\/\/www.buches-chaleor.com\/fr\/wp-json\/wp\/v2\/product\/8111","targetHints":{"allow":["GET"]}}],"collection":[{"href":"https:\/\/www.buches-chaleor.com\/fr\/wp-json\/wp\/v2\/product"}],"about":[{"href":"https:\/\/www.buches-chaleor.com\/fr\/wp-json\/wp\/v2\/types\/product"}],"replies":[{"embeddable":true,"href":"https:\/\/www.buches-chaleor.com\/fr\/wp-json\/wp\/v2\/comments?post=8111"}],"wp:featuredmedia":[{"embeddable":true,"href":"https:\/\/www.buches-chaleor.com\/fr\/wp-json\/wp\/v2\/media\/9074"}],"wp:attachment":[{"href":"https:\/\/www.buches-chaleor.com\/fr\/wp-json\/wp\/v2\/media?parent=8111"}],"wp:term":[{"taxonomy":"pwb-brand","embeddable":true,"href":"https:\/\/www.buches-chaleor.com\/fr\/wp-json\/wp\/v2\/pwb-brand?post=8111"},{"taxonomy":"product_brand","embeddable":true,"href":"https:\/\/www.buches-chaleor.com\/fr\/wp-json\/wp\/v2\/product_brand?post=8111"},{"taxonomy":"product_cat","embeddable":true,"href":"https:\/\/www.buches-chaleor.com\/fr\/wp-json\/wp\/v2\/product_cat?post=8111"},{"taxonomy":"product_tag","embeddable":true,"href":"https:\/\/www.buches-chaleor.com\/fr\/wp-json\/wp\/v2\/product_tag?post=8111"}],"curies":[{"name":"wp","href":"https:\/\/api.w.org\/{rel}","templated":true}]}}