{"id":8109,"date":"2025-10-29T16:29:50","date_gmt":"2025-10-29T16:29:50","guid":{"rendered":"https:\/\/fuelbois.com\/?post_type=product&#038;p=8109"},"modified":"2026-03-08T09:13:41","modified_gmt":"2026-03-08T09:13:41","slug":"jeroboam-rangement-a-buches-noir","status":"publish","type":"product","link":"https:\/\/www.buches-chaleor.com\/fr\/produit\/jeroboam-rangement-a-buches-noir\/","title":{"rendered":"JEROBOAM Rangement \u00e0 B\u00fbches Noir"},"content":{"rendered":"<p>Le rangement \u00e0 b\u00fbches\u00a0JEROBOAM permet de stocker environ trente b\u00fbches de longueur 33cm\u00a0pr\u00e8s du foyer, avec un design soign\u00e9.<\/p>\n<p>Dimensions:<\/p>\n<ul>\n<li>Hauteur: 83cm<\/li>\n<li>Longueur: 35cm<\/li>\n<li>Profondeur: 30cm<\/li>\n<\/ul>","protected":false},"excerpt":{"rendered":"<p><span style=\"color: #ff0000;\"><strong><em><img decoding=\"async\" src=\"https:\/\/buches-hiver.com\/wp-content\/uploads\/2023\/04\/6-60x60.png\" \/><\/em><\/strong><strong><em>Livraison standard. (5 \u00e0 7 jours) : 18\u2009\u20ac<\/em><\/strong><\/span><br \/>\n<span style=\"color: #ff0000;\"><strong><em>Livraison Express. (3 Jours) : 22\u2009\u20ac<\/em><\/strong><\/span><\/p>\n<ul>\n<li>Le design raffin\u00e9 tout en courbes du rangement \u00e0 b\u00fbches JEROBOAM permet de stocker une trentaine de b\u00fbches en s\u2019int\u00e9grant parfaitement dans le d\u00e9cor.<\/li>\n<li>Fabrication en acier<\/li>\n<li>Disponible Noir givr\u00e9<\/li>\n<\/ul>","protected":false},"featured_media":9065,"comment_status":"open","ping_status":"closed","template":"","meta":{"_acf_changed":false,"content-type":"","_monsterinsights_skip_tracking":false,"_monsterinsights_sitenote_active":false,"_monsterinsights_sitenote_note":"","_monsterinsights_sitenote_category":0},"pwb-brand":[],"product_brand":[],"product_cat":[30],"product_tag":[33],"class_list":{"0":"post-8109","1":"product","2":"type-product","3":"status-publish","4":"has-post-thumbnail","6":"product_cat-accessoires-outiles","7":"product_tag-ajoutez-880-00e-a-votre-panier-et-beneficiez-de-la-livraison-gratuite","9":"first","10":"instock","11":"taxable","12":"shipping-taxable","13":"purchasable","14":"product-type-simple"},"acf":[],"aioseo_notices":[],"brands":[],"_links":{"self":[{"href":"https:\/\/www.buches-chaleor.com\/fr\/wp-json\/wp\/v2\/product\/8109","targetHints":{"allow":["GET"]}}],"collection":[{"href":"https:\/\/www.buches-chaleor.com\/fr\/wp-json\/wp\/v2\/product"}],"about":[{"href":"https:\/\/www.buches-chaleor.com\/fr\/wp-json\/wp\/v2\/types\/product"}],"replies":[{"embeddable":true,"href":"https:\/\/www.buches-chaleor.com\/fr\/wp-json\/wp\/v2\/comments?post=8109"}],"wp:featuredmedia":[{"embeddable":true,"href":"https:\/\/www.buches-chaleor.com\/fr\/wp-json\/wp\/v2\/media\/9065"}],"wp:attachment":[{"href":"https:\/\/www.buches-chaleor.com\/fr\/wp-json\/wp\/v2\/media?parent=8109"}],"wp:term":[{"taxonomy":"pwb-brand","embeddable":true,"href":"https:\/\/www.buches-chaleor.com\/fr\/wp-json\/wp\/v2\/pwb-brand?post=8109"},{"taxonomy":"product_brand","embeddable":true,"href":"https:\/\/www.buches-chaleor.com\/fr\/wp-json\/wp\/v2\/product_brand?post=8109"},{"taxonomy":"product_cat","embeddable":true,"href":"https:\/\/www.buches-chaleor.com\/fr\/wp-json\/wp\/v2\/product_cat?post=8109"},{"taxonomy":"product_tag","embeddable":true,"href":"https:\/\/www.buches-chaleor.com\/fr\/wp-json\/wp\/v2\/product_tag?post=8109"}],"curies":[{"name":"wp","href":"https:\/\/api.w.org\/{rel}","templated":true}]}}