{"id":8106,"date":"2025-10-29T16:38:53","date_gmt":"2025-10-29T16:38:53","guid":{"rendered":"https:\/\/fuelbois.com\/?post_type=product&#038;p=8106"},"modified":"2026-03-08T09:19:12","modified_gmt":"2026-03-08T09:19:12","slug":"opus-rangement-a-granules","status":"publish","type":"product","link":"https:\/\/www.buches-chaleor.com\/fr\/produit\/opus-rangement-a-granules\/","title":{"rendered":"OPUS \u2013 Rangement \u00e0 granul\u00e9s"},"content":{"rendered":"<p>Rangement \u00e0 granul\u00e9s en acier d\u2019une contenance de 42kg avec visibilit\u00e9 du niveau de granul\u00e9s \u00e0 travers une vitre.<\/p>\n<p>Id\u00e9al pour ranger le granul\u00e9 \u00e0 proximit\u00e9 et faciliter le chargement du po\u00eale avec la pelle fournie.<\/p>\n<p>Couvercle en acier et mont\u00e9 sur roulettes.<\/p>\n<p><strong>Dimensions:<\/strong><\/p>\n<ul>\n<li>Hauteur: 66cm<\/li>\n<li>Largeur: 40cm<\/li>\n<li>Profondeur: 30cm<\/li>\n<\/ul>","protected":false},"excerpt":{"rendered":"<p><span style=\"color: #ff0000;\"><strong><em><img decoding=\"async\" src=\"https:\/\/buches-hiver.com\/wp-content\/uploads\/2023\/04\/6-60x60.png\" \/><\/em><\/strong><strong><em>Livraison standard. (5 \u00e0 7 jours) : 18\u2009\u20ac<\/em><\/strong><\/span><br \/>\n<span style=\"color: #ff0000;\"><strong><em>Livraison Express. (3 Jours) : 22\u2009\u20ac<\/em><\/strong><\/span><\/p>\n<ul>\n<li>Stockage de granul\u00e9s sur roulettes d\u2019une contenance d\u2019environ 40kg<\/li>\n<li>Contenant en acier et disponible en trois couleurs: blanc, gris sabl\u00e9 et noir givr\u00e9<\/li>\n<li>Livr\u00e9 avec une pelle PULSE en acier noir permettant de tamiser un maximum de poussi\u00e8res<\/li>\n<\/ul>","protected":false},"featured_media":9071,"comment_status":"open","ping_status":"closed","template":"","meta":{"_acf_changed":false,"content-type":"","_monsterinsights_skip_tracking":false,"_monsterinsights_sitenote_active":false,"_monsterinsights_sitenote_note":"","_monsterinsights_sitenote_category":0},"pwb-brand":[],"product_brand":[],"product_cat":[30],"product_tag":[33],"class_list":{"0":"post-8106","1":"product","2":"type-product","3":"status-publish","4":"has-post-thumbnail","6":"product_cat-accessoires-outiles","7":"product_tag-ajoutez-880-00e-a-votre-panier-et-beneficiez-de-la-livraison-gratuite","9":"first","10":"instock","11":"taxable","12":"shipping-taxable","13":"purchasable","14":"product-type-simple"},"acf":[],"aioseo_notices":[],"brands":[],"_links":{"self":[{"href":"https:\/\/www.buches-chaleor.com\/fr\/wp-json\/wp\/v2\/product\/8106","targetHints":{"allow":["GET"]}}],"collection":[{"href":"https:\/\/www.buches-chaleor.com\/fr\/wp-json\/wp\/v2\/product"}],"about":[{"href":"https:\/\/www.buches-chaleor.com\/fr\/wp-json\/wp\/v2\/types\/product"}],"replies":[{"embeddable":true,"href":"https:\/\/www.buches-chaleor.com\/fr\/wp-json\/wp\/v2\/comments?post=8106"}],"wp:featuredmedia":[{"embeddable":true,"href":"https:\/\/www.buches-chaleor.com\/fr\/wp-json\/wp\/v2\/media\/9071"}],"wp:attachment":[{"href":"https:\/\/www.buches-chaleor.com\/fr\/wp-json\/wp\/v2\/media?parent=8106"}],"wp:term":[{"taxonomy":"pwb-brand","embeddable":true,"href":"https:\/\/www.buches-chaleor.com\/fr\/wp-json\/wp\/v2\/pwb-brand?post=8106"},{"taxonomy":"product_brand","embeddable":true,"href":"https:\/\/www.buches-chaleor.com\/fr\/wp-json\/wp\/v2\/product_brand?post=8106"},{"taxonomy":"product_cat","embeddable":true,"href":"https:\/\/www.buches-chaleor.com\/fr\/wp-json\/wp\/v2\/product_cat?post=8106"},{"taxonomy":"product_tag","embeddable":true,"href":"https:\/\/www.buches-chaleor.com\/fr\/wp-json\/wp\/v2\/product_tag?post=8106"}],"curies":[{"name":"wp","href":"https:\/\/api.w.org\/{rel}","templated":true}]}}