{"id":8103,"date":"2025-10-29T16:26:43","date_gmt":"2025-10-29T16:26:43","guid":{"rendered":"https:\/\/fuelbois.com\/?post_type=product&#038;p=8103"},"modified":"2026-03-08T09:11:15","modified_gmt":"2026-03-08T09:11:15","slug":"gel-allume-feu-calumet-origine-vegetale","status":"publish","type":"product","link":"https:\/\/www.buches-chaleor.com\/fr\/produit\/gel-allume-feu-calumet-origine-vegetale\/","title":{"rendered":"Gel Allume feu Calumet \u2013 origine v\u00e9g\u00e9tale"},"content":{"rendered":"<h2>Le Gel Allume feu \u2013 pratique et propre<\/h2>\n<p>Destin\u00e9 aux consommateurs press\u00e9s pour allumer.<br \/>\nTr\u00e8s s\u00fbr et efficace pour l\u2019allumage des feux de bois. Sans k\u00e9roz\u00e8ne<\/p>\n<p>NOTRE AVIS :<\/p>\n<ul>\n<li>Produit multi-usages destin\u00e9 aux consommateurs press\u00e9s.<\/li>\n<li>Pratique \u2013 Propre \u2013 Sans odeur et d\u2019une grande s\u00e9curit\u00e9 d\u2019emploi.<\/li>\n<li>Produit tr\u00e8s \u00e9conomique pour les r\u00e9chauds \u00e0 fondue en regard des barquettes<\/li>\n<\/ul>","protected":false},"excerpt":{"rendered":"<p><span style=\"color: #ff0000;\"><strong><em><img decoding=\"async\" src=\"https:\/\/buches-hiver.com\/wp-content\/uploads\/2023\/04\/6-60x60.png\" \/><\/em><\/strong><strong><em>Livraison standard. (5 \u00e0 7 jours) : 18\u2009\u20ac<\/em><\/strong><\/span><br \/>\n<span style=\"color: #ff0000;\"><strong><em>Livraison Express. (3 Jours) : 22\u2009\u20ac<\/em><\/strong><\/span><\/p>\n<ul>\n<li>S\u00fbr et efficace, id\u00e9al pour le barbecue, les inserts, chemin\u00e9es, po\u00eales, r\u00e9chauds \u00e0 fondue et \u00e9chauffe plats.<\/li>\n<li>Ne d\u00e9nature pas la saveur des aliments, sans k\u00e9roz\u00e8ne<\/li>\n<\/ul>","protected":false},"featured_media":9064,"comment_status":"open","ping_status":"closed","template":"","meta":{"_acf_changed":false,"content-type":"","_monsterinsights_skip_tracking":false,"_monsterinsights_sitenote_active":false,"_monsterinsights_sitenote_note":"","_monsterinsights_sitenote_category":0},"pwb-brand":[],"product_brand":[],"product_cat":[30],"product_tag":[33],"class_list":{"0":"post-8103","1":"product","2":"type-product","3":"status-publish","4":"has-post-thumbnail","6":"product_cat-accessoires-outiles","7":"product_tag-ajoutez-880-00e-a-votre-panier-et-beneficiez-de-la-livraison-gratuite","9":"first","10":"instock","11":"taxable","12":"shipping-taxable","13":"purchasable","14":"product-type-simple"},"acf":[],"aioseo_notices":[],"brands":[],"_links":{"self":[{"href":"https:\/\/www.buches-chaleor.com\/fr\/wp-json\/wp\/v2\/product\/8103","targetHints":{"allow":["GET"]}}],"collection":[{"href":"https:\/\/www.buches-chaleor.com\/fr\/wp-json\/wp\/v2\/product"}],"about":[{"href":"https:\/\/www.buches-chaleor.com\/fr\/wp-json\/wp\/v2\/types\/product"}],"replies":[{"embeddable":true,"href":"https:\/\/www.buches-chaleor.com\/fr\/wp-json\/wp\/v2\/comments?post=8103"}],"wp:featuredmedia":[{"embeddable":true,"href":"https:\/\/www.buches-chaleor.com\/fr\/wp-json\/wp\/v2\/media\/9064"}],"wp:attachment":[{"href":"https:\/\/www.buches-chaleor.com\/fr\/wp-json\/wp\/v2\/media?parent=8103"}],"wp:term":[{"taxonomy":"pwb-brand","embeddable":true,"href":"https:\/\/www.buches-chaleor.com\/fr\/wp-json\/wp\/v2\/pwb-brand?post=8103"},{"taxonomy":"product_brand","embeddable":true,"href":"https:\/\/www.buches-chaleor.com\/fr\/wp-json\/wp\/v2\/product_brand?post=8103"},{"taxonomy":"product_cat","embeddable":true,"href":"https:\/\/www.buches-chaleor.com\/fr\/wp-json\/wp\/v2\/product_cat?post=8103"},{"taxonomy":"product_tag","embeddable":true,"href":"https:\/\/www.buches-chaleor.com\/fr\/wp-json\/wp\/v2\/product_tag?post=8103"}],"curies":[{"name":"wp","href":"https:\/\/api.w.org\/{rel}","templated":true}]}}