{"id":8101,"date":"2025-10-29T16:17:35","date_gmt":"2025-10-29T16:17:35","guid":{"rendered":"https:\/\/fuelbois.com\/?post_type=product&#038;p=8101"},"modified":"2026-03-08T09:05:59","modified_gmt":"2026-03-08T09:05:59","slug":"buche-de-ramonage-et-dentretien","status":"publish","type":"product","link":"https:\/\/www.buches-chaleor.com\/fr\/produit\/buche-de-ramonage-et-dentretien\/","title":{"rendered":"B\u00fbche de Ramonage et d\u2019entretien"},"content":{"rendered":"<p>L\u2019utilisation de bois trop humide ou r\u00e9sineux est g\u00e9n\u00e9ratrice de suies et de goudrons qui r\u00e9sultent des fum\u00e9es denses traduisant une combustion incompl\u00e8te de la mati\u00e8re.<\/p>\n<p>L\u2019utilisation d\u2019allumeurs et de b\u00fbches agglom\u00e9r\u00e9es \u00e0 base de paraffine d\u00e9pose \u00e9galement de tr\u00e8s fortes quantit\u00e9s de suies car la paraffine est un tr\u00e8s mauvais combustible.<br \/>\nLa B\u00fbche d\u2019entretien ramonage CALUMET, gr\u00e2ce \u00e0 un m\u00e9lange de bois et de principes actifs, agit selon des r\u00e9actions de catalyse chimique sur les bitumes, goudrons, bistres, suies produites par la combustion du bois et qui s\u2019incrustent dans le conduit.<\/p>\n<p>La b\u00fbche entretien ramonage est le compl\u00e9ment id\u00e9al du ramonage pour assurer l\u2019entretien r\u00e9gulier des conduits. Il ne dispense donc pas du ramonage m\u00e9canique annuel de la chemin\u00e9e par un professionnel, seul traitement admis par les assureurs apr\u00e8s expertise toutefois si incident.<\/p>\n<p><strong>MODE D\u2019EMPLOI :<\/strong><\/p>\n<p>Faire un bon feu pour obtenir un lit de braises qui r\u00e9chauffera le conduit et ramollira les goudrons pr\u00e9sents. D\u00e9poser la B\u00fbche entretien ramonage CALUMET envelopp\u00e9e dans son sac sur la braise.<\/p>\n<p>Laisser agir la combustion de 40 \u00e0 60 minutrs suivant l\u2019intensit\u00e9 du feu.<\/p>\n<p>Recharger en combustible.<\/p>\n<p>Compatible inox, elle optimise le rendement du foyer.<\/p>\n<p><strong>COMPOSITION :<\/strong><\/p>\n<p>Bois, chlorure d\u2019ammonium, sulfate de cuivre pentahydrate.<\/p>","protected":false},"excerpt":{"rendered":"<p><span style=\"color: #ff0000;\"><strong><em><img decoding=\"async\" src=\"https:\/\/buches-hiver.com\/wp-content\/uploads\/2023\/04\/6-60x60.png\" \/><\/em><\/strong><strong><em>Livraison standard. (5 \u00e0 7 jours) : 18\u2009\u20ac<\/em><\/strong><\/span><br \/>\n<span style=\"color: #ff0000;\"><strong><em>Livraison Express. (3 Jours) : 22\u2009\u20ac<\/em><\/strong><\/span><\/p>\n<p>LA B\u00fbche entretien et ramonage CALUMET est adapt\u00e9e pour l\u2019entretien \/ ramonage des chemin\u00e9es, inserts et po\u00eales \u00e0 bois de chauffage.<\/p>\n<p>Application:<br \/>\nConduits de chemin\u00e9es , inserts et po\u00eales \u00e0 bois b\u00fbches.<\/p>\n<p>Formul\u00e9e \u00e0 partir de boiscompress\u00e9, et de mati\u00e8res actives, LA B\u00fbche entretien ramonage CALUMET d\u00e9truit suies et goudrons accumul\u00e9s dans le conduit de chemin\u00e9e, insert ou po\u00eale.<\/p>","protected":false},"featured_media":9043,"comment_status":"open","ping_status":"closed","template":"","meta":{"_acf_changed":false,"content-type":"","_monsterinsights_skip_tracking":false,"_monsterinsights_sitenote_active":false,"_monsterinsights_sitenote_note":"","_monsterinsights_sitenote_category":0},"pwb-brand":[],"product_brand":[],"product_cat":[30],"product_tag":[33],"class_list":{"0":"post-8101","1":"product","2":"type-product","3":"status-publish","4":"has-post-thumbnail","6":"product_cat-accessoires-outiles","7":"product_tag-ajoutez-880-00e-a-votre-panier-et-beneficiez-de-la-livraison-gratuite","9":"first","10":"instock","11":"taxable","12":"shipping-taxable","13":"purchasable","14":"product-type-simple"},"acf":[],"aioseo_notices":[],"brands":[],"_links":{"self":[{"href":"https:\/\/www.buches-chaleor.com\/fr\/wp-json\/wp\/v2\/product\/8101","targetHints":{"allow":["GET"]}}],"collection":[{"href":"https:\/\/www.buches-chaleor.com\/fr\/wp-json\/wp\/v2\/product"}],"about":[{"href":"https:\/\/www.buches-chaleor.com\/fr\/wp-json\/wp\/v2\/types\/product"}],"replies":[{"embeddable":true,"href":"https:\/\/www.buches-chaleor.com\/fr\/wp-json\/wp\/v2\/comments?post=8101"}],"wp:featuredmedia":[{"embeddable":true,"href":"https:\/\/www.buches-chaleor.com\/fr\/wp-json\/wp\/v2\/media\/9043"}],"wp:attachment":[{"href":"https:\/\/www.buches-chaleor.com\/fr\/wp-json\/wp\/v2\/media?parent=8101"}],"wp:term":[{"taxonomy":"pwb-brand","embeddable":true,"href":"https:\/\/www.buches-chaleor.com\/fr\/wp-json\/wp\/v2\/pwb-brand?post=8101"},{"taxonomy":"product_brand","embeddable":true,"href":"https:\/\/www.buches-chaleor.com\/fr\/wp-json\/wp\/v2\/product_brand?post=8101"},{"taxonomy":"product_cat","embeddable":true,"href":"https:\/\/www.buches-chaleor.com\/fr\/wp-json\/wp\/v2\/product_cat?post=8101"},{"taxonomy":"product_tag","embeddable":true,"href":"https:\/\/www.buches-chaleor.com\/fr\/wp-json\/wp\/v2\/product_tag?post=8101"}],"curies":[{"name":"wp","href":"https:\/\/api.w.org\/{rel}","templated":true}]}}