{"id":8100,"date":"2025-10-29T16:15:08","date_gmt":"2025-10-29T16:15:08","guid":{"rendered":"https:\/\/fuelbois.com\/?post_type=product&#038;p=8100"},"modified":"2026-03-08T09:04:49","modified_gmt":"2026-03-08T09:04:49","slug":"blend-rangement-a-bois-ou-granules","status":"publish","type":"product","link":"https:\/\/www.buches-chaleor.com\/fr\/produit\/blend-rangement-a-bois-ou-granules\/","title":{"rendered":"BLEND \u2013 Rangement \u00e0 bois ou granul\u00e9s"},"content":{"rendered":"<p>Construit en acier avec des pieds en bois, BLEND associe au mieux ces deux mat\u00e9riaux dans un<strong>\u00a0design<\/strong>\u00a0des plus r\u00e9ussis.<\/p>\n<p>Il est avant tout\u00a0<strong>pratique et robuste<\/strong>\u00a0pour une utilisation quotidienne aupr\u00e8s du feu.<\/p>\n<p>Capacit\u00e9: 30kg<\/p>\n<p>Dimensions:<\/p>\n<ul>\n<li>Hauteur: 45cm<\/li>\n<li>Diam\u00e8tre: 40cm<\/li>\n<\/ul>\n<p>Peut \u00e9galement contenir des\u00a0<strong>b\u00fbches de bois en 33cm<\/strong><\/p>","protected":false},"excerpt":{"rendered":"<p><span style=\"color: #ff0000;\"><strong><em><img decoding=\"async\" src=\"https:\/\/buches-hiver.com\/wp-content\/uploads\/2023\/04\/6-60x60.png\" \/><\/em><\/strong><strong><em>Livraison standard. (5 \u00e0 7 jours) : 18\u2009\u20ac<\/em><\/strong><\/span><br \/>\n<span style=\"color: #ff0000;\"><strong><em>Livraison Express. (3 Jours) : 22\u2009\u20ac<\/em><\/strong><\/span><\/p>\n<p>BLEND est un rangement \u00e0 bois ou \u00e0 granul\u00e9s qui associe l\u2019acier et le bois dans un design aux lignes simples et intemporelles.<\/p>\n<p>D\u2019une contenance d\u2019environ 30kg, il permet de stocker quotidiennement son bois au plus pr\u00e8s du po\u00eale<\/p>\n<p>Disponible en en noir givr\u00e9 ou gris sabl\u00e9<\/p>","protected":false},"featured_media":9041,"comment_status":"open","ping_status":"closed","template":"","meta":{"_acf_changed":false,"content-type":"","_monsterinsights_skip_tracking":false,"_monsterinsights_sitenote_active":false,"_monsterinsights_sitenote_note":"","_monsterinsights_sitenote_category":0},"pwb-brand":[],"product_brand":[],"product_cat":[30],"product_tag":[33],"class_list":{"0":"post-8100","1":"product","2":"type-product","3":"status-publish","4":"has-post-thumbnail","6":"product_cat-accessoires-outiles","7":"product_tag-ajoutez-880-00e-a-votre-panier-et-beneficiez-de-la-livraison-gratuite","9":"first","10":"instock","11":"taxable","12":"shipping-taxable","13":"purchasable","14":"product-type-simple"},"acf":[],"aioseo_notices":[],"brands":[],"_links":{"self":[{"href":"https:\/\/www.buches-chaleor.com\/fr\/wp-json\/wp\/v2\/product\/8100","targetHints":{"allow":["GET"]}}],"collection":[{"href":"https:\/\/www.buches-chaleor.com\/fr\/wp-json\/wp\/v2\/product"}],"about":[{"href":"https:\/\/www.buches-chaleor.com\/fr\/wp-json\/wp\/v2\/types\/product"}],"replies":[{"embeddable":true,"href":"https:\/\/www.buches-chaleor.com\/fr\/wp-json\/wp\/v2\/comments?post=8100"}],"wp:featuredmedia":[{"embeddable":true,"href":"https:\/\/www.buches-chaleor.com\/fr\/wp-json\/wp\/v2\/media\/9041"}],"wp:attachment":[{"href":"https:\/\/www.buches-chaleor.com\/fr\/wp-json\/wp\/v2\/media?parent=8100"}],"wp:term":[{"taxonomy":"pwb-brand","embeddable":true,"href":"https:\/\/www.buches-chaleor.com\/fr\/wp-json\/wp\/v2\/pwb-brand?post=8100"},{"taxonomy":"product_brand","embeddable":true,"href":"https:\/\/www.buches-chaleor.com\/fr\/wp-json\/wp\/v2\/product_brand?post=8100"},{"taxonomy":"product_cat","embeddable":true,"href":"https:\/\/www.buches-chaleor.com\/fr\/wp-json\/wp\/v2\/product_cat?post=8100"},{"taxonomy":"product_tag","embeddable":true,"href":"https:\/\/www.buches-chaleor.com\/fr\/wp-json\/wp\/v2\/product_tag?post=8100"}],"curies":[{"name":"wp","href":"https:\/\/api.w.org\/{rel}","templated":true}]}}