{"id":8099,"date":"2025-10-29T16:11:51","date_gmt":"2025-10-29T16:11:51","guid":{"rendered":"https:\/\/fuelbois.com\/?post_type=product&#038;p=8099"},"modified":"2026-03-08T09:03:34","modified_gmt":"2026-03-08T09:03:34","slug":"aspirateur-a-cendres-special-poele-cendrexpress","status":"publish","type":"product","link":"https:\/\/www.buches-chaleor.com\/fr\/produit\/aspirateur-a-cendres-special-poele-cendrexpress\/","title":{"rendered":"Aspirateur \u00e0 Cendres \u2013 Sp\u00e9cial Po\u00eale CENDR\u2019EXPRESS"},"content":{"rendered":"<p>Puissance 1200 W \/ 17 kPa \/ Tension 230 V<br \/>\nFiltre HEPA + pr\u00e9filtre antistatique inclus<br \/>\nFlexible en m\u00e9tal (1m30) avec gaine exterieure en PVC<br \/>\nGarantie : 2 ans<\/p>\n<p><strong>Efficace<\/strong><br \/>\nTr\u00e8s haute filtration gr\u00e2ce \u00e0 son filtre HEPA<br \/>\nAspiration forte : d\u00e9pression de 17 kPa<br \/>\nNe colmate pas : pr\u00e9filtre antistatique inclus<\/p>\n<p><strong>Facile \u00e0 entretenir<\/strong><br \/>\nFiltre et pr\u00e9filtre r\u00e9utilisables et lavables \u00e0 l\u2019eau froide, et rempla\u00e7ables apr\u00e8s plusieurs lavages (vendus s\u00e9parement)<\/p>\n<p><strong>Pratique<\/strong><\/p>\n<p>Sur roulettes<br \/>\nAnse de transport<br \/>\nFlexible en m\u00e9tal d\u20191m30, gaine ext\u00e9rieure en PVC<\/p>\n<h2>Bon \u00e0 savoir<\/h2>\n<p>Convient aussi pour l\u2019aspiration des poussi\u00e8res de bois.<\/p>","protected":false},"excerpt":{"rendered":"<p><span style=\"color: #ff0000;\"><strong><em><img decoding=\"async\" src=\"https:\/\/buches-hiver.com\/wp-content\/uploads\/2023\/04\/6-60x60.png\" \/><\/em><\/strong><strong><em>Livraison standard. (5 \u00e0 7 jours) : 18\u2009\u20ac<\/em><\/strong><\/span><br \/>\n<span style=\"color: #ff0000;\"><strong><em>Livraison Express. (3 Jours) : 22\u2009\u20ac<\/em><\/strong><\/span><\/p>\n<ul>\n<li>Aspirateur \u00e0 cendres de bois<\/li>\n<li>Puissance 1200W + Filtre HEPA + Pr\u00e9filtre antistatique<\/li>\n<li>Tr\u00e8s haute filtration et aspiration forte<\/li>\n<\/ul>","protected":false},"featured_media":9038,"comment_status":"open","ping_status":"closed","template":"","meta":{"_acf_changed":false,"content-type":"","_monsterinsights_skip_tracking":false,"_monsterinsights_sitenote_active":false,"_monsterinsights_sitenote_note":"","_monsterinsights_sitenote_category":0},"pwb-brand":[],"product_brand":[],"product_cat":[30],"product_tag":[33],"class_list":{"0":"post-8099","1":"product","2":"type-product","3":"status-publish","4":"has-post-thumbnail","6":"product_cat-accessoires-outiles","7":"product_tag-ajoutez-880-00e-a-votre-panier-et-beneficiez-de-la-livraison-gratuite","9":"first","10":"instock","11":"taxable","12":"shipping-taxable","13":"purchasable","14":"product-type-simple"},"acf":[],"aioseo_notices":[],"brands":[],"_links":{"self":[{"href":"https:\/\/www.buches-chaleor.com\/fr\/wp-json\/wp\/v2\/product\/8099","targetHints":{"allow":["GET"]}}],"collection":[{"href":"https:\/\/www.buches-chaleor.com\/fr\/wp-json\/wp\/v2\/product"}],"about":[{"href":"https:\/\/www.buches-chaleor.com\/fr\/wp-json\/wp\/v2\/types\/product"}],"replies":[{"embeddable":true,"href":"https:\/\/www.buches-chaleor.com\/fr\/wp-json\/wp\/v2\/comments?post=8099"}],"wp:featuredmedia":[{"embeddable":true,"href":"https:\/\/www.buches-chaleor.com\/fr\/wp-json\/wp\/v2\/media\/9038"}],"wp:attachment":[{"href":"https:\/\/www.buches-chaleor.com\/fr\/wp-json\/wp\/v2\/media?parent=8099"}],"wp:term":[{"taxonomy":"pwb-brand","embeddable":true,"href":"https:\/\/www.buches-chaleor.com\/fr\/wp-json\/wp\/v2\/pwb-brand?post=8099"},{"taxonomy":"product_brand","embeddable":true,"href":"https:\/\/www.buches-chaleor.com\/fr\/wp-json\/wp\/v2\/product_brand?post=8099"},{"taxonomy":"product_cat","embeddable":true,"href":"https:\/\/www.buches-chaleor.com\/fr\/wp-json\/wp\/v2\/product_cat?post=8099"},{"taxonomy":"product_tag","embeddable":true,"href":"https:\/\/www.buches-chaleor.com\/fr\/wp-json\/wp\/v2\/product_tag?post=8099"}],"curies":[{"name":"wp","href":"https:\/\/api.w.org\/{rel}","templated":true}]}}