{"id":8095,"date":"2025-10-29T16:05:51","date_gmt":"2025-10-29T16:05:51","guid":{"rendered":"https:\/\/fuelbois.com\/?post_type=product&#038;p=8095"},"modified":"2026-03-08T09:01:28","modified_gmt":"2026-03-08T09:01:28","slug":"allume-feu-100-naturel-en-laine-de-bois-50-pcs","status":"publish","type":"product","link":"https:\/\/www.buches-chaleor.com\/fr\/produit\/allume-feu-100-naturel-en-laine-de-bois-50-pcs\/","title":{"rendered":"Allume-feu 100% naturel en laine de bois (50 pcs)"},"content":{"rendered":"<h2>L\u2019allume feu 100% naturel<\/h2>\n<p>L\u2019allume-feu Prom\u00e9th\u00e9e est un produit 100% naturel, \u00e0 base de<strong>\u00a0laine de bois<\/strong>, r\u00e9sine naturelle et cire pure alimentaire. Sans colorant ni parfum.<\/p>\n<p>La laine de bois utilis\u00e9e dans la fabrication de cet allume feu est issue de for\u00eats certifi\u00e9es PEFC et FSC.<\/p>\n<p>Les qualit\u00e9s de l\u2019allume-feu Prom\u00e9th\u00e9e:<\/p>\n<ul>\n<li>Allumage\u00a0<strong>simple et rapide<\/strong><\/li>\n<li>Produit innovant et \u00e9cologique<\/li>\n<li>Sans odeur, ni r\u00e9sidu<\/li>\n<li>Permet d\u2019allumer\u00a0<strong>tous type de feux<\/strong>\u00a0(chemin\u00e9e, four, po\u00eale, barbecue, et chauffage au bois)<\/li>\n<li>S\u00e9curit\u00e9 et fiabilit\u00e9<\/li>\n<li>Temps de combustion lent (8 \u00e0 10 minutes)<\/li>\n<\/ul>\n<p>Il suffit simplement de placer un b\u00e2timent au centre du foyer et de l\u2019allumer. Positionner ensuite votre bois au dessus, sans l\u2019\u00e9touffer.<\/p>","protected":false},"excerpt":{"rendered":"<p><span style=\"color: #ff0000;\"><strong><em><img decoding=\"async\" src=\"https:\/\/buches-hiver.com\/wp-content\/uploads\/2023\/04\/6-60x60.png\" \/><\/em><\/strong><strong><em>Livraison standard. (5 \u00e0 7 jours) : 18\u2009\u20ac<\/em><\/strong><\/span><br \/>\n<span style=\"color: #ff0000;\"><strong><em>Livraison Express. (3 Jours) : 22\u2009\u20ac<\/em><\/strong><\/span><\/p>\n<ul>\n<li>Boite de 50 b\u00e2tonnets allume-feu en laine de bois, r\u00e9sine naturelle et cire pure alimentaire.<\/li>\n<li>Un seul b\u00e2tonnet suffit pour allumer un feu de bois, il br\u00fble durant 8 \u00e0 10 minutes.<\/li>\n<li>Carton en kraft, boite de 700g.<\/li>\n<\/ul>","protected":false},"featured_media":9036,"comment_status":"open","ping_status":"closed","template":"","meta":{"_acf_changed":false,"content-type":"","_monsterinsights_skip_tracking":false,"_monsterinsights_sitenote_active":false,"_monsterinsights_sitenote_note":"","_monsterinsights_sitenote_category":0},"pwb-brand":[],"product_brand":[],"product_cat":[30],"product_tag":[33],"class_list":{"0":"post-8095","1":"product","2":"type-product","3":"status-publish","4":"has-post-thumbnail","6":"product_cat-accessoires-outiles","7":"product_tag-ajoutez-880-00e-a-votre-panier-et-beneficiez-de-la-livraison-gratuite","9":"first","10":"instock","11":"taxable","12":"shipping-taxable","13":"purchasable","14":"product-type-simple"},"acf":[],"aioseo_notices":[],"brands":[],"_links":{"self":[{"href":"https:\/\/www.buches-chaleor.com\/fr\/wp-json\/wp\/v2\/product\/8095","targetHints":{"allow":["GET"]}}],"collection":[{"href":"https:\/\/www.buches-chaleor.com\/fr\/wp-json\/wp\/v2\/product"}],"about":[{"href":"https:\/\/www.buches-chaleor.com\/fr\/wp-json\/wp\/v2\/types\/product"}],"replies":[{"embeddable":true,"href":"https:\/\/www.buches-chaleor.com\/fr\/wp-json\/wp\/v2\/comments?post=8095"}],"wp:featuredmedia":[{"embeddable":true,"href":"https:\/\/www.buches-chaleor.com\/fr\/wp-json\/wp\/v2\/media\/9036"}],"wp:attachment":[{"href":"https:\/\/www.buches-chaleor.com\/fr\/wp-json\/wp\/v2\/media?parent=8095"}],"wp:term":[{"taxonomy":"pwb-brand","embeddable":true,"href":"https:\/\/www.buches-chaleor.com\/fr\/wp-json\/wp\/v2\/pwb-brand?post=8095"},{"taxonomy":"product_brand","embeddable":true,"href":"https:\/\/www.buches-chaleor.com\/fr\/wp-json\/wp\/v2\/product_brand?post=8095"},{"taxonomy":"product_cat","embeddable":true,"href":"https:\/\/www.buches-chaleor.com\/fr\/wp-json\/wp\/v2\/product_cat?post=8095"},{"taxonomy":"product_tag","embeddable":true,"href":"https:\/\/www.buches-chaleor.com\/fr\/wp-json\/wp\/v2\/product_tag?post=8095"}],"curies":[{"name":"wp","href":"https:\/\/api.w.org\/{rel}","templated":true}]}}