{"id":8064,"date":"2025-10-29T15:50:48","date_gmt":"2025-10-29T15:50:48","guid":{"rendered":"https:\/\/fuelbois.com\/?post_type=product&#038;p=8064"},"modified":"2026-03-08T08:48:45","modified_gmt":"2026-03-08T08:48:45","slug":"poele-a-granules-arenga-ipe9-invicta","status":"publish","type":"product","link":"https:\/\/www.buches-chaleor.com\/fr\/produit\/poele-a-granules-arenga-ipe9-invicta\/","title":{"rendered":"Po\u00eale \u00e0 granul\u00e9s ARENGA IPE9 \u2013 Invicta"},"content":{"rendered":"<table class=\"table-data-sheet\" width=\"674\">\n<tbody>\n<tr class=\"odd\">\n<td>Foyer \u00e9tanche (BBC)<\/td>\n<td><b>:<\/b>\u00a0Oui<\/td>\n<\/tr>\n<tr class=\"even\">\n<td>Fabricant<\/td>\n<td><b>:<\/b>\u00a0INVICTA<\/td>\n<\/tr>\n<tr class=\"odd\">\n<td>Autonomie Mini<\/td>\n<td><b>:<\/b>\u00a07.5 h<\/td>\n<\/tr>\n<tr class=\"even\">\n<td>Pays d\u2019origine<\/td>\n<td><b>:<\/b>\u00a0France<\/td>\n<\/tr>\n<tr class=\"odd\">\n<td>Style<\/td>\n<td><b>:<\/b>\u00a0Moderne<\/td>\n<\/tr>\n<tr class=\"even\">\n<td>Habillage<\/td>\n<td><b>:<\/b>\u00a0Acier<\/td>\n<\/tr>\n<tr class=\"odd\">\n<td>Finition<\/td>\n<td><b>:<\/b>\u00a0Noir ou blanc<\/td>\n<\/tr>\n<tr class=\"even\">\n<td>Homologation<\/td>\n<td><b>:<\/b>\u00a0En 14785 \u2013 BlmSchV<\/td>\n<\/tr>\n<tr class=\"odd\">\n<td>Label Flamme Verte<\/td>\n<td><b>:<\/b>\u00a07 \u00e9toiles<\/td>\n<\/tr>\n<tr class=\"even\">\n<td>Norme<\/td>\n<td><b>:<\/b>\u00a0Ecodesign 2022<\/td>\n<\/tr>\n<tr class=\"odd\">\n<td>Puissance nominale<\/td>\n<td><b>:<\/b>\u00a09 kW<\/td>\n<\/tr>\n<tr class=\"even\">\n<td>Consommation horaire granul\u00e9s (max\/min)<\/td>\n<td><b>:<\/b>\u00a00,69 \u00e0 2,14 kg\/heure<\/td>\n<\/tr>\n<tr class=\"odd\">\n<td>Rendement<\/td>\n<td><b>:<\/b>\u00a089,5 \u00e0 94,4%<\/td>\n<\/tr>\n<tr class=\"even\">\n<td>Taux de CO\u00b2<\/td>\n<td><b>:<\/b>\u00a00,0070 \u00e0 0,0148%<\/td>\n<\/tr>\n<tr class=\"odd\">\n<td>Echappement des fum\u00e9es<\/td>\n<td><b>:<\/b>\u00a0Par l\u2019arri\u00e8re<\/td>\n<\/tr>\n<tr class=\"even\">\n<td>Chargement des granul\u00e9s<\/td>\n<td><b>:<\/b>\u00a0Par le dessus<\/td>\n<\/tr>\n<tr class=\"odd\">\n<td>Autonomie max<\/td>\n<td><b>:<\/b>\u00a023.5 h<\/td>\n<\/tr>\n<tr class=\"even\">\n<td>Diam\u00e8tre de l\u2019\u00e9vacuation<\/td>\n<td><b>:<\/b>\u00a080 mm<\/td>\n<\/tr>\n<tr class=\"odd\">\n<td>Capacit\u00e9 de la tr\u00e9mis<\/td>\n<td><b>:<\/b>\u00a016.5 kg<\/td>\n<\/tr>\n<tr class=\"even\">\n<td>Type de granul\u00e9s<\/td>\n<td><b>:<\/b>\u00a0Longueur 30mm \u2013 diam. 6mm<\/td>\n<\/tr>\n<tr class=\"odd\">\n<td>R\u00e9gulation \u00e9lectronique<\/td>\n<td><b>:<\/b>\u00a0Oui<\/td>\n<\/tr>\n<tr class=\"even\">\n<td>Radiocommande<\/td>\n<td><b>:<\/b>\u00a0T\u00e9l\u00e9commande en option<\/td>\n<\/tr>\n<tr class=\"odd\">\n<td>Raccordement du circuit d\u2019air frais<\/td>\n<td><b>:<\/b>\u00a0Diam. 80mm<\/td>\n<\/tr>\n<tr class=\"even\">\n<td>Volume chauff\u00e9<\/td>\n<td><b>:<\/b>\u00a085 \u00e0 275 m\u00b3<\/td>\n<\/tr>\n<tr class=\"odd\">\n<td>Poids<\/td>\n<td><b>:<\/b>\u00a0136 kg<\/td>\n<\/tr>\n<tr class=\"even\">\n<td>Dimensions<\/td>\n<td><b>:<\/b>\u00a0H 1090 x L 630 x P 515 mm<\/td>\n<\/tr>\n<tr class=\"odd\">\n<td>Garantie<\/td>\n<td><b>:<\/b>\u00a02 ans<\/td>\n<\/tr>\n<\/tbody>\n<\/table>","protected":false},"excerpt":{"rendered":"<p><span style=\"color: #ff0000;\"><strong><em><img decoding=\"async\" src=\"https:\/\/buches-hiver.com\/wp-content\/uploads\/2023\/04\/6-60x60.png\" \/><\/em><\/strong><strong><em>Livraison standard. (5 \u00e0 7 jours) : 18\u2009\u20ac<\/em><\/strong><\/span><br \/>\n<span style=\"color: #ff0000;\"><strong><em>Livraison Express. (3 Jours) : 22\u2009\u20ac<\/em><\/strong><\/span><\/p>\n<div class=\"elementor-element elementor-element-f213c2f wd-single-short-desc text-left elementor-widget elementor-widget-wd_single_product_short_description\" data-id=\"f213c2f\" data-element_type=\"widget\" data-widget_type=\"wd_single_product_short_description.default\">\n<div class=\"elementor-widget-container\">\n<div class=\"woocommerce-product-details__short-description\">\n<p>Les po\u00eales \u00e0 granul\u00e9s ARENGA IPE9 offre une belle puisssance de 9 kW et un foyer \u00e9tanche. Ici propos\u00e9 dans une version sur pied, il existe \u00e9galement une version \u201c\u00e0 poser\u201d. Cest aussi un po\u00eale technologiquement abouti qui offre une excellente ma\u00eetrise du confort thermique tout au long de l\u2019ann\u00e9e.<\/p>\n<\/div>\n<\/div>\n<\/div>\n<div class=\"wd-negative-gap elementor-element elementor-element-2444467 e-flex e-con-boxed e-con e-child\" data-id=\"2444467\" data-element_type=\"container\">\n<div class=\"e-con-inner\">\n<div class=\"elementor-element elementor-element-5e38082 elementor-widget__width-auto wd-single-price text-left elementor-widget elementor-widget-wd_single_product_price\" data-id=\"5e38082\" data-element_type=\"widget\" data-widget_type=\"wd_single_product_price.default\">\n<div class=\"elementor-widget-container\"><\/div>\n<\/div>\n<\/div>\n<\/div>","protected":false},"featured_media":9017,"comment_status":"open","ping_status":"closed","template":"","meta":{"_acf_changed":false,"content-type":"","_monsterinsights_skip_tracking":false,"_monsterinsights_sitenote_active":false,"_monsterinsights_sitenote_note":"","_monsterinsights_sitenote_category":0},"pwb-brand":[],"product_brand":[],"product_cat":[80],"product_tag":[33],"class_list":{"0":"post-8064","1":"product","2":"type-product","3":"status-publish","4":"has-post-thumbnail","6":"product_cat-poele-a-bois","7":"product_tag-ajoutez-880-00e-a-votre-panier-et-beneficiez-de-la-livraison-gratuite","9":"first","10":"instock","11":"taxable","12":"shipping-taxable","13":"purchasable","14":"product-type-simple"},"acf":[],"aioseo_notices":[],"brands":[],"_links":{"self":[{"href":"https:\/\/www.buches-chaleor.com\/fr\/wp-json\/wp\/v2\/product\/8064","targetHints":{"allow":["GET"]}}],"collection":[{"href":"https:\/\/www.buches-chaleor.com\/fr\/wp-json\/wp\/v2\/product"}],"about":[{"href":"https:\/\/www.buches-chaleor.com\/fr\/wp-json\/wp\/v2\/types\/product"}],"replies":[{"embeddable":true,"href":"https:\/\/www.buches-chaleor.com\/fr\/wp-json\/wp\/v2\/comments?post=8064"}],"wp:featuredmedia":[{"embeddable":true,"href":"https:\/\/www.buches-chaleor.com\/fr\/wp-json\/wp\/v2\/media\/9017"}],"wp:attachment":[{"href":"https:\/\/www.buches-chaleor.com\/fr\/wp-json\/wp\/v2\/media?parent=8064"}],"wp:term":[{"taxonomy":"pwb-brand","embeddable":true,"href":"https:\/\/www.buches-chaleor.com\/fr\/wp-json\/wp\/v2\/pwb-brand?post=8064"},{"taxonomy":"product_brand","embeddable":true,"href":"https:\/\/www.buches-chaleor.com\/fr\/wp-json\/wp\/v2\/product_brand?post=8064"},{"taxonomy":"product_cat","embeddable":true,"href":"https:\/\/www.buches-chaleor.com\/fr\/wp-json\/wp\/v2\/product_cat?post=8064"},{"taxonomy":"product_tag","embeddable":true,"href":"https:\/\/www.buches-chaleor.com\/fr\/wp-json\/wp\/v2\/product_tag?post=8064"}],"curies":[{"name":"wp","href":"https:\/\/api.w.org\/{rel}","templated":true}]}}