{"id":8062,"date":"2025-10-29T15:44:04","date_gmt":"2025-10-29T15:44:04","guid":{"rendered":"https:\/\/fuelbois.com\/?post_type=product&#038;p=8062"},"modified":"2026-03-08T08:50:57","modified_gmt":"2026-03-08T08:50:57","slug":"poele-a-granules-daglan-slim-9-invicta","status":"publish","type":"product","link":"https:\/\/www.buches-chaleor.com\/fr\/produit\/poele-a-granules-daglan-slim-9-invicta\/","title":{"rendered":"Po\u00eale \u00e0 granul\u00e9s DAGLAN SLIM 9 \u2013 Invicta"},"content":{"rendered":"<table class=\"table-data-sheet\">\n<tbody>\n<tr class=\"odd\">\n<td>Sortie d\u2019air chaud<\/td>\n<td><b>:<\/b>\u00a0Par ventilateur<\/td>\n<\/tr>\n<tr class=\"even\">\n<td>Fabricant<\/td>\n<td><b>:<\/b>\u00a0INVICTA<\/td>\n<\/tr>\n<tr class=\"odd\">\n<td>Autonomie Mini<\/td>\n<td><b>:<\/b>\u00a07 h<\/td>\n<\/tr>\n<tr class=\"even\">\n<td>Pays d\u2019origine<\/td>\n<td><b>:<\/b>\u00a0France<\/td>\n<\/tr>\n<tr class=\"odd\">\n<td>Style<\/td>\n<td><b>:<\/b>\u00a0Classique<\/td>\n<\/tr>\n<tr class=\"even\">\n<td>Habillage<\/td>\n<td><b>:<\/b>\u00a0Acier<\/td>\n<\/tr>\n<tr class=\"odd\">\n<td>Finition<\/td>\n<td><b>:<\/b>\u00a0Gris ou rouge<\/td>\n<\/tr>\n<tr class=\"even\">\n<td>Combustible<\/td>\n<td><b>:<\/b>\u00a0Granul\u00e9s ( pellets) de bois<\/td>\n<\/tr>\n<tr class=\"odd\">\n<td>Homologation<\/td>\n<td><b>:<\/b>\u00a0EN 14785<\/td>\n<\/tr>\n<tr class=\"even\">\n<td>Label Flamme Verte<\/td>\n<td><b>:<\/b>\u00a07 \u00e9toiles<\/td>\n<\/tr>\n<tr class=\"odd\">\n<td>Indice de performance<\/td>\n<td><b>:<\/b>\u00a00.1<\/td>\n<\/tr>\n<tr class=\"even\">\n<td>Puissance nominale<\/td>\n<td><b>:<\/b>\u00a09 kW<\/td>\n<\/tr>\n<tr class=\"odd\">\n<td>Modulation de puissance<\/td>\n<td><b>:<\/b>\u00a04.3 \u00e0 9 kW<\/td>\n<\/tr>\n<tr class=\"even\">\n<td>Consommation horaire granul\u00e9s (max\/min)<\/td>\n<td><b>:<\/b>\u00a00,98 \u00e0 2,02 kg\/heure<\/td>\n<\/tr>\n<tr class=\"odd\">\n<td>Rendement au Max<\/td>\n<td><b>:<\/b>\u00a091.6%<\/td>\n<\/tr>\n<tr class=\"even\">\n<td>Taux de CO\u00b2<\/td>\n<td><b>:<\/b>\u00a00,007 \u00e0 0,055%<\/td>\n<\/tr>\n<tr class=\"odd\">\n<td>Rendement au Mini<\/td>\n<td><b>:<\/b>\u00a090.6%<\/td>\n<\/tr>\n<tr class=\"even\">\n<td>Echappement des fum\u00e9es<\/td>\n<td><b>:<\/b>\u00a0Dessus ou arri\u00e8re<\/td>\n<\/tr>\n<tr class=\"odd\">\n<td>Chargement des granul\u00e9s<\/td>\n<td><b>:<\/b>\u00a0Par le dessus<\/td>\n<\/tr>\n<tr class=\"even\">\n<td>Autonomie max<\/td>\n<td><b>:<\/b>\u00a015 h<\/td>\n<\/tr>\n<tr class=\"odd\">\n<td>Diam\u00e8tre de l\u2019\u00e9vacuation<\/td>\n<td><b>:<\/b>\u00a080 mm<\/td>\n<\/tr>\n<tr class=\"even\">\n<td>Capacit\u00e9 de la tr\u00e9mis<\/td>\n<td><b>:<\/b>\u00a015 kg<\/td>\n<\/tr>\n<tr class=\"odd\">\n<td>Type de granul\u00e9s<\/td>\n<td><b>:<\/b>\u00a0Longueur 30mm \u2013 diam. 6mm<\/td>\n<\/tr>\n<tr class=\"even\">\n<td>R\u00e9gulation \u00e9lectronique<\/td>\n<td><b>:<\/b>\u00a0Oui<\/td>\n<\/tr>\n<tr class=\"odd\">\n<td>Radiocommande<\/td>\n<td><b>:<\/b>\u00a0Wifi en option<\/td>\n<\/tr>\n<tr class=\"even\">\n<td>Volume chauff\u00e9<\/td>\n<td><b>:<\/b>\u00a0125 \u00e0 275 m\u00b3<\/td>\n<\/tr>\n<tr class=\"odd\">\n<td>Poids<\/td>\n<td><b>:<\/b>\u00a0103 kg<\/td>\n<\/tr>\n<tr class=\"even\">\n<td>Dimensions<\/td>\n<td><b>:<\/b>\u00a0H 1035 x L 930 x P 280 mm<\/td>\n<\/tr>\n<tr class=\"odd\">\n<td>Garantie<\/td>\n<td><b>:<\/b>\u00a02 ans<\/td>\n<\/tr>\n<\/tbody>\n<\/table>","protected":false},"excerpt":{"rendered":"<p><span style=\"color: #ff0000;\"><strong><em><img decoding=\"async\" src=\"https:\/\/buches-hiver.com\/wp-content\/uploads\/2023\/04\/6-60x60.png\" \/><\/em><\/strong><strong><em>Livraison standard. (5 \u00e0 7 jours) : 18\u2009\u20ac<\/em><\/strong><\/span><br \/>\n<span style=\"color: #ff0000;\"><strong><em>Livraison Express. (3 Jours) : 22\u2009\u20ac<\/em><\/strong><\/span><\/p>\n<p>Les point forts du po\u00eale \u00e0 granul\u00e9s DAGLAN : son encombrement r\u00e9duit (28 cm d\u2019\u00e9paisseur) et la possibilit\u00e9 de d\u00e9dier un de ses deux ventilateurs \u00e0 un circuit d\u2019air chaud canalisable pour chauffer un espace distant. Disponible en gris ou rouge.<\/p>","protected":false},"featured_media":9021,"comment_status":"open","ping_status":"closed","template":"","meta":{"_acf_changed":false,"content-type":"","_monsterinsights_skip_tracking":false,"_monsterinsights_sitenote_active":false,"_monsterinsights_sitenote_note":"","_monsterinsights_sitenote_category":0},"pwb-brand":[],"product_brand":[],"product_cat":[80],"product_tag":[33],"class_list":{"0":"post-8062","1":"product","2":"type-product","3":"status-publish","4":"has-post-thumbnail","6":"product_cat-poele-a-bois","7":"product_tag-ajoutez-880-00e-a-votre-panier-et-beneficiez-de-la-livraison-gratuite","9":"first","10":"instock","11":"taxable","12":"shipping-taxable","13":"purchasable","14":"product-type-simple"},"acf":[],"aioseo_notices":[],"brands":[],"_links":{"self":[{"href":"https:\/\/www.buches-chaleor.com\/fr\/wp-json\/wp\/v2\/product\/8062","targetHints":{"allow":["GET"]}}],"collection":[{"href":"https:\/\/www.buches-chaleor.com\/fr\/wp-json\/wp\/v2\/product"}],"about":[{"href":"https:\/\/www.buches-chaleor.com\/fr\/wp-json\/wp\/v2\/types\/product"}],"replies":[{"embeddable":true,"href":"https:\/\/www.buches-chaleor.com\/fr\/wp-json\/wp\/v2\/comments?post=8062"}],"wp:featuredmedia":[{"embeddable":true,"href":"https:\/\/www.buches-chaleor.com\/fr\/wp-json\/wp\/v2\/media\/9021"}],"wp:attachment":[{"href":"https:\/\/www.buches-chaleor.com\/fr\/wp-json\/wp\/v2\/media?parent=8062"}],"wp:term":[{"taxonomy":"pwb-brand","embeddable":true,"href":"https:\/\/www.buches-chaleor.com\/fr\/wp-json\/wp\/v2\/pwb-brand?post=8062"},{"taxonomy":"product_brand","embeddable":true,"href":"https:\/\/www.buches-chaleor.com\/fr\/wp-json\/wp\/v2\/product_brand?post=8062"},{"taxonomy":"product_cat","embeddable":true,"href":"https:\/\/www.buches-chaleor.com\/fr\/wp-json\/wp\/v2\/product_cat?post=8062"},{"taxonomy":"product_tag","embeddable":true,"href":"https:\/\/www.buches-chaleor.com\/fr\/wp-json\/wp\/v2\/product_tag?post=8062"}],"curies":[{"name":"wp","href":"https:\/\/api.w.org\/{rel}","templated":true}]}}