{"id":8061,"date":"2025-10-29T15:30:52","date_gmt":"2025-10-29T15:30:52","guid":{"rendered":"https:\/\/fuelbois.com\/?post_type=product&#038;p=8061"},"modified":"2026-03-08T08:44:47","modified_gmt":"2026-03-08T08:44:47","slug":"poele-a-bois-ove-invicta","status":"publish","type":"product","link":"https:\/\/www.buches-chaleor.com\/fr\/produit\/poele-a-bois-ove-invicta\/","title":{"rendered":"Po\u00eale \u00e0 bois OVE \u2013 Invicta"},"content":{"rendered":"<table class=\"table-data-sheet\">\n<tbody>\n<tr class=\"odd\">\n<td>Fabricant<\/td>\n<td><b>:<\/b>\u00a0INVICTA<\/td>\n<\/tr>\n<tr class=\"even\">\n<td>Pays d\u2019origine<\/td>\n<td><b>:<\/b>\u00a0France<\/td>\n<\/tr>\n<tr class=\"odd\">\n<td>Style<\/td>\n<td><b>:<\/b>\u00a0Contemporain<\/td>\n<\/tr>\n<tr class=\"even\">\n<td>Habillage<\/td>\n<td><b>:<\/b>\u00a0Fonte<\/td>\n<\/tr>\n<tr class=\"odd\">\n<td>Finition<\/td>\n<td><b>:<\/b>\u00a0Anthracite<\/td>\n<\/tr>\n<tr class=\"even\">\n<td>Structures<\/td>\n<td><b>:<\/b>\u00a0Convection naturelle<\/td>\n<\/tr>\n<tr class=\"odd\">\n<td>Combustible<\/td>\n<td><b>:<\/b>\u00a0Bois b\u00fbche<\/td>\n<\/tr>\n<tr class=\"even\">\n<td>Homologation<\/td>\n<td><b>:<\/b>\u00a0EN 13240 \u2013 BImSchV<\/td>\n<\/tr>\n<tr class=\"odd\">\n<td>Label Flamme Verte<\/td>\n<td><b>:<\/b>\u00a07 \u00e9toiles<\/td>\n<\/tr>\n<tr class=\"even\">\n<td>Indice de performance<\/td>\n<td><b>:<\/b>\u00a00,4<\/td>\n<\/tr>\n<tr class=\"odd\">\n<td>Puissance nominale<\/td>\n<td><b>:<\/b>\u00a010 kW<\/td>\n<\/tr>\n<tr class=\"even\">\n<td>Modulation de puissance<\/td>\n<td><b>:<\/b>\u00a06,5 \u00e0 15 kW<\/td>\n<\/tr>\n<tr class=\"odd\">\n<td>Rendement<\/td>\n<td><b>:<\/b>\u00a076 %<\/td>\n<\/tr>\n<tr class=\"even\">\n<td>Taux de CO\u00b2<\/td>\n<td><b>:<\/b>\u00a00,07%<\/td>\n<\/tr>\n<tr class=\"odd\">\n<td>Emission de poussi\u00e8res<\/td>\n<td><b>:<\/b>\u00a022 mg\/Nm\u00b3<\/td>\n<\/tr>\n<tr class=\"even\">\n<td>Type de foyer<\/td>\n<td><b>:<\/b>\u00a0Ferm\u00e9<\/td>\n<\/tr>\n<tr class=\"odd\">\n<td>Type de chargement<\/td>\n<td><b>:<\/b>\u00a0En fa\u00e7ade<\/td>\n<\/tr>\n<tr class=\"even\">\n<td>Taille des b\u00fbches<\/td>\n<td><b>:<\/b>\u00a0Moins de 39 cm<\/td>\n<\/tr>\n<tr class=\"odd\">\n<td>Echappement des fum\u00e9es<\/td>\n<td><b>:<\/b>\u00a0Par le dessus<\/td>\n<\/tr>\n<tr class=\"even\">\n<td>Diam\u00e8tre de l\u2019\u00e9vacuation<\/td>\n<td><b>:<\/b>\u00a0180 mm<\/td>\n<\/tr>\n<tr class=\"odd\">\n<td>Habillage du foyer<\/td>\n<td><b>:<\/b>\u00a0En fonte<\/td>\n<\/tr>\n<tr class=\"even\">\n<td>Post-combution<\/td>\n<td><b>:<\/b>\u00a0Oui<\/td>\n<\/tr>\n<tr class=\"odd\">\n<td>Syst\u00e8me vitre propre<\/td>\n<td><b>:<\/b>\u00a0Oui<\/td>\n<\/tr>\n<tr class=\"even\">\n<td>R\u00e9glage de l\u2019allure du feu<\/td>\n<td><b>:<\/b>\u00a0Registre manuel<\/td>\n<\/tr>\n<tr class=\"odd\">\n<td>Combustion prolong\u00e9e<\/td>\n<td><b>:<\/b>\u00a0Huit heures<\/td>\n<\/tr>\n<tr class=\"even\">\n<td>Surface chauff\u00e9e<\/td>\n<td><b>:<\/b>\u00a055 \u00e0 120 m\u00b2<\/td>\n<\/tr>\n<tr class=\"odd\">\n<td>Volume chauff\u00e9<\/td>\n<td><b>:<\/b>\u00a0135 \u00e0 300 m\u00b3<\/td>\n<\/tr>\n<tr class=\"even\">\n<td>Poids<\/td>\n<td><b>:<\/b>\u00a0167<\/td>\n<\/tr>\n<tr class=\"odd\">\n<td>Dimensions<\/td>\n<td><b>:<\/b>\u00a0Diam : 550 mm x H 1310 mm<\/td>\n<\/tr>\n<tr class=\"even\">\n<td>Garantie<\/td>\n<td><b>:<\/b>\u00a05 ans<\/td>\n<\/tr>\n<\/tbody>\n<\/table>","protected":false},"excerpt":{"rendered":"<p><span style=\"color: #ff0000;\"><strong><em><img decoding=\"async\" src=\"https:\/\/buches-hiver.com\/wp-content\/uploads\/2023\/04\/6-60x60.png\" \/><\/em><\/strong><strong><em>Livraison standard. (5 \u00e0 7 jours) : 18\u2009\u20ac<\/em><\/strong><\/span><br \/>\n<span style=\"color: #ff0000;\"><strong><em>Livraison Express. (3 Jours) : 22\u2009\u20ac<\/em><\/strong><\/span><\/p>\n<p>Craquez pour le po\u00eale \u00e0 bois Invicta Ove et \u00e9rigez un cocon douillet chez vous. Son design s\u00e9ducteur et charmant alli\u00e9 \u00e0 une performance remarquable lui donne un pouvoir envo\u00fbtant irr\u00e9sistible. En plus, il respecte l\u2019environnement, que des avantages pour l\u2019acqu\u00e9rir et l\u2019adopter.<\/p>","protected":false},"featured_media":9012,"comment_status":"open","ping_status":"closed","template":"","meta":{"_acf_changed":false,"content-type":"","_monsterinsights_skip_tracking":false,"_monsterinsights_sitenote_active":false,"_monsterinsights_sitenote_note":"","_monsterinsights_sitenote_category":0},"pwb-brand":[],"product_brand":[],"product_cat":[80],"product_tag":[33],"class_list":{"0":"post-8061","1":"product","2":"type-product","3":"status-publish","4":"has-post-thumbnail","6":"product_cat-poele-a-bois","7":"product_tag-ajoutez-880-00e-a-votre-panier-et-beneficiez-de-la-livraison-gratuite","9":"first","10":"instock","11":"taxable","12":"shipping-taxable","13":"purchasable","14":"product-type-simple"},"acf":[],"aioseo_notices":[],"brands":[],"_links":{"self":[{"href":"https:\/\/www.buches-chaleor.com\/fr\/wp-json\/wp\/v2\/product\/8061","targetHints":{"allow":["GET"]}}],"collection":[{"href":"https:\/\/www.buches-chaleor.com\/fr\/wp-json\/wp\/v2\/product"}],"about":[{"href":"https:\/\/www.buches-chaleor.com\/fr\/wp-json\/wp\/v2\/types\/product"}],"replies":[{"embeddable":true,"href":"https:\/\/www.buches-chaleor.com\/fr\/wp-json\/wp\/v2\/comments?post=8061"}],"wp:featuredmedia":[{"embeddable":true,"href":"https:\/\/www.buches-chaleor.com\/fr\/wp-json\/wp\/v2\/media\/9012"}],"wp:attachment":[{"href":"https:\/\/www.buches-chaleor.com\/fr\/wp-json\/wp\/v2\/media?parent=8061"}],"wp:term":[{"taxonomy":"pwb-brand","embeddable":true,"href":"https:\/\/www.buches-chaleor.com\/fr\/wp-json\/wp\/v2\/pwb-brand?post=8061"},{"taxonomy":"product_brand","embeddable":true,"href":"https:\/\/www.buches-chaleor.com\/fr\/wp-json\/wp\/v2\/product_brand?post=8061"},{"taxonomy":"product_cat","embeddable":true,"href":"https:\/\/www.buches-chaleor.com\/fr\/wp-json\/wp\/v2\/product_cat?post=8061"},{"taxonomy":"product_tag","embeddable":true,"href":"https:\/\/www.buches-chaleor.com\/fr\/wp-json\/wp\/v2\/product_tag?post=8061"}],"curies":[{"name":"wp","href":"https:\/\/api.w.org\/{rel}","templated":true}]}}