{"id":8060,"date":"2025-10-29T15:37:44","date_gmt":"2025-10-29T15:37:44","guid":{"rendered":"https:\/\/fuelbois.com\/?post_type=product&#038;p=8060"},"modified":"2026-03-08T08:55:29","modified_gmt":"2026-03-08T08:55:29","slug":"poele-a-granules-nola-8-etanche-invicta","status":"publish","type":"product","link":"https:\/\/www.buches-chaleor.com\/fr\/produit\/poele-a-granules-nola-8-etanche-invicta\/","title":{"rendered":"Po\u00eale \u00e0 granul\u00e9s NOLA 8 Etanche \u2013 Invicta"},"content":{"rendered":"<table class=\"table-data-sheet\">\n<tbody>\n<tr class=\"odd\">\n<td>Fabricant<\/td>\n<td><b>:<\/b>\u00a0INVICTA<\/td>\n<\/tr>\n<tr class=\"even\">\n<td>Autonomie Mini<\/td>\n<td><b>:<\/b>\u00a07 h<\/td>\n<\/tr>\n<tr class=\"odd\">\n<td>Pays d\u2019origine<\/td>\n<td><b>:<\/b>\u00a0France<\/td>\n<\/tr>\n<tr class=\"even\">\n<td>Style<\/td>\n<td><b>:<\/b>\u00a0Contemporain<\/td>\n<\/tr>\n<tr class=\"odd\">\n<td>Habillage<\/td>\n<td><b>:<\/b>\u00a0Acier<\/td>\n<\/tr>\n<tr class=\"even\">\n<td>Finition<\/td>\n<td><b>:<\/b>\u00a0Noir, gris, blanc<\/td>\n<\/tr>\n<tr class=\"odd\">\n<td>Combustible<\/td>\n<td><b>:<\/b>\u00a0Granul\u00e9s ( pellets) de bois<\/td>\n<\/tr>\n<tr class=\"even\">\n<td>Homologation<\/td>\n<td><b>:<\/b>\u00a0EN 14785<\/td>\n<\/tr>\n<tr class=\"odd\">\n<td>Label Flamme Verte<\/td>\n<td><b>:<\/b>\u00a07 \u00e9toiles<\/td>\n<\/tr>\n<tr class=\"even\">\n<td>Indice de performance<\/td>\n<td><b>:<\/b>\u00a00.1<\/td>\n<\/tr>\n<tr class=\"odd\">\n<td>Puissance nominale<\/td>\n<td><b>:<\/b>\u00a08 kW<\/td>\n<\/tr>\n<tr class=\"even\">\n<td>Modulation de puissance<\/td>\n<td><b>:<\/b>\u00a03.1 \u00e0 8 kW<\/td>\n<\/tr>\n<tr class=\"odd\">\n<td>Consommation horaire granul\u00e9s (max\/min)<\/td>\n<td><b>:<\/b>\u00a00.7 \u00e0 2.17 kg\/heure<\/td>\n<\/tr>\n<tr class=\"even\">\n<td>Rendement au Max<\/td>\n<td><b>:<\/b>\u00a090%<\/td>\n<\/tr>\n<tr class=\"odd\">\n<td>Taux de CO\u00b2<\/td>\n<td><b>:<\/b>\u00a00,02 \u00e0 0.06%<\/td>\n<\/tr>\n<tr class=\"even\">\n<td>Rendement au Mini<\/td>\n<td><b>:<\/b>\u00a087%<\/td>\n<\/tr>\n<tr class=\"odd\">\n<td>Echappement des fum\u00e9es<\/td>\n<td><b>:<\/b>\u00a0Par l\u2019arri\u00e8re<\/td>\n<\/tr>\n<tr class=\"even\">\n<td>Chargement des granul\u00e9s<\/td>\n<td><b>:<\/b>\u00a0Par le dessus<\/td>\n<\/tr>\n<tr class=\"odd\">\n<td>Autonomie max<\/td>\n<td><b>:<\/b>\u00a023 h<\/td>\n<\/tr>\n<tr class=\"even\">\n<td>Diam\u00e8tre de l\u2019\u00e9vacuation<\/td>\n<td><b>:<\/b>\u00a080 mm<\/td>\n<\/tr>\n<tr class=\"odd\">\n<td>Capacit\u00e9 de la tr\u00e9mis<\/td>\n<td><b>:<\/b>\u00a016,5 kg<\/td>\n<\/tr>\n<tr class=\"even\">\n<td>Type de granul\u00e9s<\/td>\n<td><b>:<\/b>\u00a0Longueur 30mm \u2013 diam. 6mm<\/td>\n<\/tr>\n<tr class=\"odd\">\n<td>Volume chauff\u00e9<\/td>\n<td><b>:<\/b>\u00a075 \u00e0 240 m\u00b3<\/td>\n<\/tr>\n<tr class=\"even\">\n<td>Poids<\/td>\n<td><b>:<\/b>\u00a0108 kg<\/td>\n<\/tr>\n<tr class=\"odd\">\n<td>Dimensions<\/td>\n<td><b>:<\/b>\u00a0H 1135 x L 465 x P 510 mm<\/td>\n<\/tr>\n<tr class=\"even\">\n<td>Garantie<\/td>\n<td><b>:<\/b>\u00a02 ans<\/td>\n<\/tr>\n<\/tbody>\n<\/table>","protected":false},"excerpt":{"rendered":"<p><span style=\"color: #ff0000;\"><strong><em><img decoding=\"async\" src=\"https:\/\/buches-hiver.com\/wp-content\/uploads\/2023\/04\/6-60x60.png\" \/><\/em><\/strong><strong><em>Livraison standard. (5 \u00e0 7 jours) : 18\u2009\u20ac<\/em><\/strong><\/span><br \/>\n<span style=\"color: #ff0000;\"><strong><em>Livraison Express. (3 Jours) : 22\u2009\u20ac<\/em><\/strong><\/span><\/p>","protected":false},"featured_media":9029,"comment_status":"open","ping_status":"closed","template":"","meta":{"_acf_changed":false,"content-type":"","_monsterinsights_skip_tracking":false,"_monsterinsights_sitenote_active":false,"_monsterinsights_sitenote_note":"","_monsterinsights_sitenote_category":0},"pwb-brand":[],"product_brand":[],"product_cat":[80],"product_tag":[33],"class_list":{"0":"post-8060","1":"product","2":"type-product","3":"status-publish","4":"has-post-thumbnail","6":"product_cat-poele-a-bois","7":"product_tag-ajoutez-880-00e-a-votre-panier-et-beneficiez-de-la-livraison-gratuite","9":"first","10":"instock","11":"taxable","12":"shipping-taxable","13":"purchasable","14":"product-type-simple"},"acf":[],"aioseo_notices":[],"brands":[],"_links":{"self":[{"href":"https:\/\/www.buches-chaleor.com\/fr\/wp-json\/wp\/v2\/product\/8060","targetHints":{"allow":["GET"]}}],"collection":[{"href":"https:\/\/www.buches-chaleor.com\/fr\/wp-json\/wp\/v2\/product"}],"about":[{"href":"https:\/\/www.buches-chaleor.com\/fr\/wp-json\/wp\/v2\/types\/product"}],"replies":[{"embeddable":true,"href":"https:\/\/www.buches-chaleor.com\/fr\/wp-json\/wp\/v2\/comments?post=8060"}],"wp:featuredmedia":[{"embeddable":true,"href":"https:\/\/www.buches-chaleor.com\/fr\/wp-json\/wp\/v2\/media\/9029"}],"wp:attachment":[{"href":"https:\/\/www.buches-chaleor.com\/fr\/wp-json\/wp\/v2\/media?parent=8060"}],"wp:term":[{"taxonomy":"pwb-brand","embeddable":true,"href":"https:\/\/www.buches-chaleor.com\/fr\/wp-json\/wp\/v2\/pwb-brand?post=8060"},{"taxonomy":"product_brand","embeddable":true,"href":"https:\/\/www.buches-chaleor.com\/fr\/wp-json\/wp\/v2\/product_brand?post=8060"},{"taxonomy":"product_cat","embeddable":true,"href":"https:\/\/www.buches-chaleor.com\/fr\/wp-json\/wp\/v2\/product_cat?post=8060"},{"taxonomy":"product_tag","embeddable":true,"href":"https:\/\/www.buches-chaleor.com\/fr\/wp-json\/wp\/v2\/product_tag?post=8060"}],"curies":[{"name":"wp","href":"https:\/\/api.w.org\/{rel}","templated":true}]}}