{"id":8058,"date":"2025-10-29T15:40:55","date_gmt":"2025-10-29T15:40:55","guid":{"rendered":"https:\/\/fuelbois.com\/?post_type=product&#038;p=8058"},"modified":"2026-03-08T08:56:28","modified_gmt":"2026-03-08T08:56:28","slug":"poele-a-granules-drosera-ip9-invicta","status":"publish","type":"product","link":"https:\/\/www.buches-chaleor.com\/fr\/produit\/poele-a-granules-drosera-ip9-invicta\/","title":{"rendered":"Po\u00eale \u00e0 granul\u00e9s DROSERA IP9 \u2013 Invicta"},"content":{"rendered":"<table class=\"table-data-sheet\" width=\"707\">\n<tbody>\n<tr class=\"odd\">\n<td>Sortie d\u2019air chaud<\/td>\n<td><b>:<\/b>\u00a0Par ventilateur<\/td>\n<\/tr>\n<tr class=\"even\">\n<td>Fabricant<\/td>\n<td><b>:<\/b>\u00a0INVICTA<\/td>\n<\/tr>\n<tr class=\"odd\">\n<td>Autonomie Mini<\/td>\n<td><b>:<\/b>\u00a08 h<\/td>\n<\/tr>\n<tr class=\"even\">\n<td>Pays d\u2019origine<\/td>\n<td><b>:<\/b>\u00a0France<\/td>\n<\/tr>\n<tr class=\"odd\">\n<td>Style<\/td>\n<td><b>:<\/b>\u00a0Classique<\/td>\n<\/tr>\n<tr class=\"even\">\n<td>Habillage<\/td>\n<td><b>:<\/b>\u00a0Acier et c\u00e9ramique<\/td>\n<\/tr>\n<tr class=\"odd\">\n<td>Finition<\/td>\n<td><b>:<\/b>\u00a0Cr\u00e8me ou Bordeaux<\/td>\n<\/tr>\n<tr class=\"even\">\n<td>Combustible<\/td>\n<td><b>:<\/b>\u00a0Granul\u00e9s ( pellets) de bois<\/td>\n<\/tr>\n<tr class=\"odd\">\n<td>Homologation<\/td>\n<td><b>:<\/b>\u00a0EN 14785<\/td>\n<\/tr>\n<tr class=\"even\">\n<td>Label Flamme Verte<\/td>\n<td><b>:<\/b>\u00a07 \u00e9toiles<\/td>\n<\/tr>\n<tr class=\"odd\">\n<td>Puissance nominale<\/td>\n<td><b>:<\/b>\u00a09 kW<\/td>\n<\/tr>\n<tr class=\"even\">\n<td>Modulation de puissance<\/td>\n<td><b>:<\/b>\u00a03.8 \u00e0 9 kW<\/td>\n<\/tr>\n<tr class=\"odd\">\n<td>Consommation horaire granul\u00e9s (max\/min)<\/td>\n<td><b>:<\/b>\u00a00,85 \u00e0 2,10 kg\/heure<\/td>\n<\/tr>\n<tr class=\"even\">\n<td>Rendement au Max<\/td>\n<td><b>:<\/b>\u00a092.2%<\/td>\n<\/tr>\n<tr class=\"odd\">\n<td>Taux de CO\u00b2<\/td>\n<td><b>:<\/b>\u00a00,0089 \u00e0 0,0185 %<\/td>\n<\/tr>\n<tr class=\"even\">\n<td>Rendement au Mini<\/td>\n<td><b>:<\/b>\u00a088%<\/td>\n<\/tr>\n<tr class=\"odd\">\n<td>Echappement des fum\u00e9es<\/td>\n<td><b>:<\/b>\u00a0Par l\u2019arri\u00e8re<\/td>\n<\/tr>\n<tr class=\"even\">\n<td>Chargement des granul\u00e9s<\/td>\n<td><b>:<\/b>\u00a0Par le dessus<\/td>\n<\/tr>\n<tr class=\"odd\">\n<td>Autonomie max<\/td>\n<td><b>:<\/b>\u00a020 h<\/td>\n<\/tr>\n<tr class=\"even\">\n<td>Diam\u00e8tre de l\u2019\u00e9vacuation<\/td>\n<td><b>:<\/b>\u00a080 mm<\/td>\n<\/tr>\n<tr class=\"odd\">\n<td>Capacit\u00e9 de la tr\u00e9mis<\/td>\n<td><b>:<\/b>\u00a017 kg<\/td>\n<\/tr>\n<tr class=\"even\">\n<td>Type de granul\u00e9s<\/td>\n<td><b>:<\/b>\u00a0Longueur 30mm \u2013 diam. 6mm<\/td>\n<\/tr>\n<tr class=\"odd\">\n<td>R\u00e9gulation \u00e9lectronique<\/td>\n<td><b>:<\/b>\u00a0Oui<\/td>\n<\/tr>\n<tr class=\"even\">\n<td>Radiocommande<\/td>\n<td><b>:<\/b>\u00a0Wifi et t\u00e9l\u00e9commande en option<\/td>\n<\/tr>\n<tr class=\"odd\">\n<td>Raccordement du circuit d\u2019air frais<\/td>\n<td><b>:<\/b>\u00a040x40mm<\/td>\n<\/tr>\n<tr class=\"even\">\n<td>Surface chauff\u00e9e<\/td>\n<td><b>:<\/b>\u00a072 \u00e0 104 m\u00b2<\/td>\n<\/tr>\n<tr class=\"odd\">\n<td>Volume chauff\u00e9<\/td>\n<td><b>:<\/b>\u00a0180 \u00e0 260 m\u00b3<\/td>\n<\/tr>\n<tr class=\"even\">\n<td>Poids<\/td>\n<td><b>:<\/b>\u00a0126 kg<\/td>\n<\/tr>\n<tr class=\"odd\">\n<td>Dimensions<\/td>\n<td><b>:<\/b>\u00a0H 1090 x L 550 x P 515<\/td>\n<\/tr>\n<tr class=\"even\">\n<td>Garantie<\/td>\n<td><b>:<\/b>\u00a02 ans<\/td>\n<\/tr>\n<\/tbody>\n<\/table>","protected":false},"excerpt":{"rendered":"<p><span style=\"color: #ff0000;\"><strong><em><img decoding=\"async\" src=\"https:\/\/buches-hiver.com\/wp-content\/uploads\/2023\/04\/6-60x60.png\" \/><\/em><\/strong><strong><em>Livraison standard. (5 \u00e0 7 jours) : 18\u2009\u20ac<\/em><\/strong><\/span><br \/>\n<span style=\"color: #ff0000;\"><strong><em>Livraison Express. (3 Jours) : 22\u2009\u20ac<\/em><\/strong><\/span><\/p>\n<p>Avec ses lignes modernes, sa porte en fonte, son habillage c\u00e9ramique sur le dessus, le DROSERA IP9 est rac\u00e9 et moderne. Il offre \u00e9galement un \u00e9quipement intelligent pour vous simplifier la vie au quotidien et optimiser ses performances. Il n\u2019est pas \u00e9tanche contrairement aux Drosera IPE6 et IPE9<\/p>","protected":false},"featured_media":9024,"comment_status":"open","ping_status":"closed","template":"","meta":{"_acf_changed":false,"content-type":"","_monsterinsights_skip_tracking":false,"_monsterinsights_sitenote_active":false,"_monsterinsights_sitenote_note":"","_monsterinsights_sitenote_category":0},"pwb-brand":[],"product_brand":[],"product_cat":[80],"product_tag":[33],"class_list":{"0":"post-8058","1":"product","2":"type-product","3":"status-publish","4":"has-post-thumbnail","6":"product_cat-poele-a-bois","7":"product_tag-ajoutez-880-00e-a-votre-panier-et-beneficiez-de-la-livraison-gratuite","9":"first","10":"instock","11":"taxable","12":"shipping-taxable","13":"purchasable","14":"product-type-simple"},"acf":[],"aioseo_notices":[],"brands":[],"_links":{"self":[{"href":"https:\/\/www.buches-chaleor.com\/fr\/wp-json\/wp\/v2\/product\/8058","targetHints":{"allow":["GET"]}}],"collection":[{"href":"https:\/\/www.buches-chaleor.com\/fr\/wp-json\/wp\/v2\/product"}],"about":[{"href":"https:\/\/www.buches-chaleor.com\/fr\/wp-json\/wp\/v2\/types\/product"}],"replies":[{"embeddable":true,"href":"https:\/\/www.buches-chaleor.com\/fr\/wp-json\/wp\/v2\/comments?post=8058"}],"wp:featuredmedia":[{"embeddable":true,"href":"https:\/\/www.buches-chaleor.com\/fr\/wp-json\/wp\/v2\/media\/9024"}],"wp:attachment":[{"href":"https:\/\/www.buches-chaleor.com\/fr\/wp-json\/wp\/v2\/media?parent=8058"}],"wp:term":[{"taxonomy":"pwb-brand","embeddable":true,"href":"https:\/\/www.buches-chaleor.com\/fr\/wp-json\/wp\/v2\/pwb-brand?post=8058"},{"taxonomy":"product_brand","embeddable":true,"href":"https:\/\/www.buches-chaleor.com\/fr\/wp-json\/wp\/v2\/product_brand?post=8058"},{"taxonomy":"product_cat","embeddable":true,"href":"https:\/\/www.buches-chaleor.com\/fr\/wp-json\/wp\/v2\/product_cat?post=8058"},{"taxonomy":"product_tag","embeddable":true,"href":"https:\/\/www.buches-chaleor.com\/fr\/wp-json\/wp\/v2\/product_tag?post=8058"}],"curies":[{"name":"wp","href":"https:\/\/api.w.org\/{rel}","templated":true}]}}