{"id":8057,"date":"2025-10-29T15:26:01","date_gmt":"2025-10-29T15:26:01","guid":{"rendered":"https:\/\/fuelbois.com\/?post_type=product&#038;p=8057"},"modified":"2026-03-08T08:43:15","modified_gmt":"2026-03-08T08:43:15","slug":"poele-a-bois-modena-invicta","status":"publish","type":"product","link":"https:\/\/www.buches-chaleor.com\/fr\/produit\/poele-a-bois-modena-invicta\/","title":{"rendered":"Po\u00eale \u00e0 bois MODENA \u2013 INVICTA"},"content":{"rendered":"<table class=\"table-data-sheet\">\n<tbody>\n<tr class=\"odd\">\n<td>Fabricant<\/td>\n<td><b>:<\/b>\u00a0INVICTA<\/td>\n<\/tr>\n<tr class=\"even\">\n<td>Pays d\u2019origine<\/td>\n<td><b>:<\/b>\u00a0France<\/td>\n<\/tr>\n<tr class=\"odd\">\n<td>Style<\/td>\n<td><b>:<\/b>\u00a0Classique<\/td>\n<\/tr>\n<tr class=\"even\">\n<td>Habillage<\/td>\n<td><b>:<\/b>\u00a0Fonte<\/td>\n<\/tr>\n<tr class=\"odd\">\n<td>Finition<\/td>\n<td><b>:<\/b>\u00a0Anthracite<\/td>\n<\/tr>\n<tr class=\"even\">\n<td>Combustible<\/td>\n<td><b>:<\/b>\u00a0Bois b\u00fbche<\/td>\n<\/tr>\n<tr class=\"odd\">\n<td>Homologation<\/td>\n<td><b>:<\/b>\u00a0EN13240 \u2013 BlmSchV2<\/td>\n<\/tr>\n<tr class=\"even\">\n<td>Label Flamme Verte<\/td>\n<td><b>:<\/b>\u00a07 \u00e9toiles<\/td>\n<\/tr>\n<tr class=\"odd\">\n<td>Indice de performance<\/td>\n<td><b>:<\/b>\u00a00.5<\/td>\n<\/tr>\n<tr class=\"even\">\n<td>Puissance nominale<\/td>\n<td><b>:<\/b>\u00a010 kW<\/td>\n<\/tr>\n<tr class=\"odd\">\n<td>Modulation de puissance<\/td>\n<td><b>:<\/b>\u00a06,5 \u00e0 15 kW<\/td>\n<\/tr>\n<tr class=\"even\">\n<td>Rendement<\/td>\n<td><b>:<\/b>\u00a077 %<\/td>\n<\/tr>\n<tr class=\"odd\">\n<td>Taux de CO\u00b2<\/td>\n<td><b>:<\/b>\u00a00.09 %<\/td>\n<\/tr>\n<tr class=\"even\">\n<td>Emission de poussi\u00e8res<\/td>\n<td><b>:<\/b>\u00a039 mg\/Nm\u00b3<\/td>\n<\/tr>\n<tr class=\"odd\">\n<td>Type de foyer<\/td>\n<td><b>:<\/b>\u00a0Ferm\u00e9<\/td>\n<\/tr>\n<tr class=\"even\">\n<td>Type de chargement<\/td>\n<td><b>:<\/b>\u00a0En fa\u00e7ade<\/td>\n<\/tr>\n<tr class=\"odd\">\n<td>Taille des b\u00fbches<\/td>\n<td><b>:<\/b>\u00a040 \u00e0 49 cm<\/td>\n<\/tr>\n<tr class=\"even\">\n<td>Echappement des fum\u00e9es<\/td>\n<td><b>:<\/b>\u00a0Dessus ou arri\u00e8re<\/td>\n<\/tr>\n<tr class=\"odd\">\n<td>Diam\u00e8tre de l\u2019\u00e9vacuation<\/td>\n<td><b>:<\/b>\u00a0150 mm<\/td>\n<\/tr>\n<tr class=\"even\">\n<td>Post-combution<\/td>\n<td><b>:<\/b>\u00a0Oui<\/td>\n<\/tr>\n<tr class=\"odd\">\n<td>Syst\u00e8me vitre propre<\/td>\n<td><b>:<\/b>\u00a0Oui<\/td>\n<\/tr>\n<tr class=\"even\">\n<td>Combustion prolong\u00e9e<\/td>\n<td><b>:<\/b>\u00a0Huit heures<\/td>\n<\/tr>\n<tr class=\"odd\">\n<td>Surface chauff\u00e9e<\/td>\n<td><b>:<\/b>\u00a0135 \u00e0 300 m\u00b3<\/td>\n<\/tr>\n<tr class=\"even\">\n<td>Volume chauff\u00e9<\/td>\n<td><b>:<\/b>\u00a055 \u00e0 120 m\u00b2<\/td>\n<\/tr>\n<tr class=\"odd\">\n<td>Poids<\/td>\n<td><b>:<\/b>\u00a0170 kg<\/td>\n<\/tr>\n<tr class=\"even\">\n<td>Dimensions<\/td>\n<td><b>:<\/b>\u00a0H 741 x L 764 x P 508 mm<\/td>\n<\/tr>\n<tr class=\"odd\">\n<td>Garantie<\/td>\n<td><b>:<\/b>\u00a05 ans<\/td>\n<\/tr>\n<\/tbody>\n<\/table>","protected":false},"excerpt":{"rendered":"<p><span style=\"color: #ff0000;\"><strong><em><img decoding=\"async\" src=\"https:\/\/buches-hiver.com\/wp-content\/uploads\/2023\/04\/6-60x60.png\" \/><\/em><\/strong><strong><em>Livraison standard. (5 \u00e0 7 jours) : 18\u2009\u20ac<\/em><\/strong><\/span><br \/>\n<span style=\"color: #ff0000;\"><strong><em>Livraison Express. (3 Jours) : 22\u2009\u20ac<\/em><\/strong><\/span><\/p>\n<p>Avec ses lignes \u00e9pur\u00e9es un brin r\u00e9tro, le po\u00eale \u00e0 bois Invicta Modena est l\u2019assurance de profiter d\u2019un cadre convivial et chaleureux chez soi, d\u2019autant plus qu\u2019il s\u2019int\u00e8gre ais\u00e9ment dans tous les types de d\u00e9coration int\u00e9rieure. Outre ses performances \u00e9nerg\u00e9tiques, ses prouesses environnementales ne sont pas en reste.<\/p>","protected":false},"featured_media":9009,"comment_status":"open","ping_status":"closed","template":"","meta":{"_acf_changed":false,"content-type":"","_monsterinsights_skip_tracking":false,"_monsterinsights_sitenote_active":false,"_monsterinsights_sitenote_note":"","_monsterinsights_sitenote_category":0},"pwb-brand":[],"product_brand":[],"product_cat":[80],"product_tag":[33],"class_list":{"0":"post-8057","1":"product","2":"type-product","3":"status-publish","4":"has-post-thumbnail","6":"product_cat-poele-a-bois","7":"product_tag-ajoutez-880-00e-a-votre-panier-et-beneficiez-de-la-livraison-gratuite","9":"first","10":"instock","11":"taxable","12":"shipping-taxable","13":"purchasable","14":"product-type-simple"},"acf":[],"aioseo_notices":[],"brands":[],"_links":{"self":[{"href":"https:\/\/www.buches-chaleor.com\/fr\/wp-json\/wp\/v2\/product\/8057","targetHints":{"allow":["GET"]}}],"collection":[{"href":"https:\/\/www.buches-chaleor.com\/fr\/wp-json\/wp\/v2\/product"}],"about":[{"href":"https:\/\/www.buches-chaleor.com\/fr\/wp-json\/wp\/v2\/types\/product"}],"replies":[{"embeddable":true,"href":"https:\/\/www.buches-chaleor.com\/fr\/wp-json\/wp\/v2\/comments?post=8057"}],"wp:featuredmedia":[{"embeddable":true,"href":"https:\/\/www.buches-chaleor.com\/fr\/wp-json\/wp\/v2\/media\/9009"}],"wp:attachment":[{"href":"https:\/\/www.buches-chaleor.com\/fr\/wp-json\/wp\/v2\/media?parent=8057"}],"wp:term":[{"taxonomy":"pwb-brand","embeddable":true,"href":"https:\/\/www.buches-chaleor.com\/fr\/wp-json\/wp\/v2\/pwb-brand?post=8057"},{"taxonomy":"product_brand","embeddable":true,"href":"https:\/\/www.buches-chaleor.com\/fr\/wp-json\/wp\/v2\/product_brand?post=8057"},{"taxonomy":"product_cat","embeddable":true,"href":"https:\/\/www.buches-chaleor.com\/fr\/wp-json\/wp\/v2\/product_cat?post=8057"},{"taxonomy":"product_tag","embeddable":true,"href":"https:\/\/www.buches-chaleor.com\/fr\/wp-json\/wp\/v2\/product_tag?post=8057"}],"curies":[{"name":"wp","href":"https:\/\/api.w.org\/{rel}","templated":true}]}}