{"id":8055,"date":"2025-10-29T15:19:20","date_gmt":"2025-10-29T15:19:20","guid":{"rendered":"https:\/\/fuelbois.com\/?post_type=product&#038;p=8055"},"modified":"2026-03-08T08:38:42","modified_gmt":"2026-03-08T08:38:42","slug":"poele-a-bois-brio-sur-pied-invicta","status":"publish","type":"product","link":"https:\/\/www.buches-chaleor.com\/fr\/produit\/poele-a-bois-brio-sur-pied-invicta\/","title":{"rendered":"Po\u00eale \u00e0 bois BRIO sur pied \u2013 INVICTA"},"content":{"rendered":"<table class=\"table-data-sheet\">\n<tbody>\n<tr class=\"odd\">\n<td>Fabricant<\/td>\n<td><b>:<\/b>\u00a0INVICTA<\/td>\n<\/tr>\n<tr class=\"even\">\n<td>Pays d\u2019origine<\/td>\n<td><b>:<\/b>\u00a0France<\/td>\n<\/tr>\n<tr class=\"odd\">\n<td>Style<\/td>\n<td><b>:<\/b>\u00a0Design<\/td>\n<\/tr>\n<tr class=\"even\">\n<td>Habillage<\/td>\n<td><b>:<\/b>\u00a0Fonte<\/td>\n<\/tr>\n<tr class=\"odd\">\n<td>Finition<\/td>\n<td><b>:<\/b>\u00a0Anthracite<\/td>\n<\/tr>\n<tr class=\"even\">\n<td>Structures<\/td>\n<td><b>:<\/b>\u00a0Convection naturelle<\/td>\n<\/tr>\n<tr class=\"odd\">\n<td>Combustible<\/td>\n<td><b>:<\/b>\u00a0Bois b\u00fbche<\/td>\n<\/tr>\n<tr class=\"even\">\n<td>Homologation<\/td>\n<td><b>:<\/b>\u00a0EN 13240 \u2013 BImSchV<\/td>\n<\/tr>\n<tr class=\"odd\">\n<td>Label Flamme Verte<\/td>\n<td><b>:<\/b>\u00a07 \u00e9toiles<\/td>\n<\/tr>\n<tr class=\"even\">\n<td>Puissance nominale<\/td>\n<td><b>:<\/b>\u00a07 kW<\/td>\n<\/tr>\n<tr class=\"odd\">\n<td>Rendement<\/td>\n<td><b>:<\/b>\u00a076%<\/td>\n<\/tr>\n<tr class=\"even\">\n<td>Taux de CO\u00b2<\/td>\n<td><b>:<\/b>\u00a00.10<\/td>\n<\/tr>\n<tr class=\"odd\">\n<td>Type de foyer<\/td>\n<td><b>:<\/b>\u00a0Ferm\u00e9<\/td>\n<\/tr>\n<tr class=\"even\">\n<td>Type de chargement<\/td>\n<td><b>:<\/b>\u00a0En fa\u00e7ade<\/td>\n<\/tr>\n<tr class=\"odd\">\n<td>Taille des b\u00fbches<\/td>\n<td><b>:<\/b>\u00a025, 33, 50<\/td>\n<\/tr>\n<tr class=\"even\">\n<td>Echappement des fum\u00e9es<\/td>\n<td><b>:<\/b>\u00a0Par le dessus<\/td>\n<\/tr>\n<tr class=\"odd\">\n<td>Diam\u00e8tre de l\u2019\u00e9vacuation<\/td>\n<td><b>:<\/b>\u00a0150 mm<\/td>\n<\/tr>\n<tr class=\"even\">\n<td>Habillage du foyer<\/td>\n<td><b>:<\/b>\u00a0En fonte<\/td>\n<\/tr>\n<tr class=\"odd\">\n<td>Post-combution<\/td>\n<td><b>:<\/b>\u00a0Oui<\/td>\n<\/tr>\n<tr class=\"even\">\n<td>Syst\u00e8me vitre propre<\/td>\n<td><b>:<\/b>\u00a0Oui<\/td>\n<\/tr>\n<tr class=\"odd\">\n<td>R\u00e9glage de l\u2019allure du feu<\/td>\n<td><b>:<\/b>\u00a0Registre manuel<\/td>\n<\/tr>\n<tr class=\"even\">\n<td>Combustion prolong\u00e9e<\/td>\n<td><b>:<\/b>\u00a0Huit heures<\/td>\n<\/tr>\n<tr class=\"odd\">\n<td>Raccordement du circuit d\u2019air frais<\/td>\n<td><b>:<\/b>\u00a0Diam. 60 mm<\/td>\n<\/tr>\n<tr class=\"even\">\n<td>Surface chauff\u00e9e<\/td>\n<td><b>:<\/b>\u00a040 \u00e0 85 m\u00b2<\/td>\n<\/tr>\n<tr class=\"odd\">\n<td>Volume chauff\u00e9<\/td>\n<td><b>:<\/b>\u00a0100 \u00e0 210 m\u00b3<\/td>\n<\/tr>\n<tr class=\"even\">\n<td>Poids<\/td>\n<td><b>:<\/b>\u00a0138 kg<\/td>\n<\/tr>\n<tr class=\"odd\">\n<td>Dimensions<\/td>\n<td><b>:<\/b>\u00a0H 1150 x L 853 x P 532 mm<\/td>\n<\/tr>\n<tr class=\"even\">\n<td>Garantie<\/td>\n<td><b>:<\/b>\u00a05 ans<\/td>\n<\/tr>\n<\/tbody>\n<\/table>","protected":false},"excerpt":{"rendered":"<p><span style=\"color: #ff0000;\"><strong><em><img decoding=\"async\" src=\"https:\/\/buches-hiver.com\/wp-content\/uploads\/2023\/04\/6-60x60.png\" \/><\/em><\/strong><strong><em>Livraison standard. (5 \u00e0 7 jours) : 18\u2009\u20ac<\/em><\/strong><\/span><br \/>\n<span style=\"color: #ff0000;\"><strong><em>Livraison Express. (3 Jours) : 22\u2009\u20ac<\/em><\/strong><\/span><\/p>\n<p>Il a vraiment un look incroyable ce po\u00eale \u00e0 bois BRIO ! A\u00e9rien, tout en rondeur, avec son grand hublot ouvert sur les flammes, Invicta signe ici un joli po\u00eale, design et abordable. Le BRIO peut br\u00fbler des b\u00fbches de 50cm. On peut \u00e9galement le raccorder \u00e0 une arriv\u00e9e d\u2019air ext\u00e9rieur.<\/p>","protected":false},"featured_media":9003,"comment_status":"open","ping_status":"closed","template":"","meta":{"_acf_changed":false,"content-type":"","_monsterinsights_skip_tracking":false,"_monsterinsights_sitenote_active":false,"_monsterinsights_sitenote_note":"","_monsterinsights_sitenote_category":0},"pwb-brand":[],"product_brand":[],"product_cat":[80],"product_tag":[33],"class_list":{"0":"post-8055","1":"product","2":"type-product","3":"status-publish","4":"has-post-thumbnail","6":"product_cat-poele-a-bois","7":"product_tag-ajoutez-880-00e-a-votre-panier-et-beneficiez-de-la-livraison-gratuite","9":"first","10":"instock","11":"taxable","12":"shipping-taxable","13":"purchasable","14":"product-type-simple"},"acf":[],"aioseo_notices":[],"brands":[],"_links":{"self":[{"href":"https:\/\/www.buches-chaleor.com\/fr\/wp-json\/wp\/v2\/product\/8055","targetHints":{"allow":["GET"]}}],"collection":[{"href":"https:\/\/www.buches-chaleor.com\/fr\/wp-json\/wp\/v2\/product"}],"about":[{"href":"https:\/\/www.buches-chaleor.com\/fr\/wp-json\/wp\/v2\/types\/product"}],"replies":[{"embeddable":true,"href":"https:\/\/www.buches-chaleor.com\/fr\/wp-json\/wp\/v2\/comments?post=8055"}],"wp:featuredmedia":[{"embeddable":true,"href":"https:\/\/www.buches-chaleor.com\/fr\/wp-json\/wp\/v2\/media\/9003"}],"wp:attachment":[{"href":"https:\/\/www.buches-chaleor.com\/fr\/wp-json\/wp\/v2\/media?parent=8055"}],"wp:term":[{"taxonomy":"pwb-brand","embeddable":true,"href":"https:\/\/www.buches-chaleor.com\/fr\/wp-json\/wp\/v2\/pwb-brand?post=8055"},{"taxonomy":"product_brand","embeddable":true,"href":"https:\/\/www.buches-chaleor.com\/fr\/wp-json\/wp\/v2\/product_brand?post=8055"},{"taxonomy":"product_cat","embeddable":true,"href":"https:\/\/www.buches-chaleor.com\/fr\/wp-json\/wp\/v2\/product_cat?post=8055"},{"taxonomy":"product_tag","embeddable":true,"href":"https:\/\/www.buches-chaleor.com\/fr\/wp-json\/wp\/v2\/product_tag?post=8055"}],"curies":[{"name":"wp","href":"https:\/\/api.w.org\/{rel}","templated":true}]}}