{"id":8054,"date":"2025-10-29T15:15:31","date_gmt":"2025-10-29T15:15:31","guid":{"rendered":"https:\/\/fuelbois.com\/?post_type=product&#038;p=8054"},"modified":"2026-03-08T08:40:09","modified_gmt":"2026-03-08T08:40:09","slug":"poele-a-bois-carolo-zen-invicta","status":"publish","type":"product","link":"https:\/\/www.buches-chaleor.com\/fr\/produit\/poele-a-bois-carolo-zen-invicta\/","title":{"rendered":"Po\u00eale \u00e0 bois CAROLO ZEN \u2013 Invicta"},"content":{"rendered":"<table class=\"table-data-sheet\" width=\"556\">\n<tbody>\n<tr class=\"odd\">\n<td>Fabricant<\/td>\n<td><b>:<\/b>\u00a0INVICTA<\/td>\n<\/tr>\n<tr class=\"even\">\n<td>Pays d\u2019origine<\/td>\n<td><b>:<\/b>\u00a0France<\/td>\n<\/tr>\n<tr class=\"odd\">\n<td>Style<\/td>\n<td><b>:<\/b>\u00a0Contemporain<\/td>\n<\/tr>\n<tr class=\"even\">\n<td>Combustible<\/td>\n<td><b>:<\/b>\u00a0Bois b\u00fbche<\/td>\n<\/tr>\n<tr class=\"odd\">\n<td>Label Flamme Verte<\/td>\n<td><b>:<\/b>\u00a07 \u00e9toiles<\/td>\n<\/tr>\n<tr class=\"even\">\n<td>Norme<\/td>\n<td><b>:<\/b>\u00a0Ecodesign 2022<\/td>\n<\/tr>\n<tr class=\"odd\">\n<td>Puissance nominale<\/td>\n<td><b>:<\/b>\u00a08 kW<\/td>\n<\/tr>\n<tr class=\"even\">\n<td>Rendement<\/td>\n<td><b>:<\/b>\u00a077%<\/td>\n<\/tr>\n<tr class=\"odd\">\n<td>Taux de CO\u00b2<\/td>\n<td><b>:<\/b>\u00a00.10%<\/td>\n<\/tr>\n<tr class=\"even\">\n<td>Type de foyer<\/td>\n<td><b>:<\/b>\u00a0Ferm\u00e9<\/td>\n<\/tr>\n<tr class=\"odd\">\n<td>Type de chargement<\/td>\n<td><b>:<\/b>\u00a0En fa\u00e7ade<\/td>\n<\/tr>\n<tr class=\"even\">\n<td>Taille des b\u00fbches<\/td>\n<td><b>:<\/b>\u00a0Jusqu\u2019\u00e0 56cm<\/td>\n<\/tr>\n<tr class=\"odd\">\n<td>Echappement des fum\u00e9es<\/td>\n<td><b>:<\/b>\u00a0Par le dessus<\/td>\n<\/tr>\n<tr class=\"even\">\n<td>Diam\u00e8tre de l\u2019\u00e9vacuation<\/td>\n<td><b>:<\/b>\u00a0150 mm<\/td>\n<\/tr>\n<tr class=\"odd\">\n<td>Post-combution<\/td>\n<td><b>:<\/b>\u00a0Oui<\/td>\n<\/tr>\n<tr class=\"even\">\n<td>Syst\u00e8me vitre propre<\/td>\n<td><b>:<\/b>\u00a0Oui<\/td>\n<\/tr>\n<tr class=\"odd\">\n<td>R\u00e9glage de l\u2019allure du feu<\/td>\n<td><b>:<\/b>\u00a0Registre manuel<\/td>\n<\/tr>\n<tr class=\"even\">\n<td>Combustion prolong\u00e9e<\/td>\n<td><b>:<\/b>\u00a0Huit heures<\/td>\n<\/tr>\n<tr class=\"odd\">\n<td>Raccordement du circuit d\u2019air frais<\/td>\n<td><b>:<\/b>\u00a0oui<\/td>\n<\/tr>\n<tr class=\"even\">\n<td>Surface chauff\u00e9e<\/td>\n<td><b>:<\/b>\u00a040 \u00e0 100m\u00b2<\/td>\n<\/tr>\n<tr class=\"odd\">\n<td>Poids<\/td>\n<td><b>:<\/b>\u00a0105 kg<\/td>\n<\/tr>\n<tr class=\"even\">\n<td>Dimensions<\/td>\n<td><b>:<\/b>\u00a0L60 x P42.2 x H78.6 cm<\/td>\n<\/tr>\n<tr class=\"odd\">\n<td>Garantie<\/td>\n<td><b>:<\/b>\u00a05 ans<\/td>\n<\/tr>\n<\/tbody>\n<\/table>","protected":false},"excerpt":{"rendered":"<p><span style=\"color: #ff0000;\"><strong><em><img decoding=\"async\" src=\"https:\/\/buches-hiver.com\/wp-content\/uploads\/2023\/04\/6-60x60.png\" \/><\/em><\/strong><strong><em>Livraison standard. (5 \u00e0 7 jours) : 18\u2009\u20ac<\/em><\/strong><\/span><br \/>\n<span style=\"color: #ff0000;\"><strong><em>Livraison Express. (3 Jours) : 22\u2009\u20ac<\/em><\/strong><\/span><\/p>\n<p>La famille des CAROLO s\u2019aggrandit avec cette version dot\u00e9e de pied en bois. Tr\u00e8s mode, cette petite modification offre une silhouette plus l\u00e9g\u00e8re et plus d\u00e9co \u00e0 ce petit po\u00eale. Il offre 8 kW de chaleur, il est labellis\u00e9 7* et raccordable \u00e0 un circuit d\u2019air frais.<\/p>","protected":false},"featured_media":9005,"comment_status":"open","ping_status":"closed","template":"","meta":{"_acf_changed":false,"content-type":"","_monsterinsights_skip_tracking":false,"_monsterinsights_sitenote_active":false,"_monsterinsights_sitenote_note":"","_monsterinsights_sitenote_category":0},"pwb-brand":[],"product_brand":[],"product_cat":[80],"product_tag":[33],"class_list":{"0":"post-8054","1":"product","2":"type-product","3":"status-publish","4":"has-post-thumbnail","6":"product_cat-poele-a-bois","7":"product_tag-ajoutez-880-00e-a-votre-panier-et-beneficiez-de-la-livraison-gratuite","9":"first","10":"instock","11":"taxable","12":"shipping-taxable","13":"purchasable","14":"product-type-simple"},"acf":[],"aioseo_notices":[],"brands":[],"_links":{"self":[{"href":"https:\/\/www.buches-chaleor.com\/fr\/wp-json\/wp\/v2\/product\/8054","targetHints":{"allow":["GET"]}}],"collection":[{"href":"https:\/\/www.buches-chaleor.com\/fr\/wp-json\/wp\/v2\/product"}],"about":[{"href":"https:\/\/www.buches-chaleor.com\/fr\/wp-json\/wp\/v2\/types\/product"}],"replies":[{"embeddable":true,"href":"https:\/\/www.buches-chaleor.com\/fr\/wp-json\/wp\/v2\/comments?post=8054"}],"wp:featuredmedia":[{"embeddable":true,"href":"https:\/\/www.buches-chaleor.com\/fr\/wp-json\/wp\/v2\/media\/9005"}],"wp:attachment":[{"href":"https:\/\/www.buches-chaleor.com\/fr\/wp-json\/wp\/v2\/media?parent=8054"}],"wp:term":[{"taxonomy":"pwb-brand","embeddable":true,"href":"https:\/\/www.buches-chaleor.com\/fr\/wp-json\/wp\/v2\/pwb-brand?post=8054"},{"taxonomy":"product_brand","embeddable":true,"href":"https:\/\/www.buches-chaleor.com\/fr\/wp-json\/wp\/v2\/product_brand?post=8054"},{"taxonomy":"product_cat","embeddable":true,"href":"https:\/\/www.buches-chaleor.com\/fr\/wp-json\/wp\/v2\/product_cat?post=8054"},{"taxonomy":"product_tag","embeddable":true,"href":"https:\/\/www.buches-chaleor.com\/fr\/wp-json\/wp\/v2\/product_tag?post=8054"}],"curies":[{"name":"wp","href":"https:\/\/api.w.org\/{rel}","templated":true}]}}