{"id":8053,"date":"2025-10-29T15:10:53","date_gmt":"2025-10-29T15:10:53","guid":{"rendered":"https:\/\/fuelbois.com\/?post_type=product&#038;p=8053"},"modified":"2026-03-08T08:37:20","modified_gmt":"2026-03-08T08:37:20","slug":"poele-a-bois-altara-invicta","status":"publish","type":"product","link":"https:\/\/www.buches-chaleor.com\/fr\/produit\/poele-a-bois-altara-invicta\/","title":{"rendered":"Po\u00eale \u00e0 bois ALTARA \u2013 Invicta"},"content":{"rendered":"<table class=\"table-data-sheet\">\n<tbody>\n<tr class=\"odd\">\n<td>Foyer \u00e9tanche (BBC)<\/td>\n<td><b>:<\/b>\u00a0Oui<\/td>\n<\/tr>\n<tr class=\"even\">\n<td>Fabricant<\/td>\n<td><b>:<\/b>\u00a0INVICTA<\/td>\n<\/tr>\n<tr class=\"odd\">\n<td>Pays d\u2019origine<\/td>\n<td><b>:<\/b>\u00a0France<\/td>\n<\/tr>\n<tr class=\"even\">\n<td>Style<\/td>\n<td><b>:<\/b>\u00a0Moderne<\/td>\n<\/tr>\n<tr class=\"odd\">\n<td>Habillage<\/td>\n<td><b>:<\/b>\u00a0Fonte<\/td>\n<\/tr>\n<tr class=\"even\">\n<td>Finition<\/td>\n<td><b>:<\/b>\u00a0Noir<\/td>\n<\/tr>\n<tr class=\"odd\">\n<td>Structures<\/td>\n<td><b>:<\/b>\u00a0Convection naturelle<\/td>\n<\/tr>\n<tr class=\"even\">\n<td>Combustible<\/td>\n<td><b>:<\/b>\u00a0Bois b\u00fbche<\/td>\n<\/tr>\n<tr class=\"odd\">\n<td>Homologation<\/td>\n<td><b>:<\/b>\u00a0EN 13240 \u2013 BImSchV<\/td>\n<\/tr>\n<tr class=\"even\">\n<td>Label Flamme Verte<\/td>\n<td><b>:<\/b>\u00a07 \u00e9toiles<\/td>\n<\/tr>\n<tr class=\"odd\">\n<td>Indice de performance<\/td>\n<td><b>:<\/b>\u00a00,3<\/td>\n<\/tr>\n<tr class=\"even\">\n<td>Puissance nominale<\/td>\n<td><b>:<\/b>\u00a07 kW<\/td>\n<\/tr>\n<tr class=\"odd\">\n<td>Modulation de puissance<\/td>\n<td><b>:<\/b>\u00a04,5 \u00e0 10,5 kW<\/td>\n<\/tr>\n<tr class=\"even\">\n<td>Rendement<\/td>\n<td><b>:<\/b>\u00a079%<\/td>\n<\/tr>\n<tr class=\"odd\">\n<td>Taux de CO\u00b2<\/td>\n<td><b>:<\/b>\u00a00,07 %<\/td>\n<\/tr>\n<tr class=\"even\">\n<td>Emission de poussi\u00e8res<\/td>\n<td><b>:<\/b>\u00a010 mg\/Nm3<\/td>\n<\/tr>\n<tr class=\"odd\">\n<td>Type de foyer<\/td>\n<td><b>:<\/b>\u00a0Ferm\u00e9<\/td>\n<\/tr>\n<tr class=\"even\">\n<td>Type de chargement<\/td>\n<td><b>:<\/b>\u00a0En fa\u00e7ade<\/td>\n<\/tr>\n<tr class=\"odd\">\n<td>Taille des b\u00fbches<\/td>\n<td><b>:<\/b>\u00a033 cm<\/td>\n<\/tr>\n<tr class=\"even\">\n<td>Echappement des fum\u00e9es<\/td>\n<td><b>:<\/b>\u00a0Par le dessus<\/td>\n<\/tr>\n<tr class=\"odd\">\n<td>Diam\u00e8tre de l\u2019\u00e9vacuation<\/td>\n<td><b>:<\/b>\u00a0150 mm<\/td>\n<\/tr>\n<tr class=\"even\">\n<td>Habillage du foyer<\/td>\n<td><b>:<\/b>\u00a0En vermiculite<\/td>\n<\/tr>\n<tr class=\"odd\">\n<td>Post-combution<\/td>\n<td><b>:<\/b>\u00a0Oui<\/td>\n<\/tr>\n<tr class=\"even\">\n<td>Syst\u00e8me vitre propre<\/td>\n<td><b>:<\/b>\u00a0Oui<\/td>\n<\/tr>\n<tr class=\"odd\">\n<td>R\u00e9glage de l\u2019allure du feu<\/td>\n<td><b>:<\/b>\u00a0Registre manuel<\/td>\n<\/tr>\n<tr class=\"even\">\n<td>Combustion prolong\u00e9e<\/td>\n<td><b>:<\/b>\u00a0Huit heures<\/td>\n<\/tr>\n<tr class=\"odd\">\n<td>Raccordement du circuit d\u2019air frais<\/td>\n<td><b>:<\/b>\u00a0Diam. 80mm<\/td>\n<\/tr>\n<tr class=\"even\">\n<td>Surface chauff\u00e9e<\/td>\n<td><b>:<\/b>\u00a040 \u00e0 85 m\u00b2<\/td>\n<\/tr>\n<tr class=\"odd\">\n<td>Volume chauff\u00e9<\/td>\n<td><b>:<\/b>\u00a0100 \u00e0 210 m\u00b3<\/td>\n<\/tr>\n<tr class=\"even\">\n<td>Poids<\/td>\n<td><b>:<\/b>\u00a0135 kg<\/td>\n<\/tr>\n<tr class=\"odd\">\n<td>Dimensions<\/td>\n<td><b>:<\/b>\u00a0H 1050 x L 450 x P 450 mm<\/td>\n<\/tr>\n<tr class=\"even\">\n<td>Garantie<\/td>\n<td><b>:<\/b>\u00a05 ans<\/td>\n<\/tr>\n<\/tbody>\n<\/table>","protected":false},"excerpt":{"rendered":"<p><span style=\"color: #ff0000;\"><strong><em><img decoding=\"async\" src=\"https:\/\/buches-hiver.com\/wp-content\/uploads\/2023\/04\/6-60x60.png\" \/><\/em><\/strong><strong><em>Livraison standard. (5 \u00e0 7 jours) : 18\u2009\u20ac<\/em><\/strong><\/span><br \/>\n<span style=\"color: #ff0000;\"><strong><em>Livraison Express. (3 Jours) : 22\u2009\u20ac<\/em><\/strong><\/span><\/p>\n<p>Faites du po\u00eale \u00e0 bois Invicta Altara raccordable un acteur ardent et resplendissant de votre chauffage. \u00c9tanche, Flamme verte 7*, post-combustion.<\/p>","protected":false},"featured_media":9001,"comment_status":"open","ping_status":"closed","template":"","meta":{"_acf_changed":false,"content-type":"","_monsterinsights_skip_tracking":false,"_monsterinsights_sitenote_active":false,"_monsterinsights_sitenote_note":"","_monsterinsights_sitenote_category":0},"pwb-brand":[],"product_brand":[],"product_cat":[80],"product_tag":[33],"class_list":{"0":"post-8053","1":"product","2":"type-product","3":"status-publish","4":"has-post-thumbnail","6":"product_cat-poele-a-bois","7":"product_tag-ajoutez-880-00e-a-votre-panier-et-beneficiez-de-la-livraison-gratuite","9":"first","10":"instock","11":"taxable","12":"shipping-taxable","13":"purchasable","14":"product-type-simple"},"acf":[],"aioseo_notices":[],"brands":[],"_links":{"self":[{"href":"https:\/\/www.buches-chaleor.com\/fr\/wp-json\/wp\/v2\/product\/8053","targetHints":{"allow":["GET"]}}],"collection":[{"href":"https:\/\/www.buches-chaleor.com\/fr\/wp-json\/wp\/v2\/product"}],"about":[{"href":"https:\/\/www.buches-chaleor.com\/fr\/wp-json\/wp\/v2\/types\/product"}],"replies":[{"embeddable":true,"href":"https:\/\/www.buches-chaleor.com\/fr\/wp-json\/wp\/v2\/comments?post=8053"}],"wp:featuredmedia":[{"embeddable":true,"href":"https:\/\/www.buches-chaleor.com\/fr\/wp-json\/wp\/v2\/media\/9001"}],"wp:attachment":[{"href":"https:\/\/www.buches-chaleor.com\/fr\/wp-json\/wp\/v2\/media?parent=8053"}],"wp:term":[{"taxonomy":"pwb-brand","embeddable":true,"href":"https:\/\/www.buches-chaleor.com\/fr\/wp-json\/wp\/v2\/pwb-brand?post=8053"},{"taxonomy":"product_brand","embeddable":true,"href":"https:\/\/www.buches-chaleor.com\/fr\/wp-json\/wp\/v2\/product_brand?post=8053"},{"taxonomy":"product_cat","embeddable":true,"href":"https:\/\/www.buches-chaleor.com\/fr\/wp-json\/wp\/v2\/product_cat?post=8053"},{"taxonomy":"product_tag","embeddable":true,"href":"https:\/\/www.buches-chaleor.com\/fr\/wp-json\/wp\/v2\/product_tag?post=8053"}],"curies":[{"name":"wp","href":"https:\/\/api.w.org\/{rel}","templated":true}]}}