{"id":8034,"date":"2025-10-29T14:17:52","date_gmt":"2025-10-29T14:17:52","guid":{"rendered":"https:\/\/fuelbois.com\/?post_type=product&#038;p=8034"},"modified":"2026-03-08T07:48:29","modified_gmt":"2026-03-08T07:48:29","slug":"1-2-palette-de-bois-densifie-feuillus-resineux-480-kg","status":"publish","type":"product","link":"https:\/\/www.buches-chaleor.com\/fr\/produit\/1-2-palette-de-bois-densifie-feuillus-resineux-480-kg\/","title":{"rendered":"1\/2 Palette De Bois Densifi\u00e9 \u2013 Feuillus + R\u00e9sineux \u2013 480 Kg"},"content":{"rendered":"<p>Le bois densifi\u00e9 bien pratique en petit format pour les personnes n\u2019ayant pas beaucoup de place de stockage ou une faible consommation.<\/p>\n<p>Un bois de chauffage propre, \u00e9conomique et \u00e9cologique : le bois densifi\u00e9<\/p>\n<p>Un bois ultra sec gr\u00e2ce \u00e0 un taux d\u2019humidit\u00e9 inf\u00e9rieur \u00e0 8%.<\/p>\n<p>Un fort pouvoir calorifique 3 \u00e0 4 fois sup\u00e9rieur au bois traditionnel.<\/p>\n<p>Une dur\u00e9e de combustion de 1h30 \u00e0 2h et n\u2019encrasse pas avec son faible taux en cendres inf\u00e9rieur \u00e0 1.5%.<\/p>\n<p>Sans plastique ou presque : les b\u00fbches sont uniquement cercl\u00e9es pour \u00e9viter trop d\u2019emballage.<\/p>\n<p>Ces b\u00fbches vous offriront une chaleur constante et vous procureront un confort stable et de qualit\u00e9.<\/p>\n<p>Nous vous rappelons que le bois densifi\u00e9 est imp\u00e9rativement \u00e0 stocker en int\u00e9rieur \u00e0 l\u2019abri de toute humidit\u00e9.<\/p>\n<div class=\"product-manufacturer\"><label class=\"label\">Marque: \u00a0KALI<\/label><label class=\"label\">Conditionnement : Demi palette<br \/>\nOrigine : France<\/label><\/div>","protected":false},"excerpt":{"rendered":"<p><span style=\"color: #ff0000;\"><strong><em><img decoding=\"async\" src=\"https:\/\/buches-hiver.com\/wp-content\/uploads\/2023\/04\/6-60x60.png\" \/><\/em><\/strong><strong><em>Livraison standard. (5 \u00e0 7 jours) : 18\u2009\u20ac<\/em><\/strong><\/span><br \/>\n<span style=\"color: #ff0000;\"><strong><em>Livraison Express. (3 Jours) : 22\u2009\u20ac<\/em><\/strong><\/span><\/p>\n<div class=\"elementor-element elementor-element-f213c2f wd-single-short-desc text-left elementor-widget elementor-widget-wd_single_product_short_description\" data-id=\"f213c2f\" data-element_type=\"widget\" data-widget_type=\"wd_single_product_short_description.default\">\n<div class=\"elementor-widget-container\">\n<div class=\"woocommerce-product-details__short-description\">\n<div class=\"woocommerce-product-details__short-description\">\n<p>Bois densifi\u00e9 de jour, compos\u00e9 \u00e0 70% de plaquettes de h\u00eatre, ch\u00eane, fr\u00eane et \u00e0 30% de r\u00e9sineux issus de scieries locales, fabriqu\u00e9 en Picardie de for\u00eats labellis\u00e9es PEFC.<\/p>\n<p>100 % naturel, sans colle, ni additifs<\/p>\n<p>Vendu par 48 lots de 6 b\u00fbchettes.<\/p>\n<\/div>\n<\/div>\n<\/div>\n<\/div>\n<div class=\"wd-negative-gap elementor-element elementor-element-2444467 e-flex e-con-boxed e-con e-child\" data-id=\"2444467\" data-element_type=\"container\">\n<div class=\"e-con-inner\">\n<div class=\"elementor-element elementor-element-5e38082 elementor-widget__width-auto wd-single-price text-left elementor-widget elementor-widget-wd_single_product_price\" data-id=\"5e38082\" data-element_type=\"widget\" data-widget_type=\"wd_single_product_price.default\">\n<div class=\"elementor-widget-container\"><\/div>\n<\/div>\n<\/div>\n<\/div>","protected":false},"featured_media":8965,"comment_status":"open","ping_status":"closed","template":"","meta":{"_acf_changed":false,"content-type":"","_monsterinsights_skip_tracking":false,"_monsterinsights_sitenote_active":false,"_monsterinsights_sitenote_note":"","_monsterinsights_sitenote_category":0},"pwb-brand":[],"product_brand":[],"product_cat":[40],"product_tag":[33],"class_list":{"0":"post-8034","1":"product","2":"type-product","3":"status-publish","4":"has-post-thumbnail","6":"product_cat-bois-densifie-buches-compressees","7":"product_tag-ajoutez-880-00e-a-votre-panier-et-beneficiez-de-la-livraison-gratuite","9":"first","10":"instock","11":"taxable","12":"shipping-taxable","13":"purchasable","14":"product-type-simple"},"acf":[],"aioseo_notices":[],"brands":[],"_links":{"self":[{"href":"https:\/\/www.buches-chaleor.com\/fr\/wp-json\/wp\/v2\/product\/8034","targetHints":{"allow":["GET"]}}],"collection":[{"href":"https:\/\/www.buches-chaleor.com\/fr\/wp-json\/wp\/v2\/product"}],"about":[{"href":"https:\/\/www.buches-chaleor.com\/fr\/wp-json\/wp\/v2\/types\/product"}],"replies":[{"embeddable":true,"href":"https:\/\/www.buches-chaleor.com\/fr\/wp-json\/wp\/v2\/comments?post=8034"}],"wp:featuredmedia":[{"embeddable":true,"href":"https:\/\/www.buches-chaleor.com\/fr\/wp-json\/wp\/v2\/media\/8965"}],"wp:attachment":[{"href":"https:\/\/www.buches-chaleor.com\/fr\/wp-json\/wp\/v2\/media?parent=8034"}],"wp:term":[{"taxonomy":"pwb-brand","embeddable":true,"href":"https:\/\/www.buches-chaleor.com\/fr\/wp-json\/wp\/v2\/pwb-brand?post=8034"},{"taxonomy":"product_brand","embeddable":true,"href":"https:\/\/www.buches-chaleor.com\/fr\/wp-json\/wp\/v2\/product_brand?post=8034"},{"taxonomy":"product_cat","embeddable":true,"href":"https:\/\/www.buches-chaleor.com\/fr\/wp-json\/wp\/v2\/product_cat?post=8034"},{"taxonomy":"product_tag","embeddable":true,"href":"https:\/\/www.buches-chaleor.com\/fr\/wp-json\/wp\/v2\/product_tag?post=8034"}],"curies":[{"name":"wp","href":"https:\/\/api.w.org\/{rel}","templated":true}]}}