{"id":8025,"date":"2025-10-29T14:38:14","date_gmt":"2025-10-29T14:38:14","guid":{"rendered":"https:\/\/fuelbois.com\/?post_type=product&#038;p=8025"},"modified":"2026-03-08T07:54:14","modified_gmt":"2026-03-08T07:54:14","slug":"bois-densifie-feuillus-palette-de-1-tonne","status":"publish","type":"product","link":"https:\/\/www.buches-chaleor.com\/fr\/produit\/bois-densifie-feuillus-palette-de-1-tonne\/","title":{"rendered":"Bois Densifi\u00e9 \u2013 Feuillus \u2013 Palette De 1 Tonne"},"content":{"rendered":"<section class=\"product-features\">\n<dl class=\"data-sheet\">\n<dt class=\"name\">Poids : 8,55 kg par lot environ<\/dt>\n<dt class=\"name\">Pouvoir Calorifique : Sup\u00e9rieur \u00e0 4,5 kWh\/kg<\/dt>\n<dt class=\"name\">Essence : Feuillus (ch\u00eane, charme, h\u00eatre, peuplier)<\/dt>\n<dt class=\"name\">Longueur : 30 cm environ<\/dt>\n<dt class=\"name\">Diam\u00e8tre : 8 cm environ<\/dt>\n<dt class=\"name\">Conditionnement : Palette<\/dt>\n<dt class=\"name\">Origine : France<\/dt>\n<dt class=\"name\">Quantit\u00e9 : 117 lots de 5 b\u00fbches<\/dt>\n<\/dl>\n<\/section>\n<p>Le bois densifi\u00e9\u00a0<strong>MAXI BUCHE<\/strong>\u00a0est fabriqu\u00e9 en France, 100 % naturel et 100 % feuillus.<\/p>\n<p>Id\u00e9al pour \u00eatre utiliser dans tous les syst\u00e8mes de chauffage \u00e0 bois : chemin\u00e9es, po\u00eales et inserts.<\/p>\n<p>Une palette de bois densifi\u00e9 correspond \u00e0 4 st\u00e8res de bois ultra sec.<\/p>\n<p>Un b\u00fbchette de bois densifi\u00e9\u00a0vaut 4 b\u00fbches de bois traditionnel en terme de combustion.<\/p>\n<p>Une b\u00fbche se consume en +\/- 1h.<\/p>\n<p>Si vous souhaitez un produit\u00a0<strong>Fran\u00e7ais, \u00e9conome et \u00e9cologique<\/strong>, ce densifi\u00e9 est fait pour vous !!!<\/p>\n<p><strong>Voici quelques conseils d\u2019utilisation<\/strong>\u00a0:<\/p>\n<p>D\u00e9posez quelques boules de papier et petit bois d\u2019allumage dans votre chauffage,<\/p>\n<p>D\u00e9marrez le feu et attendez que la braise appara\u00eet,<\/p>\n<p>Placez une seule b\u00fbche \u00e0 la fois afin d\u2019optimiser le rendement et d\u2019obtenir une chaleur douce,<\/p>\n<p>R\u00e9glez l\u2019air de votre appareil pour choisir l\u2019intensit\u00e9 du feu,<\/p>\n<p>Vous pouvez m\u00e9langer sans probl\u00e8me des b\u00fbches de bois s\u00e8ches traditionnelles \u00e0 votre bois densifi\u00e9,<\/p>\n<p>Maintenant, profitez de la chaleur qu\u2019il vous offre.<\/p>\n<p>N\u2019oubliez pas que le bois densifi\u00e9 d\u00e9teste l\u2019humidit\u00e9, il faut pr\u00e9voir un abri sec et temp\u00e9r\u00e9.<\/p>\n<p>Le bois densifi\u00e9\u00a0\u00e9tant propre et sans poussi\u00e8res, vous pouvez \u00e9galement lui trouver une place \u00e0 c\u00f4t\u00e9 de votre po\u00eale.<\/p>","protected":false},"excerpt":{"rendered":"<p><span style=\"color: #ff0000;\"><strong><em><img decoding=\"async\" src=\"https:\/\/buches-hiver.com\/wp-content\/uploads\/2023\/04\/6-60x60.png\" \/><\/em><\/strong><strong><em>Livraison standard. (5 \u00e0 7 jours) : 18\u2009\u20ac<\/em><\/strong><\/span><br \/>\n<span style=\"color: #ff0000;\"><strong><em>Livraison Express. (3 Jours) : 22\u2009\u20ac<\/em><\/strong><\/span><\/p>\n<div class=\"elementor-element elementor-element-f213c2f wd-single-short-desc text-left elementor-widget elementor-widget-wd_single_product_short_description\" data-id=\"f213c2f\" data-element_type=\"widget\" data-widget_type=\"wd_single_product_short_description.default\">\n<div class=\"elementor-widget-container\">\n<div class=\"woocommerce-product-details__short-description\">\n<div class=\"woocommerce-product-details__short-description\">\n<ul>\n<li>Bois densifi\u00e9, 100 % feuillus (h\u00eatre, charme, ch\u00eane et peuplier)<\/li>\n<li>100 % naturel, sans colle, ni additifs et 100 % fran\u00e7ais<\/li>\n<li>Vendu par palette de 117 packs de 5 b\u00fbchettes.<\/li>\n<\/ul>\n<\/div>\n<\/div>\n<\/div>\n<\/div>\n<div class=\"wd-negative-gap elementor-element elementor-element-2444467 e-flex e-con-boxed e-con e-child\" data-id=\"2444467\" data-element_type=\"container\">\n<div class=\"e-con-inner\">\n<div class=\"elementor-element elementor-element-5e38082 elementor-widget__width-auto wd-single-price text-left elementor-widget elementor-widget-wd_single_product_price\" data-id=\"5e38082\" data-element_type=\"widget\" data-widget_type=\"wd_single_product_price.default\">\n<div class=\"elementor-widget-container\"><\/div>\n<\/div>\n<\/div>\n<\/div>","protected":false},"featured_media":8969,"comment_status":"open","ping_status":"closed","template":"","meta":{"_acf_changed":false,"content-type":"","_monsterinsights_skip_tracking":false,"_monsterinsights_sitenote_active":false,"_monsterinsights_sitenote_note":"","_monsterinsights_sitenote_category":0},"pwb-brand":[],"product_brand":[],"product_cat":[40],"product_tag":[33],"class_list":{"0":"post-8025","1":"product","2":"type-product","3":"status-publish","4":"has-post-thumbnail","6":"product_cat-bois-densifie-buches-compressees","7":"product_tag-ajoutez-880-00e-a-votre-panier-et-beneficiez-de-la-livraison-gratuite","9":"first","10":"instock","11":"taxable","12":"shipping-taxable","13":"purchasable","14":"product-type-simple"},"acf":[],"aioseo_notices":[],"brands":[],"_links":{"self":[{"href":"https:\/\/www.buches-chaleor.com\/fr\/wp-json\/wp\/v2\/product\/8025","targetHints":{"allow":["GET"]}}],"collection":[{"href":"https:\/\/www.buches-chaleor.com\/fr\/wp-json\/wp\/v2\/product"}],"about":[{"href":"https:\/\/www.buches-chaleor.com\/fr\/wp-json\/wp\/v2\/types\/product"}],"replies":[{"embeddable":true,"href":"https:\/\/www.buches-chaleor.com\/fr\/wp-json\/wp\/v2\/comments?post=8025"}],"wp:featuredmedia":[{"embeddable":true,"href":"https:\/\/www.buches-chaleor.com\/fr\/wp-json\/wp\/v2\/media\/8969"}],"wp:attachment":[{"href":"https:\/\/www.buches-chaleor.com\/fr\/wp-json\/wp\/v2\/media?parent=8025"}],"wp:term":[{"taxonomy":"pwb-brand","embeddable":true,"href":"https:\/\/www.buches-chaleor.com\/fr\/wp-json\/wp\/v2\/pwb-brand?post=8025"},{"taxonomy":"product_brand","embeddable":true,"href":"https:\/\/www.buches-chaleor.com\/fr\/wp-json\/wp\/v2\/product_brand?post=8025"},{"taxonomy":"product_cat","embeddable":true,"href":"https:\/\/www.buches-chaleor.com\/fr\/wp-json\/wp\/v2\/product_cat?post=8025"},{"taxonomy":"product_tag","embeddable":true,"href":"https:\/\/www.buches-chaleor.com\/fr\/wp-json\/wp\/v2\/product_tag?post=8025"}],"curies":[{"name":"wp","href":"https:\/\/api.w.org\/{rel}","templated":true}]}}