{"id":8024,"date":"2025-10-29T14:41:04","date_gmt":"2025-10-29T14:41:04","guid":{"rendered":"https:\/\/fuelbois.com\/?post_type=product&#038;p=8024"},"modified":"2026-03-08T07:56:33","modified_gmt":"2026-03-08T07:56:33","slug":"bois-densifies-bois-dur-bois-doux","status":"publish","type":"product","link":"https:\/\/www.buches-chaleor.com\/fr\/produit\/bois-densifies-bois-dur-bois-doux\/","title":{"rendered":"BOIS DENSIFI\u00c9S \u2013 BOIS DUR + BOIS DOUX"},"content":{"rendered":"<p>BOIS DENSIFI\u00c9 \u2013 BOIS DUR + BOIS DOUX \u2013 PALETTE 960 KG<\/p>\n<p>Bois densifi\u00e9, compos\u00e9 d\u2019un m\u00e9lange de copeaux de h\u00eatre, ch\u00eane, fr\u00eane et r\u00e9sineux provenant de scieries locales, fabriqu\u00e9 en Picardie \u00e0 partir de for\u00eats certifi\u00e9es PEFC.<\/p>\n<p>100% naturel, sans colle ni additifs<\/p>\n<p>Il est vendu selon stock, en 96 lots de 10 kg, soit 80 lots de 12 kg, le poids total de la palette \u00e9tant toujours de 960 kg.<\/p>\n<p>Bois de chauffage propre, \u00e9conomique et \u00e9cologique : le bois densifi\u00e9<\/p>\n<p>Bois ultra sec avec un taux d\u2019humidit\u00e9 inf\u00e9rieur \u00e0 8%.<\/p>\n<p>Un pouvoir calorifique \u00e9lev\u00e9 3 \u00e0 4 fois sup\u00e9rieur \u00e0 celui du bois traditionnel.<\/p>\n<p>Une dur\u00e9e de combustion de 1h30 \u00e0 2h et ne s\u2019encrasse pas gr\u00e2ce \u00e0 sa faible teneur en cendres inf\u00e9rieure \u00e0 1,5%.<\/p>\n<p>Quasiment sans plastique : les b\u00fbches n\u2019ont qu\u2019un seul bord pour \u00e9viter un trop grand emballage.<\/p>\n<p>Ces b\u00fbches vous offriront une chaleur constante et vous procureront un confort stable et de qualit\u00e9.<\/p>\n<p>Nous vous rappelons que le bois densifi\u00e9 doit \u00eatre stock\u00e9 \u00e0 l\u2019int\u00e9rieur, \u00e0 l\u2019abri de toute humidit\u00e9.<\/p>\n<p>R\u00e9f\u00e9rence DENSIFIE_PALETTE_KALIMAX<\/p>\n<p>Fiche technique<\/p>\n<p>Pouvoir calorifique 4,9 kWh\/kg Taux d\u2019humidit\u00e9 Moins de 8 % Taux de cendres Moins de 1,5 % Essence Bois durs et tendres Longueur 26 \u00e0 29 cm Conditionnement Palette<\/p>","protected":false},"excerpt":{"rendered":"<p><span style=\"color: #ff0000;\"><strong><em><img decoding=\"async\" src=\"https:\/\/buches-hiver.com\/wp-content\/uploads\/2023\/04\/6-60x60.png\" \/><\/em><\/strong><strong><em>Livraison standard. (5 \u00e0 7 jours) : 18\u2009\u20ac<\/em><\/strong><\/span><br \/>\n<span style=\"color: #ff0000;\"><strong><em>Livraison Express. (3 Jours) : 22\u2009\u20ac<\/em><\/strong><\/span><\/p>","protected":false},"featured_media":8970,"comment_status":"open","ping_status":"closed","template":"","meta":{"_acf_changed":false,"content-type":"","_monsterinsights_skip_tracking":false,"_monsterinsights_sitenote_active":false,"_monsterinsights_sitenote_note":"","_monsterinsights_sitenote_category":0},"pwb-brand":[],"product_brand":[],"product_cat":[40],"product_tag":[33],"class_list":{"0":"post-8024","1":"product","2":"type-product","3":"status-publish","4":"has-post-thumbnail","6":"product_cat-bois-densifie-buches-compressees","7":"product_tag-ajoutez-880-00e-a-votre-panier-et-beneficiez-de-la-livraison-gratuite","9":"first","10":"instock","11":"taxable","12":"shipping-taxable","13":"purchasable","14":"product-type-simple"},"acf":[],"aioseo_notices":[],"brands":[],"_links":{"self":[{"href":"https:\/\/www.buches-chaleor.com\/fr\/wp-json\/wp\/v2\/product\/8024","targetHints":{"allow":["GET"]}}],"collection":[{"href":"https:\/\/www.buches-chaleor.com\/fr\/wp-json\/wp\/v2\/product"}],"about":[{"href":"https:\/\/www.buches-chaleor.com\/fr\/wp-json\/wp\/v2\/types\/product"}],"replies":[{"embeddable":true,"href":"https:\/\/www.buches-chaleor.com\/fr\/wp-json\/wp\/v2\/comments?post=8024"}],"wp:featuredmedia":[{"embeddable":true,"href":"https:\/\/www.buches-chaleor.com\/fr\/wp-json\/wp\/v2\/media\/8970"}],"wp:attachment":[{"href":"https:\/\/www.buches-chaleor.com\/fr\/wp-json\/wp\/v2\/media?parent=8024"}],"wp:term":[{"taxonomy":"pwb-brand","embeddable":true,"href":"https:\/\/www.buches-chaleor.com\/fr\/wp-json\/wp\/v2\/pwb-brand?post=8024"},{"taxonomy":"product_brand","embeddable":true,"href":"https:\/\/www.buches-chaleor.com\/fr\/wp-json\/wp\/v2\/product_brand?post=8024"},{"taxonomy":"product_cat","embeddable":true,"href":"https:\/\/www.buches-chaleor.com\/fr\/wp-json\/wp\/v2\/product_cat?post=8024"},{"taxonomy":"product_tag","embeddable":true,"href":"https:\/\/www.buches-chaleor.com\/fr\/wp-json\/wp\/v2\/product_tag?post=8024"}],"curies":[{"name":"wp","href":"https:\/\/api.w.org\/{rel}","templated":true}]}}