{"id":8020,"date":"2025-10-29T14:52:20","date_gmt":"2025-10-29T14:52:20","guid":{"rendered":"https:\/\/fuelbois.com\/?post_type=product&#038;p=8020"},"modified":"2026-03-08T08:06:30","modified_gmt":"2026-03-08T08:06:30","slug":"briquettes-de-bois-demi-palette","status":"publish","type":"product","link":"https:\/\/www.buches-chaleor.com\/fr\/produit\/briquettes-de-bois-demi-palette\/","title":{"rendered":"Briquettes de bois \u2013 demi-palette"},"content":{"rendered":"<p>Convient aux po\u00eales \u00e0 bois, aux po\u00eales multi-combustibles et aux chemin\u00e9es ouvertes.<\/p>\n<div>\n<div class=\"page3a2a2a1a2\">\u00c9tonnamment, les briquettes fournissent environ 50 % de chaleur en plus par euro d\u00e9pens\u00e9 que les b\u00fbches, en raison de leur faible teneur en humidit\u00e9 et de leur densit\u00e9 plus \u00e9lev\u00e9e.\u00a0Leurs excellentes qualit\u00e9s environnementales en font un choix populaire car ils sont fabriqu\u00e9s \u00e0 partir de d\u00e9chets de bois provenant d\u2019autres produits, tels que des meubles ou des mat\u00e9riaux de construction.<\/div>\n<div><\/div>\n<\/div>\n<div>\n<div class=\"page3a2a2a1a1\">Information compl\u00e9mentaire<\/div>\n<div class=\"page3a2a2a1a3\">Dimensions : 290 mm x 90 mm \u2013 environ 10 kg par colis<\/div>\n<div class=\"page3a2a2a1a3\">Valeur calorifique ~16,6MJ\/kg ou 4,6kWh\/kg<\/div>\n<div class=\"page3a2a2a1a3\">Demi-palette : 48 colis<\/div>\n<\/div>","protected":false},"excerpt":{"rendered":"<p><span style=\"color: #ff0000;\"><strong><em><img decoding=\"async\" src=\"https:\/\/buches-hiver.com\/wp-content\/uploads\/2023\/04\/6-60x60.png\" \/><\/em><\/strong><strong><em>Livraison standard. (5 \u00e0 7 jours) : 18\u2009\u20ac<\/em><\/strong><\/span><br \/>\n<span style=\"color: #ff0000;\"><strong><em>Livraison Express. (3 Jours) : 22\u2009\u20ac<\/em><\/strong><\/span><\/p>","protected":false},"featured_media":8974,"comment_status":"open","ping_status":"closed","template":"","meta":{"_acf_changed":false,"content-type":"","_monsterinsights_skip_tracking":false,"_monsterinsights_sitenote_active":false,"_monsterinsights_sitenote_note":"","_monsterinsights_sitenote_category":0},"pwb-brand":[],"product_brand":[],"product_cat":[40],"product_tag":[33],"class_list":{"0":"post-8020","1":"product","2":"type-product","3":"status-publish","4":"has-post-thumbnail","6":"product_cat-bois-densifie-buches-compressees","7":"product_tag-ajoutez-880-00e-a-votre-panier-et-beneficiez-de-la-livraison-gratuite","9":"first","10":"instock","11":"taxable","12":"shipping-taxable","13":"purchasable","14":"product-type-simple"},"acf":[],"aioseo_notices":[],"brands":[],"_links":{"self":[{"href":"https:\/\/www.buches-chaleor.com\/fr\/wp-json\/wp\/v2\/product\/8020","targetHints":{"allow":["GET"]}}],"collection":[{"href":"https:\/\/www.buches-chaleor.com\/fr\/wp-json\/wp\/v2\/product"}],"about":[{"href":"https:\/\/www.buches-chaleor.com\/fr\/wp-json\/wp\/v2\/types\/product"}],"replies":[{"embeddable":true,"href":"https:\/\/www.buches-chaleor.com\/fr\/wp-json\/wp\/v2\/comments?post=8020"}],"wp:featuredmedia":[{"embeddable":true,"href":"https:\/\/www.buches-chaleor.com\/fr\/wp-json\/wp\/v2\/media\/8974"}],"wp:attachment":[{"href":"https:\/\/www.buches-chaleor.com\/fr\/wp-json\/wp\/v2\/media?parent=8020"}],"wp:term":[{"taxonomy":"pwb-brand","embeddable":true,"href":"https:\/\/www.buches-chaleor.com\/fr\/wp-json\/wp\/v2\/pwb-brand?post=8020"},{"taxonomy":"product_brand","embeddable":true,"href":"https:\/\/www.buches-chaleor.com\/fr\/wp-json\/wp\/v2\/product_brand?post=8020"},{"taxonomy":"product_cat","embeddable":true,"href":"https:\/\/www.buches-chaleor.com\/fr\/wp-json\/wp\/v2\/product_cat?post=8020"},{"taxonomy":"product_tag","embeddable":true,"href":"https:\/\/www.buches-chaleor.com\/fr\/wp-json\/wp\/v2\/product_tag?post=8020"}],"curies":[{"name":"wp","href":"https:\/\/api.w.org\/{rel}","templated":true}]}}