{"id":8000,"date":"2025-10-29T13:03:58","date_gmt":"2025-10-29T13:03:58","guid":{"rendered":"https:\/\/fuelbois.com\/?post_type=product&#038;p=8000"},"modified":"2026-03-08T07:35:16","modified_gmt":"2026-03-08T07:35:16","slug":"pellet-sunpower-palette-de-70-sacs-de-15-kg","status":"publish","type":"product","link":"https:\/\/www.buches-chaleor.com\/fr\/produit\/pellet-sunpower-palette-de-70-sacs-de-15-kg\/","title":{"rendered":"Pellet SunPower \u2013 Palette de 70 sacs de 15 kg"},"content":{"rendered":"<p>Les granul\u00e9s de bois SUN POWER sont de tr\u00e8s bonne qualit\u00e9 avec un prix tr\u00e8s attractif.<\/p>\n<p>Ce pellet respecte les normes les plus strictes comme DIN Plus (Norme Allemande) EN Plus A1 (Norme Europ\u00e9enne) et NF (Norme Fran\u00e7aise) concernant la qualit\u00e9 du produit, la fabrication, la provenance du bois et l\u2019entreposage.<\/p>\n<p>Le bois 100 % r\u00e9sineux est de haute qualit\u00e9 pour une meilleure performance.<\/p>\n<p>Il conviendra parfaitement \u00e0 tous les syst\u00e8mes de chauffage \u00e0 granul\u00e9s : po\u00eales, inserts et chaudi\u00e8res.<\/p>\n<p>Son pouvoir calorifique est de norme standard &gt; 4,6 kWh\/kg pour une chaleur constante pour une moindre consommation.<\/p>\n<p>Un taux de cendres faible &lt; 0,7 % pour ne pas encrasser votre chauffage et vous \u00e9viter de devoir vider le bac trop souvent.<\/p>\n<p>Enfin un pellet NF Biocombustibles Haute Qualit\u00e9 pour un pellet 100 % Fran\u00e7ais.<\/p>\n<p>Cette qualit\u00e9 est certifi\u00e9e par l\u2019AFNOR, elle garantit une taille homog\u00e8ne des pellets, un pouvoir calorifique \u00e9lev\u00e9, un taux d\u2019humidit\u00e9 &lt; 10 % et un faible taux de cendres.<\/p>\n<p>En choisissant ce pellet, vous b\u00e9n\u00e9ficierez d\u2019une bonne qualit\u00e9 avec une haute performance et un produit Fran\u00e7ais \u00e0 petit prix.<\/p>\n<div class=\"product-reference\"><\/div>\n<div>\n<div class=\"product-reference\">PELLET_PALETTE_SUNPOWER<\/div>\n<div class=\"product-out-of-stock\"><\/div>\n<h3 class=\"h6\">Fiche technique<\/h3>\n<dl class=\"data-sheet\">\n<dt class=\"name\">Composition<\/dt>\n<dd class=\"value\">100% r\u00e9sineux<\/dd>\n<dt class=\"name\">Certificats<\/dt>\n<dd class=\"value\">DIN Plus, EN Plus A1, NF<\/dd>\n<dt class=\"name\">Pouvoir Calorifique<\/dt>\n<dd class=\"value\">Sup\u00e9rieur \u00e0 4,6 kWh\/kg<\/dd>\n<dt class=\"name\">Taux D\u2019humidit\u00e9<\/dt>\n<dd class=\"value\">Inf\u00e9rieur \u00e0 10 %<\/dd>\n<dt class=\"name\">Taux De Cendres<\/dt>\n<dd class=\"value\">Inf\u00e9rieur \u00e0 0,7 %<\/dd>\n<dt class=\"name\">Diam\u00e8tre<\/dt>\n<dd class=\"value\">6 mm<\/dd>\n<dt class=\"name\">Conditionnement<\/dt>\n<dd class=\"value\">Palette<\/dd>\n<dt class=\"name\">Origine<\/dt>\n<dd class=\"value\">France<\/dd>\n<\/dl>\n<\/div>","protected":false},"excerpt":{"rendered":"<p><span style=\"color: #ff0000;\"><strong><em><img decoding=\"async\" src=\"https:\/\/buches-hiver.com\/wp-content\/uploads\/2023\/04\/6-60x60.png\" \/><\/em><\/strong><strong><em>Livraison standard. (5 \u00e0 7 jours) : 18\u2009\u20ac<\/em><\/strong><\/span><br \/>\n<span style=\"color: #ff0000;\"><strong><em>Livraison Express. (3 Jours) : 22\u2009\u20ac<\/em><\/strong><\/span><\/p>\n<div class=\"elementor-element elementor-element-f213c2f wd-single-short-desc text-left elementor-widget elementor-widget-wd_single_product_short_description\" data-id=\"f213c2f\" data-element_type=\"widget\" data-widget_type=\"wd_single_product_short_description.default\">\n<div class=\"elementor-widget-container\">\n<div class=\"woocommerce-product-details__short-description\">\n<p>Les granul\u00e9s de bois SUN POWER poss\u00e8dent 3 certifications : DIN Plus, EN Plus A1 et NF et sont 100% r\u00e9sineux.<br \/>\nCes pellets de qualit\u00e9 sont fabriqu\u00e9s en France en Champagne Ardenne.<br \/>\nTr\u00e8s bon rapport qualit\u00e9 prix.<\/p>\n<\/div>\n<\/div>\n<\/div>\n<div class=\"wd-negative-gap elementor-element elementor-element-2444467 e-flex e-con-boxed e-con e-child\" data-id=\"2444467\" data-element_type=\"container\">\n<div class=\"e-con-inner\">\n<div class=\"elementor-element elementor-element-5e38082 elementor-widget__width-auto wd-single-price text-left elementor-widget elementor-widget-wd_single_product_price\" data-id=\"5e38082\" data-element_type=\"widget\" data-widget_type=\"wd_single_product_price.default\">\n<div class=\"elementor-widget-container\"><\/div>\n<\/div>\n<\/div>\n<\/div>","protected":false},"featured_media":8952,"comment_status":"open","ping_status":"closed","template":"","meta":{"_acf_changed":false,"content-type":"","_monsterinsights_skip_tracking":false,"_monsterinsights_sitenote_active":false,"_monsterinsights_sitenote_note":"","_monsterinsights_sitenote_category":0},"pwb-brand":[],"product_brand":[],"product_cat":[79],"product_tag":[33],"class_list":{"0":"post-8000","1":"product","2":"type-product","3":"status-publish","4":"has-post-thumbnail","6":"product_cat-pellets-granules-de-bois","7":"product_tag-ajoutez-880-00e-a-votre-panier-et-beneficiez-de-la-livraison-gratuite","9":"first","10":"instock","11":"taxable","12":"shipping-taxable","13":"purchasable","14":"product-type-simple"},"acf":[],"aioseo_notices":[],"brands":[],"_links":{"self":[{"href":"https:\/\/www.buches-chaleor.com\/fr\/wp-json\/wp\/v2\/product\/8000","targetHints":{"allow":["GET"]}}],"collection":[{"href":"https:\/\/www.buches-chaleor.com\/fr\/wp-json\/wp\/v2\/product"}],"about":[{"href":"https:\/\/www.buches-chaleor.com\/fr\/wp-json\/wp\/v2\/types\/product"}],"replies":[{"embeddable":true,"href":"https:\/\/www.buches-chaleor.com\/fr\/wp-json\/wp\/v2\/comments?post=8000"}],"wp:featuredmedia":[{"embeddable":true,"href":"https:\/\/www.buches-chaleor.com\/fr\/wp-json\/wp\/v2\/media\/8952"}],"wp:attachment":[{"href":"https:\/\/www.buches-chaleor.com\/fr\/wp-json\/wp\/v2\/media?parent=8000"}],"wp:term":[{"taxonomy":"pwb-brand","embeddable":true,"href":"https:\/\/www.buches-chaleor.com\/fr\/wp-json\/wp\/v2\/pwb-brand?post=8000"},{"taxonomy":"product_brand","embeddable":true,"href":"https:\/\/www.buches-chaleor.com\/fr\/wp-json\/wp\/v2\/product_brand?post=8000"},{"taxonomy":"product_cat","embeddable":true,"href":"https:\/\/www.buches-chaleor.com\/fr\/wp-json\/wp\/v2\/product_cat?post=8000"},{"taxonomy":"product_tag","embeddable":true,"href":"https:\/\/www.buches-chaleor.com\/fr\/wp-json\/wp\/v2\/product_tag?post=8000"}],"curies":[{"name":"wp","href":"https:\/\/api.w.org\/{rel}","templated":true}]}}