{"id":7998,"date":"2025-10-29T13:20:38","date_gmt":"2025-10-29T13:20:38","guid":{"rendered":"https:\/\/fuelbois.com\/?post_type=product&#038;p=7998"},"modified":"2026-03-08T07:45:31","modified_gmt":"2026-03-08T07:45:31","slug":"starforest-pellet-palette-de-70-sacs-de-15-kg","status":"publish","type":"product","link":"https:\/\/www.buches-chaleor.com\/fr\/produit\/starforest-pellet-palette-de-70-sacs-de-15-kg\/","title":{"rendered":"Starforest Pellet - Palette de 70 sacs de 15 kg"},"content":{"rendered":"<p>Les pellets STARFOREST garantissent une bonne combustion, ils conviennent parfaitement aux po\u00eales, inserts et chaudi\u00e8res \u00e0 pellets.<\/p>\n<div>\n<div class=\"page3a2a2a1a3\"><\/div>\n<div class=\"page3a2a2a1a2\">Ils sont de tr\u00e8s bonne qualit\u00e9 \u00e0 un prix tr\u00e8s abordable, en choisissant un pellet fran\u00e7ais vous participez \u00e0 la r\u00e9duction de CO2.\u00a0Ils sont fabriqu\u00e9s dans l\u2019Est de la France et plus pr\u00e9cis\u00e9ment en Champagne Ardenne.\u00a0Avec un faible niveau de poussi\u00e8res et de cendres et un pouvoir calorifique \u00e9lev\u00e9, vous n\u2019obstruerez pas votre chauffage.<\/div>\n<div class=\"page3a2a2a1a2\">Si vous souhaitez un pellet DIN Plus, 100% r\u00e9sineux, fabriqu\u00e9 en France, respectueux de l\u2019environnement, avec un sachet recyclable aux belles couleurs, la marque STARFOREST est faite pour vous.\u00a0Ce pellet est de tr\u00e8s bonne qualit\u00e9 avec un pouvoir calorifique \u00e9lev\u00e9 &gt;5 kWh\/kg.\u00a0C\u2019est pourquoi choisir ce pellet signifie que choisir un pellet peut \u00eatre un peu plus cher mais au final gr\u00e2ce \u00e0 son PCI vous r\u00e9cup\u00e9rerez de la consommation et des performances et donc \u00e9conomiserez de l\u2019argent\u00a0.<\/div>\n<\/div>\n<div>\n<div class=\"page3a2a2a1a1\">Information compl\u00e9mentaire<\/div>\n<div class=\"page3a2a2a1a3\">Composition : 100% bois tendre<\/div>\n<div class=\"page3a2a2a1a3\">Certificats : DINPlus<\/div>\n<div class=\"page3a2a2a1a3\">Valeur calorique : Plus de 5 kWh\/kg<\/div>\n<div class=\"page3a2a2a1a3\">Taux d\u2019humidit\u00e9 : moins de 10%<\/div>\n<div class=\"page3a2a2a1a3\">Taux de cendres : Moins de 0,7%<\/div>\n<div class=\"page3a2a2a1a3\">Taux de poussi\u00e8re : Moins de 0,5%<\/div>\n<div class=\"page3a2a2a1a3\">Diam\u00e8tre : 6mm<\/div>\n<\/div>","protected":false},"excerpt":{"rendered":"<p><span style=\"color: #ff0000;\"><strong><em><img decoding=\"async\" src=\"https:\/\/buches-hiver.com\/wp-content\/uploads\/2023\/04\/6-60x60.png\" \/><\/em><\/strong><strong><em>Livraison standard. (5 \u00e0 7 jours) : 18\u2009\u20ac<\/em><\/strong><\/span><br \/>\n<span style=\"color: #ff0000;\"><strong><em>Livraison Express. (3 Jours) : 22\u2009\u20ac<\/em><\/strong><\/span><\/p>","protected":false},"featured_media":8963,"comment_status":"open","ping_status":"closed","template":"","meta":{"_acf_changed":false,"content-type":"","_monsterinsights_skip_tracking":false,"_monsterinsights_sitenote_active":false,"_monsterinsights_sitenote_note":"","_monsterinsights_sitenote_category":0},"pwb-brand":[],"product_brand":[],"product_cat":[79],"product_tag":[33],"class_list":{"0":"post-7998","1":"product","2":"type-product","3":"status-publish","4":"has-post-thumbnail","6":"product_cat-pellets-granules-de-bois","7":"product_tag-ajoutez-880-00e-a-votre-panier-et-beneficiez-de-la-livraison-gratuite","9":"first","10":"instock","11":"sale","12":"taxable","13":"shipping-taxable","14":"purchasable","15":"product-type-simple"},"acf":[],"aioseo_notices":[],"brands":[],"_links":{"self":[{"href":"https:\/\/www.buches-chaleor.com\/fr\/wp-json\/wp\/v2\/product\/7998","targetHints":{"allow":["GET"]}}],"collection":[{"href":"https:\/\/www.buches-chaleor.com\/fr\/wp-json\/wp\/v2\/product"}],"about":[{"href":"https:\/\/www.buches-chaleor.com\/fr\/wp-json\/wp\/v2\/types\/product"}],"replies":[{"embeddable":true,"href":"https:\/\/www.buches-chaleor.com\/fr\/wp-json\/wp\/v2\/comments?post=7998"}],"wp:featuredmedia":[{"embeddable":true,"href":"https:\/\/www.buches-chaleor.com\/fr\/wp-json\/wp\/v2\/media\/8963"}],"wp:attachment":[{"href":"https:\/\/www.buches-chaleor.com\/fr\/wp-json\/wp\/v2\/media?parent=7998"}],"wp:term":[{"taxonomy":"pwb-brand","embeddable":true,"href":"https:\/\/www.buches-chaleor.com\/fr\/wp-json\/wp\/v2\/pwb-brand?post=7998"},{"taxonomy":"product_brand","embeddable":true,"href":"https:\/\/www.buches-chaleor.com\/fr\/wp-json\/wp\/v2\/product_brand?post=7998"},{"taxonomy":"product_cat","embeddable":true,"href":"https:\/\/www.buches-chaleor.com\/fr\/wp-json\/wp\/v2\/product_cat?post=7998"},{"taxonomy":"product_tag","embeddable":true,"href":"https:\/\/www.buches-chaleor.com\/fr\/wp-json\/wp\/v2\/product_tag?post=7998"}],"curies":[{"name":"wp","href":"https:\/\/api.w.org\/{rel}","templated":true}]}}