{"id":7997,"date":"2025-10-29T13:17:38","date_gmt":"2025-10-29T13:17:38","guid":{"rendered":"https:\/\/fuelbois.com\/?post_type=product&#038;p=7997"},"modified":"2026-03-08T07:43:46","modified_gmt":"2026-03-08T07:43:46","slug":"solaris-pellet-palette-de-65-sacs-de-15-kg","status":"publish","type":"product","link":"https:\/\/www.buches-chaleor.com\/fr\/produit\/solaris-pellet-palette-de-65-sacs-de-15-kg\/","title":{"rendered":"Solaris Pellet \u2013 Palette de 65 sacs de 15 kg"},"content":{"rendered":"<p>Les granul\u00e9s de bois de marque SOLARIS sont fabriqu\u00e9s \u00e0 partir de bois r\u00e9sineux 100% naturel, sans additifs.<\/p>\n<div class=\"page3a2a2a1a3\">Avec un pouvoir calorifique sup\u00e9rieur \u00e0 4,6 kWh\/KG vous obtiendrez une chaleur constante dans votre maison.\u00a0Ses niveaux de cendres, de poussi\u00e8re et d\u2019humidit\u00e9 r\u00e9pondent aux normes DIN Plus, ce qui obstruera moins votre po\u00eale.<\/div>\n<div class=\"page3a2a2a1a2\">Fabriqu\u00e9 dans une scierie moderne, avec une ma\u00eetrise irr\u00e9prochable et un contr\u00f4le r\u00e9gulier de la mati\u00e8re premi\u00e8re.\u00a0Un pellet certifi\u00e9 est un gage de qualit\u00e9 pour l\u2019utilisateur.<\/div>\n<div class=\"page3a2a2a1a2\">\n<div class=\"page3a2a2a1a1\">Information compl\u00e9mentaire<\/div>\n<div class=\"page3a2a2a1a3\">Composition : 100% bois tendre<\/div>\n<div class=\"page3a2a2a1a3\">Certificats : DIN Plus et EN Plus A1<\/div>\n<div class=\"page3a2a2a1a3\">Valeur calorique : Plus de 4,6 kWh\/kg<\/div>\n<div class=\"page3a2a2a1a3\">Taux d\u2019humidit\u00e9 : moins de 10%<\/div>\n<div class=\"page3a2a2a1a3\">Taux de cendres : Moins de 0,7%<\/div>\n<div class=\"page3a2a2a1a3\">Taux de poussi\u00e8re : moins de 0,5%<\/div>\n<div class=\"page3a2a2a1a3\">Diam\u00e8tre : 6 mm (+\/- 1 mm)<\/div>\n<\/div>","protected":false},"excerpt":{"rendered":"<p><span style=\"color: #ff0000;\"><strong><em><img decoding=\"async\" src=\"https:\/\/buches-hiver.com\/wp-content\/uploads\/2023\/04\/6-60x60.png\" \/><\/em><\/strong><strong><em>Livraison standard. (5 \u00e0 7 jours) : 18\u2009\u20ac<\/em><\/strong><\/span><br \/>\n<span style=\"color: #ff0000;\"><strong><em>Livraison Express. (3 Jours) : 22\u2009\u20ac<\/em><\/strong><\/span><\/p>","protected":false},"featured_media":8962,"comment_status":"open","ping_status":"closed","template":"","meta":{"_acf_changed":false,"content-type":"","_monsterinsights_skip_tracking":false,"_monsterinsights_sitenote_active":false,"_monsterinsights_sitenote_note":"","_monsterinsights_sitenote_category":0},"pwb-brand":[],"product_brand":[],"product_cat":[79],"product_tag":[33],"class_list":{"0":"post-7997","1":"product","2":"type-product","3":"status-publish","4":"has-post-thumbnail","6":"product_cat-pellets-granules-de-bois","7":"product_tag-ajoutez-880-00e-a-votre-panier-et-beneficiez-de-la-livraison-gratuite","9":"first","10":"instock","11":"sale","12":"taxable","13":"shipping-taxable","14":"purchasable","15":"product-type-simple"},"acf":[],"aioseo_notices":[],"brands":[],"_links":{"self":[{"href":"https:\/\/www.buches-chaleor.com\/fr\/wp-json\/wp\/v2\/product\/7997","targetHints":{"allow":["GET"]}}],"collection":[{"href":"https:\/\/www.buches-chaleor.com\/fr\/wp-json\/wp\/v2\/product"}],"about":[{"href":"https:\/\/www.buches-chaleor.com\/fr\/wp-json\/wp\/v2\/types\/product"}],"replies":[{"embeddable":true,"href":"https:\/\/www.buches-chaleor.com\/fr\/wp-json\/wp\/v2\/comments?post=7997"}],"wp:featuredmedia":[{"embeddable":true,"href":"https:\/\/www.buches-chaleor.com\/fr\/wp-json\/wp\/v2\/media\/8962"}],"wp:attachment":[{"href":"https:\/\/www.buches-chaleor.com\/fr\/wp-json\/wp\/v2\/media?parent=7997"}],"wp:term":[{"taxonomy":"pwb-brand","embeddable":true,"href":"https:\/\/www.buches-chaleor.com\/fr\/wp-json\/wp\/v2\/pwb-brand?post=7997"},{"taxonomy":"product_brand","embeddable":true,"href":"https:\/\/www.buches-chaleor.com\/fr\/wp-json\/wp\/v2\/product_brand?post=7997"},{"taxonomy":"product_cat","embeddable":true,"href":"https:\/\/www.buches-chaleor.com\/fr\/wp-json\/wp\/v2\/product_cat?post=7997"},{"taxonomy":"product_tag","embeddable":true,"href":"https:\/\/www.buches-chaleor.com\/fr\/wp-json\/wp\/v2\/product_tag?post=7997"}],"curies":[{"name":"wp","href":"https:\/\/api.w.org\/{rel}","templated":true}]}}