{"id":7996,"date":"2025-10-29T13:14:51","date_gmt":"2025-10-29T13:14:51","guid":{"rendered":"https:\/\/fuelbois.com\/?post_type=product&#038;p=7996"},"modified":"2026-03-08T07:42:37","modified_gmt":"2026-03-08T07:42:37","slug":"pellets-total-premium-palette-de-66-sacs","status":"publish","type":"product","link":"https:\/\/www.buches-chaleor.com\/fr\/produit\/pellets-total-premium-palette-de-66-sacs\/","title":{"rendered":"Pellets TOTAL PREMIUM \u2013 Palette de 66 sacs"},"content":{"rendered":"<p>Les TOTAL Pellets Premium sont dispos\u00e9s en palette de 66 sacs r\u00e9sistants de 15kg directement livr\u00e9s chez vous. Ils disposent de la certification DINplus et subissent des contr\u00f4les r\u00e9guliers afin de vous offrir la meilleure performance tout en prot\u00e9geant votre installation.<\/p>\n<h3>Les granul\u00e9s de bois : une \u00e9nergie \u00e9conomique<\/h3>\n<p>Le bois est l\u2019\u00e9nergie la moins ch\u00e8re sur le march\u00e9. En choisissant de vous chauffer aux granul\u00e9s de bois, vous r\u00e9duisez votre facture \u00e9nerg\u00e9tique. Avec TOTAL Pellets Premium vous choisissez une\u00a0\u00e9nergie pratique, \u00e9conomique et performante.<\/p>\n<h3>Une qualit\u00e9 irr\u00e9prochable vous offrant un fort pouvoir calorifique<\/h3>\n<p>Les granul\u00e9s de bois TOTAL Pellets Premium sont con\u00e7us pour vous\u00a0garantir un fort pouvoir calorifique et maximiser le rendement\u00a0de votre po\u00eale ou insert \u00e0 granul\u00e9s. Le faible taux d\u2019humidit\u00e9 vous permet de r\u00e9duire votre consommation de pellets et de moins encrasser votre installation. Vous nettoierez moins souvent votre vitre et votre cendrier.<br \/>\nParfaits pour votre po\u00eale, chaudi\u00e8re ou\u00a0insert \u00e0 granul\u00e9s, ils\u00a0optimisent les performances de votre installation.<\/p>\n<p>&nbsp;<\/p>\n<p><img decoding=\"async\" src=\"https:\/\/www.total-proxi-energies.fr\/media\/contributions\/pages\/Pages-produit\/installations-poele-insert-chaudiere.png\" alt=\"appareils-granules-bois-total\" \/><\/p>\n<p>&nbsp;<\/p>\n<h3>Un conditionnement pratique livr\u00e9 chez vous<\/h3>\n<p>Les TOTAL Pellets Premium sont dispos\u00e9s sous forme de palette de 66 sacs r\u00e9sistants de 15kg. La palette est ensuite film\u00e9e puis livr\u00e9e chez vous. Vous n\u2019aurez plus besoin de vous d\u00e9placer pour aller chercher vos sacs, on vous les livre directement au plus pr\u00e8s de votre lieu de stockage.<\/p>\n<p>&nbsp;<\/p>\n<h3>Une \u00e9nergie 100% naturelle et respectueuse de l\u2019environnement.<\/h3>\n<p>Les TOTAL Pellets Premium sont uniquement compos\u00e9s de sciures de bois s\u00e9ch\u00e9es, broy\u00e9es puis compress\u00e9es sans aucun additif chimique. La qualit\u00e9 des pellets permet\u00a0d\u2019augmenter la dur\u00e9e de votre installation\u00a0tout en pr\u00e9servant l\u2019air de votre habitation.<\/p>","protected":false},"excerpt":{"rendered":"<p><span style=\"color: #ff0000;\"><strong><em><img decoding=\"async\" src=\"https:\/\/buches-hiver.com\/wp-content\/uploads\/2023\/04\/6-60x60.png\" \/><\/em><\/strong><strong><em>Livraison standard. (5 \u00e0 7 jours) : 18\u2009\u20ac<\/em><\/strong><\/span><br \/>\n<span style=\"color: #ff0000;\"><strong><em>Livraison Express. (3 Jours) : 22\u2009\u20ac<\/em><\/strong><\/span><\/p>\n<p>Les Total Pellets Premium, c\u2019est une bonne coh\u00e9sion des granul\u00e9s de bois, un calibrage parfait et un taux d\u2019humidit\u00e9 inf\u00e9rieur \u00e0 8%. Certifi\u00e9s DIN plus, ils r\u00e9pondent \u00e0 tous les crit\u00e8res garantissant un rendement optimal.<\/p>\n<p>Les Total Pellets Premium sont produits en Belgique, \u00e0 partir de d\u00e9chets 100% r\u00e9sineux r\u00e9cup\u00e9r\u00e9s en Belgique. Le bois utilis\u00e9 est issu de for\u00eats g\u00e9r\u00e9es durablement et de r\u00e9sidus.<\/p>","protected":false},"featured_media":8957,"comment_status":"open","ping_status":"closed","template":"","meta":{"_acf_changed":false,"content-type":"","_monsterinsights_skip_tracking":false,"_monsterinsights_sitenote_active":false,"_monsterinsights_sitenote_note":"","_monsterinsights_sitenote_category":0},"pwb-brand":[],"product_brand":[],"product_cat":[79],"product_tag":[33],"class_list":{"0":"post-7996","1":"product","2":"type-product","3":"status-publish","4":"has-post-thumbnail","6":"product_cat-pellets-granules-de-bois","7":"product_tag-ajoutez-880-00e-a-votre-panier-et-beneficiez-de-la-livraison-gratuite","9":"first","10":"instock","11":"taxable","12":"shipping-taxable","13":"purchasable","14":"product-type-simple"},"acf":[],"aioseo_notices":[],"brands":[],"_links":{"self":[{"href":"https:\/\/www.buches-chaleor.com\/fr\/wp-json\/wp\/v2\/product\/7996","targetHints":{"allow":["GET"]}}],"collection":[{"href":"https:\/\/www.buches-chaleor.com\/fr\/wp-json\/wp\/v2\/product"}],"about":[{"href":"https:\/\/www.buches-chaleor.com\/fr\/wp-json\/wp\/v2\/types\/product"}],"replies":[{"embeddable":true,"href":"https:\/\/www.buches-chaleor.com\/fr\/wp-json\/wp\/v2\/comments?post=7996"}],"wp:featuredmedia":[{"embeddable":true,"href":"https:\/\/www.buches-chaleor.com\/fr\/wp-json\/wp\/v2\/media\/8957"}],"wp:attachment":[{"href":"https:\/\/www.buches-chaleor.com\/fr\/wp-json\/wp\/v2\/media?parent=7996"}],"wp:term":[{"taxonomy":"pwb-brand","embeddable":true,"href":"https:\/\/www.buches-chaleor.com\/fr\/wp-json\/wp\/v2\/pwb-brand?post=7996"},{"taxonomy":"product_brand","embeddable":true,"href":"https:\/\/www.buches-chaleor.com\/fr\/wp-json\/wp\/v2\/product_brand?post=7996"},{"taxonomy":"product_cat","embeddable":true,"href":"https:\/\/www.buches-chaleor.com\/fr\/wp-json\/wp\/v2\/product_cat?post=7996"},{"taxonomy":"product_tag","embeddable":true,"href":"https:\/\/www.buches-chaleor.com\/fr\/wp-json\/wp\/v2\/product_tag?post=7996"}],"curies":[{"name":"wp","href":"https:\/\/api.w.org\/{rel}","templated":true}]}}