{"id":7995,"date":"2025-10-29T13:10:17","date_gmt":"2025-10-29T13:10:17","guid":{"rendered":"https:\/\/fuelbois.com\/?post_type=product&#038;p=7995"},"modified":"2026-03-08T07:38:37","modified_gmt":"2026-03-08T07:38:37","slug":"pellets-de-bois-zenith-piveteau-palette-de-72-sacs-de-15-kg","status":"publish","type":"product","link":"https:\/\/www.buches-chaleor.com\/fr\/produit\/pellets-de-bois-zenith-piveteau-palette-de-72-sacs-de-15-kg\/","title":{"rendered":"Pellets De Bois Zenith Piveteau \u2013 Palette De 72 Sacs De 15 Kg"},"content":{"rendered":"<p>Les\u00a0<strong>pellets ZENITH PIVETEAU<\/strong>\u00a0sont de qualit\u00e9 sup\u00e9rieure et constante, gr\u00e2ce au s\u00e9chage \u00e0 basse temp\u00e9rature et \u00e0 la maitrise totale de la mati\u00e8re bois. Ils sont constitu\u00e9s de particules fines de bois s\u00e9ch\u00e9es puis compress\u00e9es, sans colle ni additif. Les r\u00e9sineux utilis\u00e9s lors de la production permettent un recyclage et une valorisation des sciures pour en faire un combustible garantissant un maximum d\u2019\u00e9nergie.<\/p>\n<p>\u2013 Pouvoir calorifique : 5 kWh\/Kg minimum<br \/>\n\u2013 Densit\u00e9 en vrac : 650 Kg\/m\u00b3 minimum<br \/>\n\u2013 Taux d\u2019humidit\u00e9 : &lt; 8 % du poids total<br \/>\n\u2013 Taux de cendres : &lt; 0,3 % du poids total<br \/>\n\u2013 Taux de particules fines : &lt; 0,5 % du poids total<br \/>\n\u2013 Diam\u00e8tre : 6 mm (\u00b1 0,5 mm)<br \/>\n\u2013 Longueur : 3,15 &lt; L &lt; 40 mm<br \/>\n\u2013 Temp\u00e9rature de fusibilit\u00e9 des cendres : &gt; 1450 \u00b0C<br \/>\n\u2013 Mati\u00e8re premi\u00e8re utilis\u00e9e : copeaux et sciures de bois 100% r\u00e9sineux fran\u00e7ais<\/p>\n<p>Norne DIN+<br \/>\nSac de 15 kg<br \/>\nBois 100% r\u00e9sineux<\/p>\n<ul>\n<li>Bois issus de for\u00eats fran\u00e7aises situ\u00e9es autour des sites de fabrication.<\/li>\n<li>Ma\u00eetrise de la mati\u00e8re premi\u00e8re provenant de nos scieries (coproduits).<\/li>\n<li>Granul\u00e9s de bois 100% r\u00e9sineux fran\u00e7ais.<\/li>\n<li>Proc\u00e9d\u00e9 de s\u00e9chage basse temp\u00e9rature garantissant un taux de cendre<\/li>\n<li>inf\u00e9rieur \u00e0 0,3% et un fort pouvoir calorifique : PCI de 5 KWh\/Kg.<\/li>\n<li>Granul\u00e9s produits \u00e0 partir d\u2019\u00e9lectricit\u00e9 verte.<\/li>\n<li>S\u00e9curit\u00e9 d\u2019approvisionnement : 2 sites de production en France<br \/>\nde plus de 100 000 tonnes chacun.<\/li>\n<li>Housse int\u00e9grale pour un stockage en ext\u00e9rieur<br \/>\nmaximum 1 mois apr\u00e8s la date de livraison.<\/li>\n<li>Service de transports performants d\u00e9di\u00e9 \u00e0 vos besoins.<br \/>\nFabricant qui favorise l\u2019emploi local et la qualit\u00e9 de vie en France.<\/li>\n<li>Palette 72 sacs granul\u00e9s<\/li>\n<\/ul>","protected":false},"excerpt":{"rendered":"<p><span style=\"color: #ff0000;\"><strong><em><img decoding=\"async\" src=\"https:\/\/buches-hiver.com\/wp-content\/uploads\/2023\/04\/6-60x60.png\" \/><\/em><\/strong><strong><em>Livraison standard. (5 \u00e0 7 jours) : 18\u2009\u20ac<\/em><\/strong><\/span><br \/>\n<span style=\"color: #ff0000;\"><strong><em>Livraison Express. (3 Jours) : 22\u2009\u20ac<\/em><\/strong><\/span><\/p>\n<div class=\"elementor-element elementor-element-f213c2f wd-single-short-desc text-left elementor-widget elementor-widget-wd_single_product_short_description\" data-id=\"f213c2f\" data-element_type=\"widget\" data-widget_type=\"wd_single_product_short_description.default\">\n<div class=\"elementor-widget-container\">\n<div class=\"woocommerce-product-details__short-description\">\n<p>Les pellets de bois Zenith sont fabriqu\u00e9s par l\u2019entreprise PIVETEAU BOIS en France. Ils sont certifi\u00e9s DIN Plus et sont de bonne qualit\u00e9 avec un taux de cendres et de poussi\u00e8res bas. Ils sont bien connus en France et disponibles \u00e0 emporter dans diff\u00e9rents points de vente ou \u00e0 \u00eatre livrer \u00e0 domicile. Ils sont parfaitement adapt\u00e9s \u00e0 tous les syst\u00e8mes de po\u00eales et chaudi\u00e8res \u00e0 granul\u00e9s.<\/p>\n<\/div>\n<\/div>\n<\/div>\n<div class=\"wd-negative-gap elementor-element elementor-element-2444467 e-flex e-con-boxed e-con e-child\" data-id=\"2444467\" data-element_type=\"container\">\n<div class=\"e-con-inner\">\n<div class=\"elementor-element elementor-element-5e38082 elementor-widget__width-auto wd-single-price text-left elementor-widget elementor-widget-wd_single_product_price\" data-id=\"5e38082\" data-element_type=\"widget\" data-widget_type=\"wd_single_product_price.default\">\n<div class=\"elementor-widget-container\"><\/div>\n<\/div>\n<\/div>\n<\/div>","protected":false},"featured_media":8955,"comment_status":"open","ping_status":"closed","template":"","meta":{"_acf_changed":false,"content-type":"","_monsterinsights_skip_tracking":false,"_monsterinsights_sitenote_active":false,"_monsterinsights_sitenote_note":"","_monsterinsights_sitenote_category":0},"pwb-brand":[],"product_brand":[],"product_cat":[79],"product_tag":[33],"class_list":{"0":"post-7995","1":"product","2":"type-product","3":"status-publish","4":"has-post-thumbnail","6":"product_cat-pellets-granules-de-bois","7":"product_tag-ajoutez-880-00e-a-votre-panier-et-beneficiez-de-la-livraison-gratuite","9":"first","10":"instock","11":"taxable","12":"shipping-taxable","13":"purchasable","14":"product-type-simple"},"acf":[],"aioseo_notices":[],"brands":[],"_links":{"self":[{"href":"https:\/\/www.buches-chaleor.com\/fr\/wp-json\/wp\/v2\/product\/7995","targetHints":{"allow":["GET"]}}],"collection":[{"href":"https:\/\/www.buches-chaleor.com\/fr\/wp-json\/wp\/v2\/product"}],"about":[{"href":"https:\/\/www.buches-chaleor.com\/fr\/wp-json\/wp\/v2\/types\/product"}],"replies":[{"embeddable":true,"href":"https:\/\/www.buches-chaleor.com\/fr\/wp-json\/wp\/v2\/comments?post=7995"}],"wp:featuredmedia":[{"embeddable":true,"href":"https:\/\/www.buches-chaleor.com\/fr\/wp-json\/wp\/v2\/media\/8955"}],"wp:attachment":[{"href":"https:\/\/www.buches-chaleor.com\/fr\/wp-json\/wp\/v2\/media?parent=7995"}],"wp:term":[{"taxonomy":"pwb-brand","embeddable":true,"href":"https:\/\/www.buches-chaleor.com\/fr\/wp-json\/wp\/v2\/pwb-brand?post=7995"},{"taxonomy":"product_brand","embeddable":true,"href":"https:\/\/www.buches-chaleor.com\/fr\/wp-json\/wp\/v2\/product_brand?post=7995"},{"taxonomy":"product_cat","embeddable":true,"href":"https:\/\/www.buches-chaleor.com\/fr\/wp-json\/wp\/v2\/product_cat?post=7995"},{"taxonomy":"product_tag","embeddable":true,"href":"https:\/\/www.buches-chaleor.com\/fr\/wp-json\/wp\/v2\/product_tag?post=7995"}],"curies":[{"name":"wp","href":"https:\/\/api.w.org\/{rel}","templated":true}]}}