{"id":7993,"date":"2025-10-29T13:07:15","date_gmt":"2025-10-29T13:07:15","guid":{"rendered":"https:\/\/fuelbois.com\/?post_type=product&#038;p=7993"},"modified":"2026-03-08T07:37:00","modified_gmt":"2026-03-08T07:37:00","slug":"pellets-biotom-100-resineux-avec-certification-en-a1-16-sacs-de-15kg","status":"publish","type":"product","link":"https:\/\/www.buches-chaleor.com\/fr\/produit\/pellets-biotom-100-resineux-avec-certification-en-a1-16-sacs-de-15kg\/","title":{"rendered":"PELLETS BIOTOM \u2013 100% r\u00e9sineux avec certification EN+ A1 \u2013 16 sacs de 15kg"},"content":{"rendered":"<p>Granul\u00e9s de bois BIOTOM -100% r\u00e9sineux avec certification EN+ A1, 240kg (16 sacs de 15kg) exp\u00e9dition 1\/4 palette<\/p>\n<p>Tr\u00e8s bon rapport qualit\u00e9\/prix<\/p>\n<p>Certification EN+A1<\/p>\n<p>Marque : Biotom<\/p>\n<p>Emballage : 15kg par sac avec le logo Biotom et la certification En 1plus mentionn\u00e9e<\/p>\n<p>diam\u00e8tre des granul\u00e9s 6 mm,<\/p>\n<p>Tous les granul\u00e9s Biotom sont certifi\u00e9s EN Plus A1. Vous \u00eates donc assur\u00e9 d\u2019avoir des granul\u00e9s de haute qualit\u00e9.<\/p>","protected":false},"excerpt":{"rendered":"<p><span style=\"color: #ff0000;\"><strong><em><img decoding=\"async\" src=\"https:\/\/buches-hiver.com\/wp-content\/uploads\/2023\/04\/6-60x60.png\" \/><\/em><\/strong><strong><em>Livraison standard. (5 \u00e0 7 jours) : 18\u2009\u20ac<\/em><\/strong><\/span><br \/>\n<span style=\"color: #ff0000;\"><strong><em>Livraison Express. (3 Jours) : 22\u2009\u20ac<\/em><\/strong><\/span><\/p>\n<p>Granul\u00e9s de bois BIOTOM -100% r\u00e9sineux avec certification EN+ A1, 240kg (16 sacs de 15kg) exp\u00e9dition 1\/4 palette<\/p>\n<p>Tr\u00e8s bon rapport qualit\u00e9\/prix<\/p>\n<p>Certification EN+A1<\/p>\n<p>Marque : Biotom<\/p>\n<p>Emballage : 15kg par sac avec le logo Biotom et la certification En 1plus mentionn\u00e9e<\/p>\n<p>diam\u00e8tre des granul\u00e9s 6 mm,<\/p>\n<p>Tous les granul\u00e9s Biotom sont certifi\u00e9s EN Plus A1. Vous \u00eates donc assur\u00e9 d\u2019avoir des granul\u00e9s de haute qualit\u00e9.<\/p>","protected":false},"featured_media":8953,"comment_status":"open","ping_status":"closed","template":"","meta":{"_acf_changed":false,"content-type":"","_monsterinsights_skip_tracking":false,"_monsterinsights_sitenote_active":false,"_monsterinsights_sitenote_note":"","_monsterinsights_sitenote_category":0},"pwb-brand":[],"product_brand":[],"product_cat":[79],"product_tag":[33],"class_list":{"0":"post-7993","1":"product","2":"type-product","3":"status-publish","4":"has-post-thumbnail","6":"product_cat-pellets-granules-de-bois","7":"product_tag-ajoutez-880-00e-a-votre-panier-et-beneficiez-de-la-livraison-gratuite","9":"first","10":"instock","11":"taxable","12":"shipping-taxable","13":"purchasable","14":"product-type-simple"},"acf":[],"aioseo_notices":[],"brands":[],"_links":{"self":[{"href":"https:\/\/www.buches-chaleor.com\/fr\/wp-json\/wp\/v2\/product\/7993","targetHints":{"allow":["GET"]}}],"collection":[{"href":"https:\/\/www.buches-chaleor.com\/fr\/wp-json\/wp\/v2\/product"}],"about":[{"href":"https:\/\/www.buches-chaleor.com\/fr\/wp-json\/wp\/v2\/types\/product"}],"replies":[{"embeddable":true,"href":"https:\/\/www.buches-chaleor.com\/fr\/wp-json\/wp\/v2\/comments?post=7993"}],"wp:featuredmedia":[{"embeddable":true,"href":"https:\/\/www.buches-chaleor.com\/fr\/wp-json\/wp\/v2\/media\/8953"}],"wp:attachment":[{"href":"https:\/\/www.buches-chaleor.com\/fr\/wp-json\/wp\/v2\/media?parent=7993"}],"wp:term":[{"taxonomy":"pwb-brand","embeddable":true,"href":"https:\/\/www.buches-chaleor.com\/fr\/wp-json\/wp\/v2\/pwb-brand?post=7993"},{"taxonomy":"product_brand","embeddable":true,"href":"https:\/\/www.buches-chaleor.com\/fr\/wp-json\/wp\/v2\/product_brand?post=7993"},{"taxonomy":"product_cat","embeddable":true,"href":"https:\/\/www.buches-chaleor.com\/fr\/wp-json\/wp\/v2\/product_cat?post=7993"},{"taxonomy":"product_tag","embeddable":true,"href":"https:\/\/www.buches-chaleor.com\/fr\/wp-json\/wp\/v2\/product_tag?post=7993"}],"curies":[{"name":"wp","href":"https:\/\/api.w.org\/{rel}","templated":true}]}}