{"id":7992,"date":"2025-10-29T12:59:50","date_gmt":"2025-10-29T12:59:50","guid":{"rendered":"https:\/\/fuelbois.com\/?post_type=product&#038;p=7992"},"modified":"2026-03-08T07:34:06","modified_gmt":"2026-03-08T07:34:06","slug":"pellet-sunfire-palette-de-70-sacs-de-15-kg","status":"publish","type":"product","link":"https:\/\/www.buches-chaleor.com\/fr\/produit\/pellet-sunfire-palette-de-70-sacs-de-15-kg\/","title":{"rendered":"Pellet Sunfire \u2013 Palette De 70 Sacs De 15 Kg De Granul\u00e9 de bois"},"content":{"rendered":"<p>Vous recherchez un pellet Made in France et de bonne qualit\u00e9 \u00e0 prix attractif : le SUN FIRE est fait pour vous. C\u2019est un pellet NF Biocombustibles Haute Qualit\u00e9 compos\u00e9 de sciures de bois r\u00e9sineux et feuillus 100% naturelles provenant d\u2019une scierie Fran\u00e7aise sp\u00e9cialis\u00e9e dans le bois \u00e9nergie depuis 10 ans.<\/p>\n<p>Il est certifi\u00e9e par l\u2019AFNOR, ce qui garanti une taille homog\u00e8ne des pellets, un pouvoir calorifique sup\u00e9rieur ou \u00e9gal \u00e0 4,6 kWh\/kg, un taux d\u2019humidit\u00e9 &lt; 10 % et un taux de cendres inf\u00e9rieur \u00e0 1,2%.<\/p>\n<p>Ce granul\u00e9 de qualit\u00e9 standard conviendra parfaitement \u00e0 tous les syst\u00e8mes de chauffage \u00e0 pellet (inserts, chaudi\u00e8res et po\u00eales).<\/p>\n<p>En choisissant ce pellet, vous aurez un produit de bonne qualit\u00e9, 100% naturel, 100% fran\u00e7ais et \u00e0 petit prix.<\/p>","protected":false},"excerpt":{"rendered":"<p><span style=\"color: #ff0000;\"><strong><em><img decoding=\"async\" src=\"https:\/\/buches-hiver.com\/wp-content\/uploads\/2023\/04\/6-60x60.png\" \/><\/em><\/strong><strong><em>Livraison standard. (5 \u00e0 7 jours) : 18\u2009\u20ac<\/em><\/strong><\/span><br \/>\n<span style=\"color: #ff0000;\"><strong><em>Livraison Express. (3 Jours) : 22\u2009\u20ac<\/em><\/strong><\/span><\/p>\n<div class=\"elementor-element elementor-element-f213c2f wd-single-short-desc text-left elementor-widget elementor-widget-wd_single_product_short_description\" data-id=\"f213c2f\" data-element_type=\"widget\" data-widget_type=\"wd_single_product_short_description.default\">\n<div class=\"elementor-widget-container\">\n<div class=\"woocommerce-product-details__short-description\">\n<p>Les granul\u00e9s de bois SUN FIRE 100% Fran\u00e7ais, sont certifi\u00e9s NF Biocombustibles (norme Fran\u00e7aise) et AFNOR. Ils sont issus de m\u00e9lange de bois 100% naturel.<\/p>\n<p>Ces pellets sont fabriqu\u00e9s en France en Champagne Ardenne dans une coop\u00e9rative sp\u00e9cialis\u00e9e dans la d\u00e9shydratation de sciures de bois.<\/p>\n<\/div>\n<\/div>\n<\/div>\n<div class=\"wd-negative-gap elementor-element elementor-element-2444467 e-flex e-con-boxed e-con e-child\" data-id=\"2444467\" data-element_type=\"container\">\n<div class=\"e-con-inner\">\n<div class=\"elementor-element elementor-element-5e38082 elementor-widget__width-auto wd-single-price text-left elementor-widget elementor-widget-wd_single_product_price\" data-id=\"5e38082\" data-element_type=\"widget\" data-widget_type=\"wd_single_product_price.default\">\n<div class=\"elementor-widget-container\"><\/div>\n<\/div>\n<\/div>\n<\/div>","protected":false},"featured_media":8951,"comment_status":"closed","ping_status":"closed","template":"","meta":{"_acf_changed":false,"content-type":"","_monsterinsights_skip_tracking":false,"_monsterinsights_sitenote_active":false,"_monsterinsights_sitenote_note":"","_monsterinsights_sitenote_category":0},"pwb-brand":[],"product_brand":[],"product_cat":[79],"product_tag":[33,76],"class_list":{"0":"post-7992","1":"product","2":"type-product","3":"status-publish","4":"has-post-thumbnail","6":"product_cat-pellets-granules-de-bois","7":"product_tag-ajoutez-880-00e-a-votre-panier-et-beneficiez-de-la-livraison-gratuite","8":"product_tag-nos-bois-sont-bien-conserves-pendant-3-ans-et-brulent-immediatement","10":"first","11":"instock","12":"taxable","13":"shipping-taxable","14":"purchasable","15":"product-type-simple"},"acf":[],"aioseo_notices":[],"brands":[],"_links":{"self":[{"href":"https:\/\/www.buches-chaleor.com\/fr\/wp-json\/wp\/v2\/product\/7992","targetHints":{"allow":["GET"]}}],"collection":[{"href":"https:\/\/www.buches-chaleor.com\/fr\/wp-json\/wp\/v2\/product"}],"about":[{"href":"https:\/\/www.buches-chaleor.com\/fr\/wp-json\/wp\/v2\/types\/product"}],"replies":[{"embeddable":true,"href":"https:\/\/www.buches-chaleor.com\/fr\/wp-json\/wp\/v2\/comments?post=7992"}],"wp:featuredmedia":[{"embeddable":true,"href":"https:\/\/www.buches-chaleor.com\/fr\/wp-json\/wp\/v2\/media\/8951"}],"wp:attachment":[{"href":"https:\/\/www.buches-chaleor.com\/fr\/wp-json\/wp\/v2\/media?parent=7992"}],"wp:term":[{"taxonomy":"pwb-brand","embeddable":true,"href":"https:\/\/www.buches-chaleor.com\/fr\/wp-json\/wp\/v2\/pwb-brand?post=7992"},{"taxonomy":"product_brand","embeddable":true,"href":"https:\/\/www.buches-chaleor.com\/fr\/wp-json\/wp\/v2\/product_brand?post=7992"},{"taxonomy":"product_cat","embeddable":true,"href":"https:\/\/www.buches-chaleor.com\/fr\/wp-json\/wp\/v2\/product_cat?post=7992"},{"taxonomy":"product_tag","embeddable":true,"href":"https:\/\/www.buches-chaleor.com\/fr\/wp-json\/wp\/v2\/product_tag?post=7992"}],"curies":[{"name":"wp","href":"https:\/\/api.w.org\/{rel}","templated":true}]}}