{"id":7965,"date":"2025-10-29T12:39:52","date_gmt":"2025-10-29T12:39:52","guid":{"rendered":"https:\/\/fuelbois.com\/?post_type=product&#038;p=7965"},"modified":"2026-03-08T07:24:07","modified_gmt":"2026-03-08T07:24:07","slug":"pellet-butagaz-din-100-resineux-palette-de-66-sacs-de-15kg","status":"publish","type":"product","link":"https:\/\/www.buches-chaleor.com\/fr\/produit\/pellet-butagaz-din-100-resineux-palette-de-66-sacs-de-15kg\/","title":{"rendered":"Pellet Butagaz DIN+ 100% r\u00e9sineux \u2013 palette de 66 sacs de 15KG"},"content":{"rendered":"<p>Les granul\u00e9s de bois BUTAGAZ sont 100% naturels et 100% r\u00e9sineux vous assurant une qualit\u00e9 de chauffage au bois optimal et efficace. Produits en respectant les normes europ\u00e9ennes les plus strictes, et notamment la certification DIN plus, vous avez la certitude d\u2019avoir des pellets de qualit\u00e9 premium pour votre po\u00eale \u00e0 granul\u00e9s. Nos produits sont fabriqu\u00e9s uniquement \u00e0 partir de sciure et de copeaux de bois. Nos producteurs r\u00e9cup\u00e8rent le bois non utilis\u00e9s en scierie, le broie et le transforme en granul\u00e9s. Ainsi, nos granul\u00e9s ne n\u00e9cessitent jamais l\u2019abattage d\u2019arbres dans leurs cycles de fabrication. Gr\u00e2ce \u00e0 un combustible de haute qualit\u00e9, offrez-vous un chauffage au bois simple et \u00e9cologique gr\u00e2ce \u00e0 une \u00e9nergie renouvelable.<\/p>\n<p>Conditionn\u00e9e en sac de 15kg, la palette de granul\u00e9s de bois Butagaz en contient 66 sacs, soit un poids total d\u2019environ une tonne (990kg exactement). Les dimensions de la palette de pellets en sacs de 15kg varient en fonction de la r\u00e9gion : 80x120x180cm ou 100x100x180cm.<\/p>\n<p>De plus, pour vous assurer une qualit\u00e9 optimale et un entretien minimum de votre chauffage, les granul\u00e9s de bois Butagaz sont r\u00e9guli\u00e8rement contr\u00f4l\u00e9s par notre laboratoire interne.<\/p>\n<p>Le respect des normes europ\u00e9ennes est important pour Butagaz, ainsi, notre service Qualit\u00e9-Produit analyse r\u00e9guli\u00e8rement les palettes de granul\u00e9s de bois en cours de production. Les caract\u00e9ristiques techniques que vous trouverez imprim\u00e9es sur les sacs de pellets sont les minima demand\u00e9s par la certification DIN Plus.<\/p>","protected":false},"excerpt":{"rendered":"<p><span style=\"color: #ff0000;\"><strong><em><img decoding=\"async\" src=\"https:\/\/buches-hiver.com\/wp-content\/uploads\/2023\/04\/6-60x60.png\" \/><\/em><\/strong><strong><em>Livraison standard. (5 \u00e0 7 jours) : 18\u2009\u20ac<\/em><\/strong><\/span><br \/>\n<span style=\"color: #ff0000;\"><strong><em>Livraison Express. (3 Jours) : 22\u2009\u20ac<\/em><\/strong><\/span><\/p>\n<div class=\"elementor-element elementor-element-f213c2f wd-single-short-desc text-left elementor-widget elementor-widget-wd_single_product_short_description\" data-id=\"f213c2f\" data-element_type=\"widget\" data-widget_type=\"wd_single_product_short_description.default\">\n<div class=\"elementor-widget-container\">\n<div class=\"woocommerce-product-details__short-description\">\n<p>66 sacs de pellets livr\u00e9s sur palette. Pellets issus d\u2019une fili\u00e8re courte et d\u2019une gestion durable des for\u00eats.<\/p>\n<\/div>\n<\/div>\n<\/div>\n<div class=\"wd-negative-gap elementor-element elementor-element-2444467 e-flex e-con-boxed e-con e-child\" data-id=\"2444467\" data-element_type=\"container\">\n<div class=\"e-con-inner\">\n<div class=\"elementor-element elementor-element-5e38082 elementor-widget__width-auto wd-single-price text-left elementor-widget elementor-widget-wd_single_product_price\" data-id=\"5e38082\" data-element_type=\"widget\" data-widget_type=\"wd_single_product_price.default\">\n<div class=\"elementor-widget-container\"><\/div>\n<\/div>\n<\/div>\n<\/div>","protected":false},"featured_media":8940,"comment_status":"open","ping_status":"closed","template":"","meta":{"_acf_changed":false,"content-type":"","_monsterinsights_skip_tracking":false,"_monsterinsights_sitenote_active":false,"_monsterinsights_sitenote_note":"","_monsterinsights_sitenote_category":0},"pwb-brand":[],"product_brand":[],"product_cat":[79],"product_tag":[33],"class_list":{"0":"post-7965","1":"product","2":"type-product","3":"status-publish","4":"has-post-thumbnail","6":"product_cat-pellets-granules-de-bois","7":"product_tag-ajoutez-880-00e-a-votre-panier-et-beneficiez-de-la-livraison-gratuite","9":"first","10":"instock","11":"taxable","12":"shipping-taxable","13":"purchasable","14":"product-type-simple"},"acf":[],"aioseo_notices":[],"brands":[],"_links":{"self":[{"href":"https:\/\/www.buches-chaleor.com\/fr\/wp-json\/wp\/v2\/product\/7965","targetHints":{"allow":["GET"]}}],"collection":[{"href":"https:\/\/www.buches-chaleor.com\/fr\/wp-json\/wp\/v2\/product"}],"about":[{"href":"https:\/\/www.buches-chaleor.com\/fr\/wp-json\/wp\/v2\/types\/product"}],"replies":[{"embeddable":true,"href":"https:\/\/www.buches-chaleor.com\/fr\/wp-json\/wp\/v2\/comments?post=7965"}],"wp:featuredmedia":[{"embeddable":true,"href":"https:\/\/www.buches-chaleor.com\/fr\/wp-json\/wp\/v2\/media\/8940"}],"wp:attachment":[{"href":"https:\/\/www.buches-chaleor.com\/fr\/wp-json\/wp\/v2\/media?parent=7965"}],"wp:term":[{"taxonomy":"pwb-brand","embeddable":true,"href":"https:\/\/www.buches-chaleor.com\/fr\/wp-json\/wp\/v2\/pwb-brand?post=7965"},{"taxonomy":"product_brand","embeddable":true,"href":"https:\/\/www.buches-chaleor.com\/fr\/wp-json\/wp\/v2\/product_brand?post=7965"},{"taxonomy":"product_cat","embeddable":true,"href":"https:\/\/www.buches-chaleor.com\/fr\/wp-json\/wp\/v2\/product_cat?post=7965"},{"taxonomy":"product_tag","embeddable":true,"href":"https:\/\/www.buches-chaleor.com\/fr\/wp-json\/wp\/v2\/product_tag?post=7965"}],"curies":[{"name":"wp","href":"https:\/\/api.w.org\/{rel}","templated":true}]}}