{"id":7964,"date":"2025-10-29T12:35:37","date_gmt":"2025-10-29T12:35:37","guid":{"rendered":"https:\/\/fuelbois.com\/?post_type=product&#038;p=7964"},"modified":"2026-03-08T07:21:30","modified_gmt":"2026-03-08T07:21:30","slug":"pellet-bio-energie-palette-de-66-sacs-de-15-kg","status":"publish","type":"product","link":"https:\/\/www.buches-chaleor.com\/fr\/produit\/pellet-bio-energie-palette-de-66-sacs-de-15-kg\/","title":{"rendered":"Pellet Bio Energie \u2013 Palette de 66 sacs de 15 kg"},"content":{"rendered":"<div class=\"page3a2a2a1a3\">Granul\u00e9s bio\u00e9nerg\u00e9tiques, fabriqu\u00e9s avec du bois issu de for\u00eats allemandes g\u00e9r\u00e9es durablement.<\/div>\n<p>Fabriqu\u00e9s \u00e0 100% en bois r\u00e9sineux, ils sont fabriqu\u00e9s dans une entreprise soucieuse de l\u2019environnement et ayant la volont\u00e9 de d\u00e9velopper les \u00e9nergies renouvelables.<\/p>\n<div class=\"page3a2a2a1a2\">\n<p>Ils disposent des certifications DIN Plus, EN Plus A1 et PEFC pour s\u2019adapter \u00e0 tous les syst\u00e8mes de chauffage \u00e0 pellets.\u00a0Ils n\u2019obstrueront pas votre po\u00eale ou votre chaudi\u00e8re.<\/p>\n<\/div>\n<div class=\"page3a2a2a1a2\">\n<div class=\"page3a2a2a1a1\">Information compl\u00e9mentaire<\/div>\n<div class=\"page3a2a2a1a3\">Composition : 100% bois tendre<\/div>\n<div class=\"page3a2a2a1a3\">Certificats : DIN Plus, EN Plus A1<\/div>\n<div class=\"page3a2a2a1a3\">Valeur calorique : Plus de 4,6 kWh\/kg<\/div>\n<div class=\"page3a2a2a1a3\">Taux d\u2019humidit\u00e9 : moins de 8%<\/div>\n<div class=\"page3a2a2a1a3\">Taux de cendres : Moins de 0,5%<\/div>\n<div class=\"page3a2a2a1a3\">Taux de poussi\u00e8re : Moins de 0,7%<\/div>\n<\/div>","protected":false},"excerpt":{"rendered":"<p><span style=\"color: #ff0000;\"><strong><em><img decoding=\"async\" src=\"https:\/\/buches-hiver.com\/wp-content\/uploads\/2023\/04\/6-60x60.png\" \/><\/em><\/strong><strong><em>Livraison standard. (5 \u00e0 7 jours) : 18\u2009\u20ac<\/em><\/strong><\/span><br \/>\n<span style=\"color: #ff0000;\"><strong><em>Livraison Express. (3 Jours) : 22\u2009\u20ac<\/em><\/strong><\/span><\/p>","protected":false},"featured_media":8939,"comment_status":"open","ping_status":"closed","template":"","meta":{"_acf_changed":false,"content-type":"","_monsterinsights_skip_tracking":false,"_monsterinsights_sitenote_active":false,"_monsterinsights_sitenote_note":"","_monsterinsights_sitenote_category":0},"pwb-brand":[],"product_brand":[],"product_cat":[79],"product_tag":[33],"class_list":{"0":"post-7964","1":"product","2":"type-product","3":"status-publish","4":"has-post-thumbnail","6":"product_cat-pellets-granules-de-bois","7":"product_tag-ajoutez-880-00e-a-votre-panier-et-beneficiez-de-la-livraison-gratuite","9":"first","10":"instock","11":"sale","12":"taxable","13":"shipping-taxable","14":"purchasable","15":"product-type-simple"},"acf":[],"aioseo_notices":[],"brands":[],"_links":{"self":[{"href":"https:\/\/www.buches-chaleor.com\/fr\/wp-json\/wp\/v2\/product\/7964","targetHints":{"allow":["GET"]}}],"collection":[{"href":"https:\/\/www.buches-chaleor.com\/fr\/wp-json\/wp\/v2\/product"}],"about":[{"href":"https:\/\/www.buches-chaleor.com\/fr\/wp-json\/wp\/v2\/types\/product"}],"replies":[{"embeddable":true,"href":"https:\/\/www.buches-chaleor.com\/fr\/wp-json\/wp\/v2\/comments?post=7964"}],"wp:featuredmedia":[{"embeddable":true,"href":"https:\/\/www.buches-chaleor.com\/fr\/wp-json\/wp\/v2\/media\/8939"}],"wp:attachment":[{"href":"https:\/\/www.buches-chaleor.com\/fr\/wp-json\/wp\/v2\/media?parent=7964"}],"wp:term":[{"taxonomy":"pwb-brand","embeddable":true,"href":"https:\/\/www.buches-chaleor.com\/fr\/wp-json\/wp\/v2\/pwb-brand?post=7964"},{"taxonomy":"product_brand","embeddable":true,"href":"https:\/\/www.buches-chaleor.com\/fr\/wp-json\/wp\/v2\/product_brand?post=7964"},{"taxonomy":"product_cat","embeddable":true,"href":"https:\/\/www.buches-chaleor.com\/fr\/wp-json\/wp\/v2\/product_cat?post=7964"},{"taxonomy":"product_tag","embeddable":true,"href":"https:\/\/www.buches-chaleor.com\/fr\/wp-json\/wp\/v2\/product_tag?post=7964"}],"curies":[{"name":"wp","href":"https:\/\/api.w.org\/{rel}","templated":true}]}}