{"id":7962,"date":"2025-10-29T12:29:16","date_gmt":"2025-10-29T12:29:16","guid":{"rendered":"https:\/\/fuelbois.com\/?post_type=product&#038;p=7962"},"modified":"2026-03-08T07:19:15","modified_gmt":"2026-03-08T07:19:15","slug":"pallette-de-pellet-van-roje-65-sacs-de-15-kg","status":"publish","type":"product","link":"https:\/\/www.buches-chaleor.com\/fr\/produit\/pallette-de-pellet-van-roje-65-sacs-de-15-kg\/","title":{"rendered":"Pallette De Pellet Van Roje \u2013 65 Sacs De 15 Kg"},"content":{"rendered":"<dl class=\"data-sheet\">\n<dt class=\"name\">Composition : 100% r\u00e9sineux<\/dt>\n<dt class=\"name\">Certificats : DIN Plus, EN Plus A1, PEFC<\/dt>\n<dt class=\"name\">Pouvoir Calorifique : Sup\u00e9rieur \u00e0 4,9 kWh\/kg<\/dt>\n<dt class=\"name\">Taux D\u2019humidit\u00e9 : Inf\u00e9rieur \u00e0 7,8 %<\/dt>\n<dt class=\"name\">Taux De Cendres : Inf\u00e9rieur \u00e0 0,39 %<\/dt>\n<dt class=\"name\">Taux De Poussi\u00e8re : Inf\u00e9rieur \u00e0 0,23 %<\/dt>\n<dt class=\"name\">Diam\u00e8tre : 6 mm<\/dt>\n<dt class=\"name\">Conditionnement : Palette<\/dt>\n<dt class=\"name\">Origine : Allemagne<\/dt>\n<\/dl>\n<p><strong>Le pellet VanRoje est notre pellet de bois le plus haut de gamme.<\/strong><\/p>\n<p>Le pellet de bois VANROJE d\u00e9passe les exigences des normes DIN Plus et EN Plus, il est \u00e9galement labellis\u00e9 PEFC (gestion durable des for\u00eats).<\/p>\n<p>Son pouvoir calorifique est 7% au-dessus de la norme DIN\u00a0Plus.<\/p>\n<p>Il vous garantit 44 % de cendres en moins et 77 % de poussi\u00e8res en moins par rapport \u00e0 un pellet standard.<\/p>\n<p>100 % r\u00e9sineux, sans additif et neutre en CO2, ce pellet de bois est id\u00e9al pour votre po\u00eale ou chaudi\u00e8re.<\/p>\n<p>Il procure une mont\u00e9e rapide en temp\u00e9rature, garde une chaleur constante,\u00a0vous consommerez moins de pellet qu\u2019avec une autre marque.<\/p>\n<p>Un pellet de Haute qualit\u00e9 allemande !<\/p>\n<p>Vous avez choisi d\u2019installer un syst\u00e8me de chauffage au granul\u00e9s de bois et avez eu raison !! en plus d\u2019\u00eatre un chauffage \u00e0 \u00e9nergie renouvelable, il est aussi \u00e9conomique.<\/p>\n<p>Avec le pellet VANROJE, vous b\u00e9n\u00e9ficierez d\u2019une mont\u00e9e rapide en temp\u00e9rature et gr\u00e2ce \u00e0 ses faibles taux de poussi\u00e8res et de cendres, vous n\u2019aurez qu\u2019\u00e0 profiter de sa chaleur sans devoir le nettoyer tous les jours.<\/p>","protected":false},"excerpt":{"rendered":"<p><span style=\"color: #ff0000;\"><strong><em><img decoding=\"async\" src=\"https:\/\/buches-hiver.com\/wp-content\/uploads\/2023\/04\/6-60x60.png\" \/><\/em><\/strong><strong><em>Livraison standard. (5 \u00e0 7 jours) : 18\u2009\u20ac<\/em><\/strong><\/span><br \/>\n<span style=\"color: #ff0000;\"><strong><em>Livraison Express. (3 Jours) : 22\u2009\u20ac<\/em><\/strong><\/span><\/p>\n<p>Pellet de bois VANROJE fabriqu\u00e9 dans une scierie situ\u00e9e en Allemagne, soucieuse de l\u2019environnement.<\/p>\n<p>Notre pellet HAUT DE GAMME \u00e0 fort pouvoir calorifique et tr\u00e8s faibles taux de cendres,\u00a0de poussi\u00e8res et d\u2019humidit\u00e9.<\/p>\n<p>Ce pellet est notre fiert\u00e9 depuis plus de 10 ans ! Sa qualit\u00e9 va bien au-del\u00e0 des normes DIN Plus et EN Plus A1. Son bois provient de for\u00eats g\u00e9r\u00e9es durablement, il est PEFC<\/p>","protected":false},"featured_media":8937,"comment_status":"open","ping_status":"closed","template":"","meta":{"_acf_changed":false,"content-type":"","_monsterinsights_skip_tracking":false,"_monsterinsights_sitenote_active":false,"_monsterinsights_sitenote_note":"","_monsterinsights_sitenote_category":0},"pwb-brand":[],"product_brand":[],"product_cat":[79],"product_tag":[33],"class_list":{"0":"post-7962","1":"product","2":"type-product","3":"status-publish","4":"has-post-thumbnail","6":"product_cat-pellets-granules-de-bois","7":"product_tag-ajoutez-880-00e-a-votre-panier-et-beneficiez-de-la-livraison-gratuite","9":"first","10":"instock","11":"taxable","12":"shipping-taxable","13":"purchasable","14":"product-type-simple"},"acf":[],"aioseo_notices":[],"brands":[],"_links":{"self":[{"href":"https:\/\/www.buches-chaleor.com\/fr\/wp-json\/wp\/v2\/product\/7962","targetHints":{"allow":["GET"]}}],"collection":[{"href":"https:\/\/www.buches-chaleor.com\/fr\/wp-json\/wp\/v2\/product"}],"about":[{"href":"https:\/\/www.buches-chaleor.com\/fr\/wp-json\/wp\/v2\/types\/product"}],"replies":[{"embeddable":true,"href":"https:\/\/www.buches-chaleor.com\/fr\/wp-json\/wp\/v2\/comments?post=7962"}],"wp:featuredmedia":[{"embeddable":true,"href":"https:\/\/www.buches-chaleor.com\/fr\/wp-json\/wp\/v2\/media\/8937"}],"wp:attachment":[{"href":"https:\/\/www.buches-chaleor.com\/fr\/wp-json\/wp\/v2\/media?parent=7962"}],"wp:term":[{"taxonomy":"pwb-brand","embeddable":true,"href":"https:\/\/www.buches-chaleor.com\/fr\/wp-json\/wp\/v2\/pwb-brand?post=7962"},{"taxonomy":"product_brand","embeddable":true,"href":"https:\/\/www.buches-chaleor.com\/fr\/wp-json\/wp\/v2\/product_brand?post=7962"},{"taxonomy":"product_cat","embeddable":true,"href":"https:\/\/www.buches-chaleor.com\/fr\/wp-json\/wp\/v2\/product_cat?post=7962"},{"taxonomy":"product_tag","embeddable":true,"href":"https:\/\/www.buches-chaleor.com\/fr\/wp-json\/wp\/v2\/product_tag?post=7962"}],"curies":[{"name":"wp","href":"https:\/\/api.w.org\/{rel}","templated":true}]}}