{"id":7961,"date":"2025-10-29T12:26:06","date_gmt":"2025-10-29T12:26:06","guid":{"rendered":"https:\/\/fuelbois.com\/?post_type=product&#038;p=7961"},"modified":"2026-03-08T07:17:40","modified_gmt":"2026-03-08T07:17:40","slug":"palette-premium-de-25-sacs-de-15-kg-din-plus","status":"publish","type":"product","link":"https:\/\/www.buches-chaleor.com\/fr\/produit\/palette-premium-de-25-sacs-de-15-kg-din-plus\/","title":{"rendered":"Palette premium de 25 sacs de 15 kg \u2013 DIN Plus"},"content":{"rendered":"<div class=\"page3a2a2a1a3\">Gardez votre gril \u00e0 granul\u00e9s et votre fumoir allum\u00e9s avec les granul\u00e9s de bois dur Premium DIN Plus.<\/div>\n<p>Les granul\u00e9s de bois Premium DIN Plus offrent de meilleures \u00e9conomies et une combustion plus efficace.\u00a0Pourquoi ?\u00a0Contrairement \u00e0 la plupart des granul\u00e9s disponibles, ces granules ne sont pas un sous-produit mais plut\u00f4t du bois franc vierge \u00e0 100 %.\u00a0Aucune huile, aucun produit chimique ni aucun liant n\u2019est ajout\u00e9.\u00a0Le processus de s\u00e9chage de quatre secondes cr\u00e9e un faible taux d\u2019humidit\u00e9 pour un granul\u00e9 tr\u00e8s sec et br\u00fblant.\u00a0Cela signifie qu\u2019il br\u00fble moins pour maintenir la temp\u00e9rature d\u00e9sir\u00e9e, ce qui vous donne plus de granul\u00e9s pour votre prochain barbecue et moins de cendres \u00e0 nettoyer.<\/p>\n<div class=\"page3a2a2a1a2\">Pour des granules au go\u00fbt plus prononc\u00e9 et \u00e0 la combustion constante, utilisez les granules de bois franc Premium DIN Plus.<\/div>\n<div class=\"page3a2a2a1a2\">\n<div class=\"page3a2a2a1a3\">Composition<\/div>\n<div class=\"page3a2a2a1a2\">100% r\u00e9sine<\/div>\n<div class=\"page3a2a2a1a3\">Certificats<\/div>\n<div class=\"page3a2a2a1a2\">DINPlus<\/div>\n<div class=\"page3a2a2a1a3\">Pouvoir Calorifique<\/div>\n<div class=\"page3a2a2a1a2\">Au-dessus de 5 kWh\/kg<\/div>\n<div class=\"page3a2a2a1a3\">Taux D\u2019humidit\u00e9<\/div>\n<div class=\"page3a2a2a1a2\">Inf\u00e9rieur \u00e0 8 %<\/div>\n<div class=\"page3a2a2a1a3\">Taux De Cendres<\/div>\n<div class=\"page3a2a2a1a2\">Inf\u00e9rieur \u00e0 0,3 %<\/div>\n<\/div>","protected":false},"excerpt":{"rendered":"<p><span style=\"color: #ff0000;\"><strong><em><img decoding=\"async\" src=\"https:\/\/buches-hiver.com\/wp-content\/uploads\/2023\/04\/6-60x60.png\" \/><\/em><\/strong><strong><em>Livraison standard. (5 \u00e0 7 jours) : 18\u2009\u20ac<\/em><\/strong><\/span><br \/>\n<span style=\"color: #ff0000;\"><strong><em>Livraison Express. (3 Jours) : 22\u2009\u20ac<\/em><\/strong><\/span><\/p>","protected":false},"featured_media":8936,"comment_status":"open","ping_status":"closed","template":"","meta":{"_acf_changed":false,"content-type":"","_monsterinsights_skip_tracking":false,"_monsterinsights_sitenote_active":false,"_monsterinsights_sitenote_note":"","_monsterinsights_sitenote_category":0},"pwb-brand":[],"product_brand":[],"product_cat":[79],"product_tag":[33],"class_list":{"0":"post-7961","1":"product","2":"type-product","3":"status-publish","4":"has-post-thumbnail","6":"product_cat-pellets-granules-de-bois","7":"product_tag-ajoutez-880-00e-a-votre-panier-et-beneficiez-de-la-livraison-gratuite","9":"first","10":"instock","11":"sale","12":"taxable","13":"shipping-taxable","14":"purchasable","15":"product-type-simple"},"acf":[],"aioseo_notices":[],"brands":[],"_links":{"self":[{"href":"https:\/\/www.buches-chaleor.com\/fr\/wp-json\/wp\/v2\/product\/7961","targetHints":{"allow":["GET"]}}],"collection":[{"href":"https:\/\/www.buches-chaleor.com\/fr\/wp-json\/wp\/v2\/product"}],"about":[{"href":"https:\/\/www.buches-chaleor.com\/fr\/wp-json\/wp\/v2\/types\/product"}],"replies":[{"embeddable":true,"href":"https:\/\/www.buches-chaleor.com\/fr\/wp-json\/wp\/v2\/comments?post=7961"}],"wp:featuredmedia":[{"embeddable":true,"href":"https:\/\/www.buches-chaleor.com\/fr\/wp-json\/wp\/v2\/media\/8936"}],"wp:attachment":[{"href":"https:\/\/www.buches-chaleor.com\/fr\/wp-json\/wp\/v2\/media?parent=7961"}],"wp:term":[{"taxonomy":"pwb-brand","embeddable":true,"href":"https:\/\/www.buches-chaleor.com\/fr\/wp-json\/wp\/v2\/pwb-brand?post=7961"},{"taxonomy":"product_brand","embeddable":true,"href":"https:\/\/www.buches-chaleor.com\/fr\/wp-json\/wp\/v2\/product_brand?post=7961"},{"taxonomy":"product_cat","embeddable":true,"href":"https:\/\/www.buches-chaleor.com\/fr\/wp-json\/wp\/v2\/product_cat?post=7961"},{"taxonomy":"product_tag","embeddable":true,"href":"https:\/\/www.buches-chaleor.com\/fr\/wp-json\/wp\/v2\/product_tag?post=7961"}],"curies":[{"name":"wp","href":"https:\/\/api.w.org\/{rel}","templated":true}]}}