{"id":7960,"date":"2025-10-29T12:22:44","date_gmt":"2025-10-29T12:22:44","guid":{"rendered":"https:\/\/fuelbois.com\/?post_type=product&#038;p=7960"},"modified":"2026-03-08T07:16:32","modified_gmt":"2026-03-08T07:16:32","slug":"palette-mixte-de-briquettes-de-bois-pini-kay-nestro-mix-960kg","status":"publish","type":"product","link":"https:\/\/www.buches-chaleor.com\/fr\/produit\/palette-mixte-de-briquettes-de-bois-pini-kay-nestro-mix-960kg\/","title":{"rendered":"Palette Mixte de briquettes de bois Pini Kay + Nestro Mix (960Kg)"},"content":{"rendered":"<p>Le pellet HELIOS a une qualit\u00e9 sup\u00e9rieure aux pellets que vous trouverez en grande surface, bien connu chez nous depuis plus de 10 ans.<\/p>\n<p>Gr\u00e2ce \u00e0 son sac transparent, vous constaterez rapidement le taux de poussi\u00e8res (&lt; 0,5 %) et la couleur tr\u00e8s claire de ses granul\u00e9s.<\/p>\n<p>Son pouvoir calorifique sup\u00e9rieur \u00e0 4,7 kWh\/kg, fait de lui un produit universel \u00e0 prix attractif.<\/p>\n<p>Ce pellet est id\u00e9al pour les po\u00eales, inserts et chaudi\u00e8res \u00e0 granul\u00e9s de bois.<\/p>\n<p>Nous commercialisons ce pellet depuis plus de 10 ans et nos clients en sont parfaitement satisfaits, l\u2019essayer c\u2019est l\u2019adopter.<\/p>\n<p>Concernant le lieu de stockage des pellets, il doit \u00eatre sec et temp\u00e9r\u00e9.<\/p>\n<p>Les sacs doivent \u00eatre sur\u00e9lev\u00e9s du sol par une palette et d\u00e9coll\u00e9s des murs. Ils ne doivent en aucun cas \u00eatre en contact avec l\u2019humidit\u00e9, sous peine de devenir inutilisables.<\/p>\n<p>&nbsp;<\/p>\n<div class=\"product-reference\">PELLET_PALETTE_HELIOS<\/div>\n<div class=\"product-out-of-stock\"><\/div>\n<h3 class=\"h6\">Fiche technique<\/h3>\n<dl class=\"data-sheet\">\n<dt class=\"name\">Composition<\/dt>\n<dd class=\"value\">100% r\u00e9sineux<\/dd>\n<dt class=\"name\">Certificats<\/dt>\n<dd class=\"value\">DIN Plus, EN Plus A1<\/dd>\n<dt class=\"name\">Pouvoir Calorifique<\/dt>\n<dd class=\"value\">Sup\u00e9rieur \u00e0 4,7 kWh\/kg<\/dd>\n<dt class=\"name\">Taux D\u2019humidit\u00e9<\/dt>\n<dd class=\"value\">Inf\u00e9rieur \u00e0 10 %<\/dd>\n<dt class=\"name\">Taux De Cendres<\/dt>\n<dd class=\"value\">Inf\u00e9rieur \u00e0 0,7 %<\/dd>\n<dt class=\"name\">Taux De Poussi\u00e8re<\/dt>\n<dd class=\"value\">Inf\u00e9rieur \u00e0 0,5 %<\/dd>\n<dt class=\"name\">Diam\u00e8tre<\/dt>\n<dd class=\"value\">6 mm<\/dd>\n<dt class=\"name\">Conditionnement<\/dt>\n<dd class=\"value\">Palette<\/dd>\n<dt class=\"name\">Origine<\/dt>\n<dd class=\"value\">Belgique<\/dd>\n<\/dl>","protected":false},"excerpt":{"rendered":"<p><span style=\"color: #ff0000;\"><strong><em><img decoding=\"async\" src=\"https:\/\/buches-hiver.com\/wp-content\/uploads\/2023\/04\/6-60x60.png\" \/><\/em><\/strong><strong><em>Livraison standard. (5 \u00e0 7 jours) : 18\u2009\u20ac<\/em><\/strong><\/span><br \/>\n<span style=\"color: #ff0000;\"><strong><em>Livraison Express. (3 Jours) : 22\u2009\u20ac<\/em><\/strong><\/span><\/p>\n<p>Les pellets de bois HELIOS sont certifi\u00e9s DIN Plus (Norme Allemande) et EN Plus A1 (Norme Europ\u00e9enne) et sont 100% r\u00e9sineux.<\/p>\n<p>Fabriqu\u00e9s en Belgique.<\/p>","protected":false},"featured_media":8935,"comment_status":"open","ping_status":"closed","template":"","meta":{"_acf_changed":false,"content-type":"","_monsterinsights_skip_tracking":false,"_monsterinsights_sitenote_active":false,"_monsterinsights_sitenote_note":"","_monsterinsights_sitenote_category":0},"pwb-brand":[],"product_brand":[],"product_cat":[79],"product_tag":[33],"class_list":{"0":"post-7960","1":"product","2":"type-product","3":"status-publish","4":"has-post-thumbnail","6":"product_cat-pellets-granules-de-bois","7":"product_tag-ajoutez-880-00e-a-votre-panier-et-beneficiez-de-la-livraison-gratuite","9":"first","10":"instock","11":"taxable","12":"shipping-taxable","13":"purchasable","14":"product-type-simple"},"acf":[],"aioseo_notices":[],"brands":[],"_links":{"self":[{"href":"https:\/\/www.buches-chaleor.com\/fr\/wp-json\/wp\/v2\/product\/7960","targetHints":{"allow":["GET"]}}],"collection":[{"href":"https:\/\/www.buches-chaleor.com\/fr\/wp-json\/wp\/v2\/product"}],"about":[{"href":"https:\/\/www.buches-chaleor.com\/fr\/wp-json\/wp\/v2\/types\/product"}],"replies":[{"embeddable":true,"href":"https:\/\/www.buches-chaleor.com\/fr\/wp-json\/wp\/v2\/comments?post=7960"}],"wp:featuredmedia":[{"embeddable":true,"href":"https:\/\/www.buches-chaleor.com\/fr\/wp-json\/wp\/v2\/media\/8935"}],"wp:attachment":[{"href":"https:\/\/www.buches-chaleor.com\/fr\/wp-json\/wp\/v2\/media?parent=7960"}],"wp:term":[{"taxonomy":"pwb-brand","embeddable":true,"href":"https:\/\/www.buches-chaleor.com\/fr\/wp-json\/wp\/v2\/pwb-brand?post=7960"},{"taxonomy":"product_brand","embeddable":true,"href":"https:\/\/www.buches-chaleor.com\/fr\/wp-json\/wp\/v2\/product_brand?post=7960"},{"taxonomy":"product_cat","embeddable":true,"href":"https:\/\/www.buches-chaleor.com\/fr\/wp-json\/wp\/v2\/product_cat?post=7960"},{"taxonomy":"product_tag","embeddable":true,"href":"https:\/\/www.buches-chaleor.com\/fr\/wp-json\/wp\/v2\/product_tag?post=7960"}],"curies":[{"name":"wp","href":"https:\/\/api.w.org\/{rel}","templated":true}]}}