{"id":7959,"date":"2025-10-29T12:19:57","date_gmt":"2025-10-29T12:19:57","guid":{"rendered":"https:\/\/fuelbois.com\/?post_type=product&#038;p=7959"},"modified":"2026-03-08T07:14:33","modified_gmt":"2026-03-08T07:14:33","slug":"palette-de-pellets-proxima-star","status":"publish","type":"product","link":"https:\/\/www.buches-chaleor.com\/fr\/produit\/palette-de-pellets-proxima-star\/","title":{"rendered":"Palette de pellets PROXIMA STAR"},"content":{"rendered":"<p>Composition 100 % bois r\u00e9sineux (\u00e9pic\u00e9a)<\/p>\n<p>Diam\u00e8tre 6 mm<\/p>\n<p>Longueur moyenne 14,2 mm<\/p>\n<p>Humidit\u00e9 7,2 %<\/p>\n<p>Teneur en cendres 0,4 %<\/p>\n<p>Temp\u00e9rature de fusion des cendres 1430 \u00b0C<\/p>\n<p>Taux de fines 0,25 %<\/p>\n<p>Durabilit\u00e9 98,7 %<\/p>\n<p>Masse volumique 690 kg\/m3<\/p>\n<p>Pouvoir calorifique 17,57 MJ\/kg<\/p>","protected":false},"excerpt":{"rendered":"<p><span style=\"color: #ff0000;\"><strong><em><img decoding=\"async\" src=\"https:\/\/buches-hiver.com\/wp-content\/uploads\/2023\/04\/6-60x60.png\" \/><\/em><\/strong><strong><em>Livraison standard. (5 \u00e0 7 jours) : 18\u2009\u20ac<\/em><\/strong><\/span><br \/>\n<span style=\"color: #ff0000;\"><strong><em>Livraison Express. (3 Jours) : 22\u2009\u20ac<\/em><\/strong><\/span><\/p>\n<p>Palette : 66 sacs plastique<br \/>\nPoids : 990 kg<br \/>\nProducteur : Prima (Belgique)<br \/>\nComposition : 100% bois r\u00e9sineux<br \/>\nTaux de cendres constat\u00e9 : 0,4 %<\/p>","protected":false},"featured_media":8933,"comment_status":"open","ping_status":"closed","template":"","meta":{"_acf_changed":false,"content-type":"","_monsterinsights_skip_tracking":false,"_monsterinsights_sitenote_active":false,"_monsterinsights_sitenote_note":"","_monsterinsights_sitenote_category":0},"pwb-brand":[],"product_brand":[],"product_cat":[79],"product_tag":[33],"class_list":{"0":"post-7959","1":"product","2":"type-product","3":"status-publish","4":"has-post-thumbnail","6":"product_cat-pellets-granules-de-bois","7":"product_tag-ajoutez-880-00e-a-votre-panier-et-beneficiez-de-la-livraison-gratuite","9":"first","10":"instock","11":"taxable","12":"shipping-taxable","13":"purchasable","14":"product-type-simple"},"acf":[],"aioseo_notices":[],"brands":[],"_links":{"self":[{"href":"https:\/\/www.buches-chaleor.com\/fr\/wp-json\/wp\/v2\/product\/7959","targetHints":{"allow":["GET"]}}],"collection":[{"href":"https:\/\/www.buches-chaleor.com\/fr\/wp-json\/wp\/v2\/product"}],"about":[{"href":"https:\/\/www.buches-chaleor.com\/fr\/wp-json\/wp\/v2\/types\/product"}],"replies":[{"embeddable":true,"href":"https:\/\/www.buches-chaleor.com\/fr\/wp-json\/wp\/v2\/comments?post=7959"}],"wp:featuredmedia":[{"embeddable":true,"href":"https:\/\/www.buches-chaleor.com\/fr\/wp-json\/wp\/v2\/media\/8933"}],"wp:attachment":[{"href":"https:\/\/www.buches-chaleor.com\/fr\/wp-json\/wp\/v2\/media?parent=7959"}],"wp:term":[{"taxonomy":"pwb-brand","embeddable":true,"href":"https:\/\/www.buches-chaleor.com\/fr\/wp-json\/wp\/v2\/pwb-brand?post=7959"},{"taxonomy":"product_brand","embeddable":true,"href":"https:\/\/www.buches-chaleor.com\/fr\/wp-json\/wp\/v2\/product_brand?post=7959"},{"taxonomy":"product_cat","embeddable":true,"href":"https:\/\/www.buches-chaleor.com\/fr\/wp-json\/wp\/v2\/product_cat?post=7959"},{"taxonomy":"product_tag","embeddable":true,"href":"https:\/\/www.buches-chaleor.com\/fr\/wp-json\/wp\/v2\/product_tag?post=7959"}],"curies":[{"name":"wp","href":"https:\/\/api.w.org\/{rel}","templated":true}]}}