{"id":7957,"date":"2025-10-29T12:49:21","date_gmt":"2025-10-29T12:49:21","guid":{"rendered":"https:\/\/fuelbois.com\/?post_type=product&#038;p=7957"},"modified":"2026-03-08T07:29:02","modified_gmt":"2026-03-08T07:29:02","slug":"pellet-piveteau-72-sacs-de-15kg","status":"publish","type":"product","link":"https:\/\/www.buches-chaleor.com\/fr\/produit\/pellet-piveteau-72-sacs-de-15kg\/","title":{"rendered":"Pellet PIVETEAU \u2013 72 sacs de 15kg"},"content":{"rendered":"<p>Les granul\u00e9s de bois PIVETEAU sont fabriqu\u00e9s \u00e0 partir de coproduits (sciures et copeaux) issus de la transformation de r\u00e9sineux. Ces copeaux et sciures sont simplement s\u00e9ch\u00e9s, broy\u00e9s et comprim\u00e9s directement sur les m\u00eames sites de production r\u00e9duisant le transport. La compression des granul\u00e9s est r\u00e9alis\u00e9e sans aucun additif, seuls les composants du bois servent de liant naturel.<\/p>\n<p>Les pellets PIVETEAU sont de qualit\u00e9 sup\u00e9rieure, gr\u00e2ce au nouveau proc\u00e9d\u00e9 de s\u00e9chage \u00e0 basse temp\u00e9rature (80\u00b0C), o\u00f9 le bois conserve un pouvoir calorifique maximum et sa puret\u00e9 d\u2019origine.<\/p>\n<p><em>Emploi : Tenir hors de port\u00e9e des enfants. Ne pas avaler. Les pellets sont fabriqu\u00e9s \u00e0 100 % \u00e0 partir de sciures de bois. Ils ne pr\u00e9sentent donc aucun risque lors d\u2019une utilisation normale. Lors du remplissage de votre appareil de chauffage, versez lentement pour \u00e9viter la formation de poussi\u00e8re. \u00c0 utiliser uniquement dans un appareil de chauffage \u00e0 granul\u00e9s adapt\u00e9<\/em><\/p>\n<h4 class=\"fusion-responsive-typography-calculated\" data-fontsize=\"13\" data-lineheight=\"20.02px\"><strong><em>Caract\u00e9ristiques:<\/em><\/strong><\/h4>\n<ul>\n<li>Fabrication : France (19)<\/li>\n<li>Composition :100%\u00a0r\u00e9sineux<\/li>\n<li>Certification : DINplus<\/li>\n<li>Qualit\u00e9 :\u00a0Sup\u00e9rieure<\/li>\n<li>Conditionnement sac : Sac de 15 kg<\/li>\n<li>Conditionnement palette : Palette de 72 sacs (1.08 tonne) \u2013 dimensions palette :\u00a0100\u00d7100 cm de large<\/li>\n<li>Usage : Po\u00eale \u00e0 granul\u00e9s, Insert \u00e0 granul\u00e9s et Chaudi\u00e8re \u00e0 granul\u00e9s<\/li>\n<\/ul>\n<h4 class=\"fusion-responsive-typography-calculated\" data-fontsize=\"13\" data-lineheight=\"20.02px\"><strong><em>Fiche technique:<\/em><\/strong><\/h4>\n<table class=\"table table-striped aligncenter\" border=\"0\" width=\"744\" cellpadding=\"0\">\n<tbody>\n<tr>\n<td><strong>Propri\u00e9t\u00e9s<\/strong><\/td>\n<td><\/td>\n<td><b>PIVETEAU<\/b><\/td>\n<\/tr>\n<tr>\n<td>Taux d\u2019humidit\u00e9<\/td>\n<td><\/td>\n<td>\u00a06.2%<\/td>\n<\/tr>\n<tr>\n<td>Additifs<\/td>\n<td><\/td>\n<td>aucun<\/td>\n<\/tr>\n<tr>\n<td>Diam\u00e8tre<\/td>\n<td><\/td>\n<td>6 mm<\/td>\n<\/tr>\n<tr>\n<td>Longueur<\/td>\n<td><\/td>\n<td>de\u00a015 \u00e0 35 mm<\/td>\n<\/tr>\n<tr>\n<td>Taux de cendres \u00e0 550\u00b0C<\/td>\n<td><\/td>\n<td>\u2264 0,3%<\/td>\n<\/tr>\n<tr>\n<td>Taux de poussi\u00e8res<\/td>\n<td><\/td>\n<td>\u2264 0,5%<\/td>\n<\/tr>\n<tr>\n<td>PCI sur sec<\/td>\n<td><\/td>\n<td>\u00a05 kWh\/kg<\/td>\n<\/tr>\n<tr>\n<td>Densit\u00e9 apparente<\/td>\n<td><\/td>\n<td>670 kg\/dm3<\/td>\n<\/tr>\n<tr>\n<td>Taux de S, N, Cl<\/td>\n<td><\/td>\n<td>n\u00e9gligeable<\/td>\n<\/tr>\n<\/tbody>\n<\/table>","protected":false},"excerpt":{"rendered":"<p><span style=\"color: #ff0000;\"><strong><em><img decoding=\"async\" src=\"https:\/\/buches-hiver.com\/wp-content\/uploads\/2023\/04\/6-60x60.png\" \/><\/em><\/strong><strong><em>Livraison standard. (5 \u00e0 7 jours) : 18\u2009\u20ac<\/em><\/strong><\/span><br \/>\n<span style=\"color: #ff0000;\"><strong><em>Livraison Express. (3 Jours) : 22\u2009\u20ac<\/em><\/strong><\/span><\/p>\n<div class=\"elementor-element elementor-element-f213c2f wd-single-short-desc text-left elementor-widget elementor-widget-wd_single_product_short_description\" data-id=\"f213c2f\" data-element_type=\"widget\" data-widget_type=\"wd_single_product_short_description.default\">\n<div class=\"elementor-widget-container\">\n<div class=\"woocommerce-product-details__short-description\">\n<div class=\"woocommerce-product-details__short-description\">\n<p><strong>1 Palette = 72 Sacs de 15kg\u00a0<\/strong>(=1080kg)<\/p>\n<ul>\n<li>Fabrication : France<\/li>\n<li>Composition :100%\u00a0r\u00e9sineux<\/li>\n<li>Certification : DINplus<\/li>\n<li>Qualit\u00e9 :\u00a0Sup\u00e9rieure<\/li>\n<li>Conditionnement sac : Sac de 15 kg<\/li>\n<li>Conditionnement palette : Palette de 72 sacs (1.08 tonne) \u2013 dimensions palette :\u00a0100\u00d7100 cm de large<\/li>\n<li>Usage : Po\u00eale \u00e0 granul\u00e9s, Insert \u00e0 granul\u00e9s et Chaudi\u00e8re \u00e0 granul\u00e9s<\/li>\n<\/ul>\n<\/div>\n<\/div>\n<\/div>\n<\/div>\n<div class=\"wd-negative-gap elementor-element elementor-element-2444467 e-flex e-con-boxed e-con e-child\" data-id=\"2444467\" data-element_type=\"container\">\n<div class=\"e-con-inner\">\n<div class=\"elementor-element elementor-element-5e38082 elementor-widget__width-auto wd-single-price text-left elementor-widget elementor-widget-wd_single_product_price\" data-id=\"5e38082\" data-element_type=\"widget\" data-widget_type=\"wd_single_product_price.default\">\n<div class=\"elementor-widget-container\"><\/div>\n<\/div>\n<\/div>\n<\/div>","protected":false},"featured_media":8947,"comment_status":"open","ping_status":"closed","template":"","meta":{"_acf_changed":false,"content-type":"","_monsterinsights_skip_tracking":false,"_monsterinsights_sitenote_active":false,"_monsterinsights_sitenote_note":"","_monsterinsights_sitenote_category":0},"pwb-brand":[],"product_brand":[],"product_cat":[79],"product_tag":[33],"class_list":{"0":"post-7957","1":"product","2":"type-product","3":"status-publish","4":"has-post-thumbnail","6":"product_cat-pellets-granules-de-bois","7":"product_tag-ajoutez-880-00e-a-votre-panier-et-beneficiez-de-la-livraison-gratuite","9":"first","10":"instock","11":"taxable","12":"shipping-taxable","13":"purchasable","14":"product-type-simple"},"acf":[],"aioseo_notices":[],"brands":[],"_links":{"self":[{"href":"https:\/\/www.buches-chaleor.com\/fr\/wp-json\/wp\/v2\/product\/7957","targetHints":{"allow":["GET"]}}],"collection":[{"href":"https:\/\/www.buches-chaleor.com\/fr\/wp-json\/wp\/v2\/product"}],"about":[{"href":"https:\/\/www.buches-chaleor.com\/fr\/wp-json\/wp\/v2\/types\/product"}],"replies":[{"embeddable":true,"href":"https:\/\/www.buches-chaleor.com\/fr\/wp-json\/wp\/v2\/comments?post=7957"}],"wp:featuredmedia":[{"embeddable":true,"href":"https:\/\/www.buches-chaleor.com\/fr\/wp-json\/wp\/v2\/media\/8947"}],"wp:attachment":[{"href":"https:\/\/www.buches-chaleor.com\/fr\/wp-json\/wp\/v2\/media?parent=7957"}],"wp:term":[{"taxonomy":"pwb-brand","embeddable":true,"href":"https:\/\/www.buches-chaleor.com\/fr\/wp-json\/wp\/v2\/pwb-brand?post=7957"},{"taxonomy":"product_brand","embeddable":true,"href":"https:\/\/www.buches-chaleor.com\/fr\/wp-json\/wp\/v2\/product_brand?post=7957"},{"taxonomy":"product_cat","embeddable":true,"href":"https:\/\/www.buches-chaleor.com\/fr\/wp-json\/wp\/v2\/product_cat?post=7957"},{"taxonomy":"product_tag","embeddable":true,"href":"https:\/\/www.buches-chaleor.com\/fr\/wp-json\/wp\/v2\/product_tag?post=7957"}],"curies":[{"name":"wp","href":"https:\/\/api.w.org\/{rel}","templated":true}]}}